{"id":10927,"date":"2024-02-20T12:28:34","date_gmt":"2024-02-20T11:28:34","guid":{"rendered":"https:\/\/www.valaz.es\/?post_type=product&#038;p=10927"},"modified":"2026-04-13T12:55:16","modified_gmt":"2026-04-13T10:55:16","slug":"grifo-de-lavabo-monomando-alto-para-pica-cuadrado-negro-mate-maneta-hueca-serie-cabrera","status":"publish","type":"product","link":"https:\/\/www.valaz.es\/fr\/produit\/grifo-de-lavabo-monomando-alto-para-pica-cuadrado-negro-mate-maneta-hueca-serie-cabrera\/","title":{"rendered":"Grifo de lavabo monomando alto para pica cuadrado negro mate maneta hueca &#8211; Serie Cabrera"},"content":{"rendered":"<p class=\"\" data-start=\"95\" data-end=\"488\">El <strong data-start=\"117\" data-end=\"161\">grifo de lavabo monomando alto para pica<\/strong> de la <strong data-start=\"168\" data-end=\"185\">Serie Cabrera<\/strong> es la elecci\u00f3n perfecta para quienes buscan un dise\u00f1o moderno y minimalista. Su <strong data-start=\"266\" data-end=\"288\">acabado negro mate<\/strong> y <strong data-start=\"291\" data-end=\"307\">maneta hueca<\/strong> a\u00f1aden un toque elegante y sofisticado a cualquier ba\u00f1o. Con un ca\u00f1o alto, es ideal para picas o lavabos de tama\u00f1o generoso, proporcionando un flujo de agua controlado y eficiente.<\/p>\n<p class=\"\" data-start=\"490\" data-end=\"512\"><strong data-start=\"490\" data-end=\"510\">Caracter\u00edsticas:<\/strong><\/p>\n<ul data-start=\"513\" data-end=\"968\">\n<li class=\"\" data-start=\"513\" data-end=\"649\">\n<p class=\"\" data-start=\"515\" data-end=\"649\"><strong data-start=\"515\" data-end=\"538\">Cuerpo de grifer\u00eda:<\/strong> Fabricado en <strong data-start=\"552\" data-end=\"561\">lat\u00f3n<\/strong> de alta calidad con un acabado <strong data-start=\"593\" data-end=\"607\">negro mate<\/strong> que aporta un toque moderno y elegante.<\/p>\n<\/li>\n<li class=\"\" data-start=\"650\" data-end=\"727\">\n<p class=\"\" data-start=\"652\" data-end=\"727\"><strong data-start=\"652\" data-end=\"682\">Cartucho cer\u00e1mico de 35 mm<\/strong> para un control preciso del flujo de agua.<\/p>\n<\/li>\n<li class=\"\" data-start=\"728\" data-end=\"825\">\n<p class=\"\" data-start=\"730\" data-end=\"825\"><strong data-start=\"730\" data-end=\"746\">Maneta hueca<\/strong> que no solo facilita su uso, sino que tambi\u00e9n aporta un dise\u00f1o vanguardista.<\/p>\n<\/li>\n<li class=\"\" data-start=\"826\" data-end=\"890\">\n<p class=\"\" data-start=\"828\" data-end=\"890\"><strong data-start=\"828\" data-end=\"857\">Latiguillos 3\/8 incluidos<\/strong> para una instalaci\u00f3n sencilla.<\/p>\n<\/li>\n<li class=\"\" data-start=\"891\" data-end=\"968\">\n<p class=\"\" data-start=\"893\" data-end=\"968\"><strong data-start=\"893\" data-end=\"912\">Dise\u00f1o cuadrado<\/strong> que aporta un aire contempor\u00e1neo y minimalista al ba\u00f1o.<\/p>\n<\/li>\n<\/ul>\n<p class=\"\" data-start=\"970\" data-end=\"984\"><strong data-start=\"970\" data-end=\"982\">Acabado:<\/strong><\/p>\n<ul data-start=\"985\" data-end=\"1093\">\n<li class=\"\" data-start=\"985\" data-end=\"1093\">\n<p class=\"\" data-start=\"987\" data-end=\"1093\"><strong data-start=\"987\" data-end=\"1001\">Negro mate<\/strong>, ideal para crear contrastes y complementar ba\u00f1os con decoraciones modernas o industriales.<\/p>\n<\/li>\n<\/ul>\n","protected":false},"excerpt":{"rendered":"<p>El grifo de lavabo monomando alto para pica de la  [&#8230;]<\/p>\n","protected":false},"featured_media":10928,"template":"","meta":[],"product_brand":[],"product_cat":[48],"product_tag":[],"serie":[378],"manual-de-instalacion":[83],"color":[27],"class_list":{"0":"post-10927","1":"product","2":"type-product","3":"status-publish","4":"has-post-thumbnail","6":"product_cat-grifos-de-lavabo","7":"serie-cabrera","8":"manual-de-instalacion-guia-instalacion-grifo-superficie","9":"color-negro-mate","11":"first","12":"instock","13":"taxable","14":"shipping-taxable","15":"product-type-simple"},"_links":{"self":[{"href":"https:\/\/www.valaz.es\/fr\/wp-json\/wp\/v2\/product\/10927","targetHints":{"allow":["GET"]}}],"collection":[{"href":"https:\/\/www.valaz.es\/fr\/wp-json\/wp\/v2\/product"}],"about":[{"href":"https:\/\/www.valaz.es\/fr\/wp-json\/wp\/v2\/types\/product"}],"wp:featuredmedia":[{"embeddable":true,"href":"https:\/\/www.valaz.es\/fr\/wp-json\/wp\/v2\/media\/10928"}],"wp:attachment":[{"href":"https:\/\/www.valaz.es\/fr\/wp-json\/wp\/v2\/media?parent=10927"}],"wp:term":[{"taxonomy":"product_brand","embeddable":true,"href":"https:\/\/www.valaz.es\/fr\/wp-json\/wp\/v2\/product_brand?post=10927"},{"taxonomy":"product_cat","embeddable":true,"href":"https:\/\/www.valaz.es\/fr\/wp-json\/wp\/v2\/product_cat?post=10927"},{"taxonomy":"product_tag","embeddable":true,"href":"https:\/\/www.valaz.es\/fr\/wp-json\/wp\/v2\/product_tag?post=10927"},{"taxonomy":"serie","embeddable":true,"href":"https:\/\/www.valaz.es\/fr\/wp-json\/wp\/v2\/serie?post=10927"},{"taxonomy":"manual-de-instalacion","embeddable":true,"href":"https:\/\/www.valaz.es\/fr\/wp-json\/wp\/v2\/manual-de-instalacion?post=10927"},{"taxonomy":"color","embeddable":true,"href":"https:\/\/www.valaz.es\/fr\/wp-json\/wp\/v2\/color?post=10927"}],"curies":[{"name":"wp","href":"https:\/\/api.w.org\/{rel}","templated":true}]}}