{"id":10849,"date":"2024-02-14T15:53:59","date_gmt":"2024-02-14T14:53:59","guid":{"rendered":"https:\/\/www.valaz.es\/?post_type=product&#038;p=10849"},"modified":"2025-09-02T17:19:14","modified_gmt":"2025-09-02T15:19:14","slug":"grifo-de-bide-monomando-cano-recto-acabado-maneta-luxury-cromado-serie-casares","status":"publish","type":"product","link":"https:\/\/www.valaz.es\/fr\/produit\/grifo-de-bide-monomando-cano-recto-acabado-maneta-luxury-cromado-serie-casares\/","title":{"rendered":"Grifo de bid\u00e9 monomando ca\u00f1o recto acabado maneta luxury cromado &#8211; Serie Casares"},"content":{"rendered":"<p class=\"\" data-start=\"86\" data-end=\"479\">El <strong data-start=\"108\" data-end=\"135\">grifo de bid\u00e9 monomando<\/strong> de la <strong data-start=\"142\" data-end=\"159\">Serie Casares<\/strong> con <strong data-start=\"164\" data-end=\"178\">ca\u00f1o recto<\/strong> y <strong data-start=\"181\" data-end=\"200\">acabado cromado<\/strong> es una opci\u00f3n moderna y elegante para tu ba\u00f1o. Su dise\u00f1o sencillo pero sofisticado se adapta perfectamente a cualquier estilo de decoraci\u00f3n. La <strong data-start=\"345\" data-end=\"362\">maneta luxury<\/strong> proporciona un control preciso y c\u00f3modo del agua, y su acabado cromado le da un toque brillante y f\u00e1cil de mantener.<\/p>\n<p class=\"\" data-start=\"481\" data-end=\"503\"><strong data-start=\"481\" data-end=\"501\">Caracter\u00edsticas:<\/strong><\/p>\n<ul data-start=\"504\" data-end=\"950\">\n<li class=\"\" data-start=\"504\" data-end=\"610\">\n<p class=\"\" data-start=\"506\" data-end=\"610\"><strong data-start=\"506\" data-end=\"519\">Material:<\/strong> Fabricado con <strong data-start=\"534\" data-end=\"551\">lat\u00f3n cromado<\/strong> para una mayor durabilidad y resistencia a la corrosi\u00f3n.<\/p>\n<\/li>\n<li class=\"\" data-start=\"611\" data-end=\"702\">\n<p class=\"\" data-start=\"613\" data-end=\"702\"><strong data-start=\"613\" data-end=\"643\">Cartucho cer\u00e1mico de 35 mm<\/strong>, asegurando un funcionamiento suave y preciso del grifo.<\/p>\n<\/li>\n<li class=\"\" data-start=\"703\" data-end=\"767\">\n<p class=\"\" data-start=\"705\" data-end=\"767\"><strong data-start=\"705\" data-end=\"734\">Latiguillos 3\/8 incluidos<\/strong> para facilitar la instalaci\u00f3n.<\/p>\n<\/li>\n<li class=\"\" data-start=\"768\" data-end=\"838\">\n<p class=\"\" data-start=\"770\" data-end=\"838\"><strong data-start=\"770\" data-end=\"784\">Ca\u00f1o recto<\/strong>, ideal para una salida de agua directa y eficiente.<\/p>\n<\/li>\n<li class=\"\" data-start=\"839\" data-end=\"950\">\n<p class=\"\" data-start=\"841\" data-end=\"950\"><strong data-start=\"841\" data-end=\"858\">Maneta luxury<\/strong>, proporcionando un toque elegante y un control f\u00e1cil de la temperatura y el flujo del agua.<\/p>\n<\/li>\n<\/ul>\n<p class=\"\" data-start=\"952\" data-end=\"966\"><strong data-start=\"952\" data-end=\"964\">Acabado:<\/strong><\/p>\n<ul data-start=\"967\" data-end=\"1127\">\n<li class=\"\" data-start=\"967\" data-end=\"1057\">\n<p class=\"\" data-start=\"969\" data-end=\"1057\"><strong data-start=\"969\" data-end=\"980\">Cromado<\/strong>, con un acabado brillante que aporta un aspecto pulido y limpio a tu ba\u00f1o.<\/p>\n<\/li>\n<li class=\"\" data-start=\"1058\" data-end=\"1127\">\n<p class=\"\" data-start=\"1060\" data-end=\"1127\"><strong data-start=\"1060\" data-end=\"1089\">Estilo elegante y moderno<\/strong>, ideal para ambientes contempor\u00e1neos.<\/p>\n<\/li>\n<\/ul>\n","protected":false},"excerpt":{"rendered":"<p>El grifo de bid\u00e9 monomando de la Serie Casares con  [&#8230;]<\/p>\n","protected":false},"featured_media":10832,"template":"","meta":[],"product_brand":[],"product_cat":[54],"product_tag":[],"serie":[398],"manual-de-instalacion":[83],"color":[26],"class_list":{"0":"post-10849","1":"product","2":"type-product","3":"status-publish","4":"has-post-thumbnail","6":"product_cat-grifos-de-bidet","7":"serie-casares","8":"manual-de-instalacion-guia-instalacion-grifo-superficie","9":"color-cromo","11":"first","12":"instock","13":"taxable","14":"shipping-taxable","15":"product-type-simple"},"_links":{"self":[{"href":"https:\/\/www.valaz.es\/fr\/wp-json\/wp\/v2\/product\/10849","targetHints":{"allow":["GET"]}}],"collection":[{"href":"https:\/\/www.valaz.es\/fr\/wp-json\/wp\/v2\/product"}],"about":[{"href":"https:\/\/www.valaz.es\/fr\/wp-json\/wp\/v2\/types\/product"}],"wp:featuredmedia":[{"embeddable":true,"href":"https:\/\/www.valaz.es\/fr\/wp-json\/wp\/v2\/media\/10832"}],"wp:attachment":[{"href":"https:\/\/www.valaz.es\/fr\/wp-json\/wp\/v2\/media?parent=10849"}],"wp:term":[{"taxonomy":"product_brand","embeddable":true,"href":"https:\/\/www.valaz.es\/fr\/wp-json\/wp\/v2\/product_brand?post=10849"},{"taxonomy":"product_cat","embeddable":true,"href":"https:\/\/www.valaz.es\/fr\/wp-json\/wp\/v2\/product_cat?post=10849"},{"taxonomy":"product_tag","embeddable":true,"href":"https:\/\/www.valaz.es\/fr\/wp-json\/wp\/v2\/product_tag?post=10849"},{"taxonomy":"serie","embeddable":true,"href":"https:\/\/www.valaz.es\/fr\/wp-json\/wp\/v2\/serie?post=10849"},{"taxonomy":"manual-de-instalacion","embeddable":true,"href":"https:\/\/www.valaz.es\/fr\/wp-json\/wp\/v2\/manual-de-instalacion?post=10849"},{"taxonomy":"color","embeddable":true,"href":"https:\/\/www.valaz.es\/fr\/wp-json\/wp\/v2\/color?post=10849"}],"curies":[{"name":"wp","href":"https:\/\/api.w.org\/{rel}","templated":true}]}}