{"id":10559,"date":"2024-02-01T17:09:26","date_gmt":"2024-02-01T16:09:26","guid":{"rendered":"https:\/\/www.valaz.es\/?post_type=product&#038;p=10559"},"modified":"2025-07-25T11:54:23","modified_gmt":"2025-07-25T09:54:23","slug":"accesorios-de-bano-en-acero-cepillado-toallero-40cm-percha-portarollos","status":"publish","type":"product","link":"https:\/\/www.valaz.es\/fr\/produit\/accesorios-de-bano-en-acero-cepillado-toallero-40cm-percha-portarollos\/","title":{"rendered":"Accesorios de ba\u00f1o en acero cepillado Toallero 40cm+ Percha+ Portarollos"},"content":{"rendered":"<p class=\"\" data-start=\"84\" data-end=\"305\">Pack de <strong data-start=\"92\" data-end=\"133\">accesorios de ba\u00f1o en acero cepillado<\/strong>, dise\u00f1ado para ofrecer funcionalidad y un toque moderno a tu espacio. Fabricados en <strong data-start=\"218\" data-end=\"245\">acero inoxidable SUS304<\/strong>, garantizan resistencia y durabilidad en ambientes h\u00famedos.<\/p>\n<p class=\"\" data-start=\"307\" data-end=\"319\"><strong data-start=\"307\" data-end=\"319\">Incluye:<\/strong><\/p>\n<ul data-start=\"320\" data-end=\"439\">\n<li class=\"\" data-start=\"320\" data-end=\"378\">\n<p class=\"\" data-start=\"322\" data-end=\"378\"><strong data-start=\"322\" data-end=\"343\">Toallero de 40 cm<\/strong> (40 cm exterior, 35 cm interior)<\/p>\n<\/li>\n<li class=\"\" data-start=\"379\" data-end=\"399\">\n<p class=\"\" data-start=\"381\" data-end=\"399\"><strong data-start=\"381\" data-end=\"397\">Portarrollos<\/strong><\/p>\n<\/li>\n<li class=\"\" data-start=\"400\" data-end=\"439\">\n<p class=\"\" data-start=\"402\" data-end=\"439\"><strong data-start=\"402\" data-end=\"422\">1, 2 o 3 perchas<\/strong> (seg\u00fan elecci\u00f3n)<\/p>\n<\/li>\n<\/ul>\n<p class=\"\" data-start=\"441\" data-end=\"461\"><strong data-start=\"441\" data-end=\"461\">Caracter\u00edsticas:<\/strong><\/p>\n<ul data-start=\"462\" data-end=\"650\">\n<li class=\"\" data-start=\"462\" data-end=\"536\">\n<p class=\"\" data-start=\"464\" data-end=\"536\">Fabricados en <strong data-start=\"478\" data-end=\"505\">acero inoxidable SUS304<\/strong>, resistentes a la corrosi\u00f3n.<\/p>\n<\/li>\n<li class=\"\" data-start=\"537\" data-end=\"591\">\n<p class=\"\" data-start=\"539\" data-end=\"591\">Acabado <strong data-start=\"547\" data-end=\"566\">acero cepillado<\/strong>, elegante y atemporal.<\/p>\n<\/li>\n<li class=\"\" data-start=\"592\" data-end=\"650\">\n<p class=\"\" data-start=\"594\" data-end=\"650\">Dise\u00f1o minimalista y pr\u00e1ctico para ba\u00f1os contempor\u00e1neos.<\/p>\n<\/li>\n<\/ul>\n","protected":false},"excerpt":{"rendered":"<p>Pack de accesorios de ba\u00f1o en acero cepillado, dise\u00f1ado para  [&#8230;]<\/p>\n","protected":false},"featured_media":10539,"template":"","meta":[],"product_brand":[],"product_cat":[388,70],"product_tag":[],"serie":[],"manual-de-instalacion":[],"color":[28],"class_list":{"0":"post-10559","1":"product","2":"type-product","3":"status-publish","4":"has-post-thumbnail","6":"product_cat-accesorios-2","7":"product_cat-accesorios","8":"color-acero-cepillado","10":"first","11":"instock","12":"taxable","13":"shipping-taxable","14":"product-type-variable"},"_links":{"self":[{"href":"https:\/\/www.valaz.es\/fr\/wp-json\/wp\/v2\/product\/10559","targetHints":{"allow":["GET"]}}],"collection":[{"href":"https:\/\/www.valaz.es\/fr\/wp-json\/wp\/v2\/product"}],"about":[{"href":"https:\/\/www.valaz.es\/fr\/wp-json\/wp\/v2\/types\/product"}],"wp:featuredmedia":[{"embeddable":true,"href":"https:\/\/www.valaz.es\/fr\/wp-json\/wp\/v2\/media\/10539"}],"wp:attachment":[{"href":"https:\/\/www.valaz.es\/fr\/wp-json\/wp\/v2\/media?parent=10559"}],"wp:term":[{"taxonomy":"product_brand","embeddable":true,"href":"https:\/\/www.valaz.es\/fr\/wp-json\/wp\/v2\/product_brand?post=10559"},{"taxonomy":"product_cat","embeddable":true,"href":"https:\/\/www.valaz.es\/fr\/wp-json\/wp\/v2\/product_cat?post=10559"},{"taxonomy":"product_tag","embeddable":true,"href":"https:\/\/www.valaz.es\/fr\/wp-json\/wp\/v2\/product_tag?post=10559"},{"taxonomy":"serie","embeddable":true,"href":"https:\/\/www.valaz.es\/fr\/wp-json\/wp\/v2\/serie?post=10559"},{"taxonomy":"manual-de-instalacion","embeddable":true,"href":"https:\/\/www.valaz.es\/fr\/wp-json\/wp\/v2\/manual-de-instalacion?post=10559"},{"taxonomy":"color","embeddable":true,"href":"https:\/\/www.valaz.es\/fr\/wp-json\/wp\/v2\/color?post=10559"}],"curies":[{"name":"wp","href":"https:\/\/api.w.org\/{rel}","templated":true}]}}