{"id":10558,"date":"2024-02-01T17:09:18","date_gmt":"2024-02-01T16:09:18","guid":{"rendered":"https:\/\/www.valaz.es\/?post_type=product&#038;p=10558"},"modified":"2026-04-15T13:41:19","modified_gmt":"2026-04-15T11:41:19","slug":"accesorios-de-bano-en-negro-mate-toallero-40cm-percha-portarollos","status":"publish","type":"product","link":"https:\/\/www.valaz.es\/fr\/produit\/accesorios-de-bano-en-negro-mate-toallero-40cm-percha-portarollos\/","title":{"rendered":"Accesorios de ba\u00f1o en negro mate Toallero 40cm+ Percha+ Portarollos"},"content":{"rendered":"<p class=\"\" data-start=\"79\" data-end=\"271\">Conjunto de <strong data-start=\"91\" data-end=\"135\">accesorios de ba\u00f1o en acabado negro mate<\/strong>, ideal para un estilo moderno y elegante. Fabricados en <strong data-start=\"192\" data-end=\"219\">acero inoxidable SUS304<\/strong>, garantizan durabilidad y resistencia a la humedad.<\/p>\n<p class=\"\" data-start=\"273\" data-end=\"285\"><strong data-start=\"273\" data-end=\"285\">Incluye:<\/strong><\/p>\n<ul data-start=\"286\" data-end=\"399\">\n<li class=\"\" data-start=\"286\" data-end=\"344\">\n<p class=\"\" data-start=\"288\" data-end=\"344\"><strong data-start=\"288\" data-end=\"309\">Toallero de 40 cm<\/strong> (40 cm exterior, 35 cm interior)<\/p>\n<\/li>\n<li class=\"\" data-start=\"345\" data-end=\"365\">\n<p class=\"\" data-start=\"347\" data-end=\"365\"><strong data-start=\"347\" data-end=\"363\">Portarrollos<\/strong><\/p>\n<\/li>\n<li class=\"\" data-start=\"366\" data-end=\"399\">\n<p class=\"\" data-start=\"368\" data-end=\"399\"><strong data-start=\"368\" data-end=\"388\">1, 2 o 3 perchas<\/strong> (a elegir)<\/p>\n<\/li>\n<\/ul>\n<p class=\"\" data-start=\"401\" data-end=\"421\"><strong data-start=\"401\" data-end=\"421\">Caracter\u00edsticas:<\/strong><\/p>\n<ul data-start=\"422\" data-end=\"587\">\n<li class=\"\" data-start=\"422\" data-end=\"463\">\n<p class=\"\" data-start=\"424\" data-end=\"463\">Material: <strong data-start=\"434\" data-end=\"461\">acero inoxidable SUS304<\/strong><\/p>\n<\/li>\n<li class=\"\" data-start=\"464\" data-end=\"514\">\n<p class=\"\" data-start=\"466\" data-end=\"514\">Acabado <strong data-start=\"474\" data-end=\"488\">negro mate<\/strong>, sobrio y contempor\u00e1neo<\/p>\n<\/li>\n<li class=\"\" data-start=\"515\" data-end=\"587\">\n<p class=\"\" data-start=\"517\" data-end=\"587\">Dise\u00f1o minimalista que se integra f\u00e1cilmente en cualquier tipo de ba\u00f1o<\/p>\n<\/li>\n<\/ul>\n","protected":false},"excerpt":{"rendered":"<p>Conjunto de accesorios de ba\u00f1o en acabado negro mate, ideal  [&#8230;]<\/p>\n","protected":false},"featured_media":10547,"template":"","meta":[],"product_brand":[],"product_cat":[388,70],"product_tag":[],"serie":[],"manual-de-instalacion":[],"color":[27],"class_list":{"0":"post-10558","1":"product","2":"type-product","3":"status-publish","4":"has-post-thumbnail","6":"product_cat-accesorios-2","7":"product_cat-accesorios","8":"color-negro-mate","10":"first","11":"instock","12":"taxable","13":"shipping-taxable","14":"product-type-variable"},"_links":{"self":[{"href":"https:\/\/www.valaz.es\/fr\/wp-json\/wp\/v2\/product\/10558","targetHints":{"allow":["GET"]}}],"collection":[{"href":"https:\/\/www.valaz.es\/fr\/wp-json\/wp\/v2\/product"}],"about":[{"href":"https:\/\/www.valaz.es\/fr\/wp-json\/wp\/v2\/types\/product"}],"wp:featuredmedia":[{"embeddable":true,"href":"https:\/\/www.valaz.es\/fr\/wp-json\/wp\/v2\/media\/10547"}],"wp:attachment":[{"href":"https:\/\/www.valaz.es\/fr\/wp-json\/wp\/v2\/media?parent=10558"}],"wp:term":[{"taxonomy":"product_brand","embeddable":true,"href":"https:\/\/www.valaz.es\/fr\/wp-json\/wp\/v2\/product_brand?post=10558"},{"taxonomy":"product_cat","embeddable":true,"href":"https:\/\/www.valaz.es\/fr\/wp-json\/wp\/v2\/product_cat?post=10558"},{"taxonomy":"product_tag","embeddable":true,"href":"https:\/\/www.valaz.es\/fr\/wp-json\/wp\/v2\/product_tag?post=10558"},{"taxonomy":"serie","embeddable":true,"href":"https:\/\/www.valaz.es\/fr\/wp-json\/wp\/v2\/serie?post=10558"},{"taxonomy":"manual-de-instalacion","embeddable":true,"href":"https:\/\/www.valaz.es\/fr\/wp-json\/wp\/v2\/manual-de-instalacion?post=10558"},{"taxonomy":"color","embeddable":true,"href":"https:\/\/www.valaz.es\/fr\/wp-json\/wp\/v2\/color?post=10558"}],"curies":[{"name":"wp","href":"https:\/\/api.w.org\/{rel}","templated":true}]}}