{"id":10557,"date":"2024-02-02T13:12:38","date_gmt":"2024-02-02T12:12:38","guid":{"rendered":"https:\/\/www.valaz.es\/?post_type=product&#038;p=10557"},"modified":"2025-11-07T18:54:25","modified_gmt":"2025-11-07T17:54:25","slug":"accesorios-de-bano-en-oro-mate-con-proteccion-pvd-toallero-40cm-percha-portarrollos","status":"publish","type":"product","link":"https:\/\/www.valaz.es\/fr\/produit\/accesorios-de-bano-en-oro-mate-con-proteccion-pvd-toallero-40cm-percha-portarrollos\/","title":{"rendered":"Accesorios de ba\u00f1o en oro mate con protecci\u00f3n PVD Toallero 40cm+ Percha+ Portarrollos"},"content":{"rendered":"<p class=\"\" data-start=\"96\" data-end=\"253\">Completa tu ba\u00f1o con este set de <strong data-start=\"129\" data-end=\"184\">accesorios en oro mate cepillado con protecci\u00f3n PVD<\/strong>, elegantes y resistentes, fabricados en <strong data-start=\"225\" data-end=\"252\">acero inoxidable SUS304<\/strong>.<\/p>\n<p class=\"\" data-start=\"255\" data-end=\"267\"><strong data-start=\"255\" data-end=\"267\">Incluye:<\/strong><\/p>\n<ul data-start=\"268\" data-end=\"377\">\n<li class=\"\" data-start=\"268\" data-end=\"324\">\n<p class=\"\" data-start=\"270\" data-end=\"324\"><strong data-start=\"270\" data-end=\"291\">Toallero de 40 cm<\/strong> (40 cm exterior, 35 cm interior)<\/p>\n<\/li>\n<li class=\"\" data-start=\"325\" data-end=\"343\">\n<p class=\"\" data-start=\"327\" data-end=\"343\"><strong data-start=\"327\" data-end=\"343\">Portarrollos<\/strong><\/p>\n<\/li>\n<li class=\"\" data-start=\"344\" data-end=\"377\">\n<p class=\"\" data-start=\"346\" data-end=\"377\"><strong data-start=\"346\" data-end=\"366\">1, 2 o 3 perchas<\/strong> (a elegir)<\/p>\n<\/li>\n<\/ul>\n<p class=\"\" data-start=\"379\" data-end=\"399\"><strong data-start=\"379\" data-end=\"399\">Caracter\u00edsticas:<\/strong><\/p>\n<ul data-start=\"400\" data-end=\"655\">\n<li class=\"\" data-start=\"400\" data-end=\"508\">\n<p class=\"\" data-start=\"402\" data-end=\"508\">Acabado: <strong data-start=\"411\" data-end=\"433\">Oro mate cepillado<\/strong> con <strong data-start=\"438\" data-end=\"456\">protecci\u00f3n PVD<\/strong> para mayor durabilidad y resistencia al desgaste.<\/p>\n<\/li>\n<li class=\"\" data-start=\"509\" data-end=\"587\">\n<p class=\"\" data-start=\"511\" data-end=\"587\">Fabricados en <strong data-start=\"525\" data-end=\"552\">acero inoxidable SUS304<\/strong>, ideales para ambientes h\u00famedos.<\/p>\n<\/li>\n<li class=\"\" data-start=\"588\" data-end=\"655\">\n<p class=\"\" data-start=\"590\" data-end=\"655\">Dise\u00f1o moderno y sofisticado, perfecto para ba\u00f1os contempor\u00e1neos.<\/p>\n<\/li>\n<\/ul>\n","protected":false},"excerpt":{"rendered":"<p>Completa tu ba\u00f1o con este set de accesorios en oro  [&#8230;]<\/p>\n","protected":false},"featured_media":10641,"template":"","meta":[],"product_brand":[],"product_cat":[388,70],"product_tag":[],"serie":[],"manual-de-instalacion":[],"color":[350],"class_list":{"0":"post-10557","1":"product","2":"type-product","3":"status-publish","4":"has-post-thumbnail","6":"product_cat-accesorios-2","7":"product_cat-accesorios","8":"color-oro-mate-cepillado","10":"first","11":"instock","12":"taxable","13":"shipping-taxable","14":"product-type-variable"},"_links":{"self":[{"href":"https:\/\/www.valaz.es\/fr\/wp-json\/wp\/v2\/product\/10557","targetHints":{"allow":["GET"]}}],"collection":[{"href":"https:\/\/www.valaz.es\/fr\/wp-json\/wp\/v2\/product"}],"about":[{"href":"https:\/\/www.valaz.es\/fr\/wp-json\/wp\/v2\/types\/product"}],"wp:featuredmedia":[{"embeddable":true,"href":"https:\/\/www.valaz.es\/fr\/wp-json\/wp\/v2\/media\/10641"}],"wp:attachment":[{"href":"https:\/\/www.valaz.es\/fr\/wp-json\/wp\/v2\/media?parent=10557"}],"wp:term":[{"taxonomy":"product_brand","embeddable":true,"href":"https:\/\/www.valaz.es\/fr\/wp-json\/wp\/v2\/product_brand?post=10557"},{"taxonomy":"product_cat","embeddable":true,"href":"https:\/\/www.valaz.es\/fr\/wp-json\/wp\/v2\/product_cat?post=10557"},{"taxonomy":"product_tag","embeddable":true,"href":"https:\/\/www.valaz.es\/fr\/wp-json\/wp\/v2\/product_tag?post=10557"},{"taxonomy":"serie","embeddable":true,"href":"https:\/\/www.valaz.es\/fr\/wp-json\/wp\/v2\/serie?post=10557"},{"taxonomy":"manual-de-instalacion","embeddable":true,"href":"https:\/\/www.valaz.es\/fr\/wp-json\/wp\/v2\/manual-de-instalacion?post=10557"},{"taxonomy":"color","embeddable":true,"href":"https:\/\/www.valaz.es\/fr\/wp-json\/wp\/v2\/color?post=10557"}],"curies":[{"name":"wp","href":"https:\/\/api.w.org\/{rel}","templated":true}]}}