{"id":10526,"date":"2024-02-01T17:09:22","date_gmt":"2024-02-01T16:09:22","guid":{"rendered":"https:\/\/www.valaz.es\/?post_type=product&#038;p=10526"},"modified":"2026-04-16T14:20:58","modified_gmt":"2026-04-16T12:20:58","slug":"accesorios-de-bano-en-cromado-toallero-40cm-percha-portarollos","status":"publish","type":"product","link":"https:\/\/www.valaz.es\/fr\/produit\/accesorios-de-bano-en-cromado-toallero-40cm-percha-portarollos\/","title":{"rendered":"Accesorios de ba\u00f1o en cromado Toallero 40cm+ Percha+ Portarollos"},"content":{"rendered":"<p class=\"\" data-start=\"76\" data-end=\"261\">Conjunto de <strong data-start=\"88\" data-end=\"129\">accesorios de ba\u00f1o en acabado cromado<\/strong>, ideal para aportar brillo y un estilo moderno a tu ba\u00f1o. Fabricados en <strong data-start=\"202\" data-end=\"229\">acero inoxidable SUS304<\/strong>, combinan resistencia y dise\u00f1o.<\/p>\n<p class=\"\" data-start=\"263\" data-end=\"275\"><strong data-start=\"263\" data-end=\"275\">Incluye:<\/strong><\/p>\n<ul data-start=\"276\" data-end=\"389\">\n<li class=\"\" data-start=\"276\" data-end=\"334\">\n<p class=\"\" data-start=\"278\" data-end=\"334\"><strong data-start=\"278\" data-end=\"299\">Toallero de 40 cm<\/strong> (40 cm exterior, 35 cm interior)<\/p>\n<\/li>\n<li class=\"\" data-start=\"335\" data-end=\"355\">\n<p class=\"\" data-start=\"337\" data-end=\"355\"><strong data-start=\"337\" data-end=\"353\">Portarrollos<\/strong><\/p>\n<\/li>\n<li class=\"\" data-start=\"356\" data-end=\"389\">\n<p class=\"\" data-start=\"358\" data-end=\"389\"><strong data-start=\"358\" data-end=\"378\">1, 2 o 3 perchas<\/strong> (a elegir)<\/p>\n<\/li>\n<\/ul>\n<p class=\"\" data-start=\"391\" data-end=\"411\"><strong data-start=\"391\" data-end=\"411\">Caracter\u00edsticas:<\/strong><\/p>\n<ul data-start=\"412\" data-end=\"624\">\n<li class=\"\" data-start=\"412\" data-end=\"499\">\n<p class=\"\" data-start=\"414\" data-end=\"499\">Material: <strong data-start=\"424\" data-end=\"451\">acero inoxidable SUS304<\/strong>, alta durabilidad y resistencia a la humedad.<\/p>\n<\/li>\n<li class=\"\" data-start=\"500\" data-end=\"546\">\n<p class=\"\" data-start=\"502\" data-end=\"546\">Acabado <strong data-start=\"510\" data-end=\"521\">cromado<\/strong>, limpio y sofisticado.<\/p>\n<\/li>\n<li class=\"\" data-start=\"547\" data-end=\"624\">\n<p class=\"\" data-start=\"549\" data-end=\"624\">Estilo funcional y contempor\u00e1neo, f\u00e1cil de combinar con cualquier grifer\u00eda.<\/p>\n<\/li>\n<\/ul>\n","protected":false},"excerpt":{"rendered":"<p>Conjunto de accesorios de ba\u00f1o en acabado cromado, ideal para  [&#8230;]<\/p>\n","protected":false},"featured_media":10535,"template":"","meta":[],"product_brand":[],"product_cat":[388,70],"product_tag":[],"serie":[],"manual-de-instalacion":[],"color":[26],"class_list":{"0":"post-10526","1":"product","2":"type-product","3":"status-publish","4":"has-post-thumbnail","6":"product_cat-accesorios-2","7":"product_cat-accesorios","8":"color-cromo","10":"first","11":"outofstock","12":"taxable","13":"shipping-taxable","14":"product-type-variable"},"_links":{"self":[{"href":"https:\/\/www.valaz.es\/fr\/wp-json\/wp\/v2\/product\/10526","targetHints":{"allow":["GET"]}}],"collection":[{"href":"https:\/\/www.valaz.es\/fr\/wp-json\/wp\/v2\/product"}],"about":[{"href":"https:\/\/www.valaz.es\/fr\/wp-json\/wp\/v2\/types\/product"}],"wp:featuredmedia":[{"embeddable":true,"href":"https:\/\/www.valaz.es\/fr\/wp-json\/wp\/v2\/media\/10535"}],"wp:attachment":[{"href":"https:\/\/www.valaz.es\/fr\/wp-json\/wp\/v2\/media?parent=10526"}],"wp:term":[{"taxonomy":"product_brand","embeddable":true,"href":"https:\/\/www.valaz.es\/fr\/wp-json\/wp\/v2\/product_brand?post=10526"},{"taxonomy":"product_cat","embeddable":true,"href":"https:\/\/www.valaz.es\/fr\/wp-json\/wp\/v2\/product_cat?post=10526"},{"taxonomy":"product_tag","embeddable":true,"href":"https:\/\/www.valaz.es\/fr\/wp-json\/wp\/v2\/product_tag?post=10526"},{"taxonomy":"serie","embeddable":true,"href":"https:\/\/www.valaz.es\/fr\/wp-json\/wp\/v2\/serie?post=10526"},{"taxonomy":"manual-de-instalacion","embeddable":true,"href":"https:\/\/www.valaz.es\/fr\/wp-json\/wp\/v2\/manual-de-instalacion?post=10526"},{"taxonomy":"color","embeddable":true,"href":"https:\/\/www.valaz.es\/fr\/wp-json\/wp\/v2\/color?post=10526"}],"curies":[{"name":"wp","href":"https:\/\/api.w.org\/{rel}","templated":true}]}}