{"id":10160,"date":"2024-01-03T13:20:07","date_gmt":"2024-01-03T12:20:07","guid":{"rendered":"https:\/\/www.valaz.es\/?post_type=product&#038;p=10160"},"modified":"2025-06-27T11:38:28","modified_gmt":"2025-06-27T09:38:28","slug":"ducha-empotrada-monomando-a-techo-redonda-negro-mate-serie-tuejar","status":"publish","type":"product","link":"https:\/\/www.valaz.es\/fr\/produit\/ducha-empotrada-monomando-a-techo-redonda-negro-mate-serie-tuejar\/","title":{"rendered":"Ducha empotrada monomando a techo redonda negro mate &#8211; Serie Tuejar"},"content":{"rendered":"<p class=\"\" data-start=\"73\" data-end=\"178\">Sistema de ducha empotrada con dise\u00f1o moderno y minimalista, perfecta para ba\u00f1os de estilo contempor\u00e1neo.<\/p>\n<p class=\"\" data-start=\"180\" data-end=\"192\"><strong data-start=\"180\" data-end=\"192\">Incluye:<\/strong><\/p>\n<ul data-start=\"193\" data-end=\"442\">\n<li class=\"\" data-start=\"193\" data-end=\"278\">\n<p class=\"\" data-start=\"195\" data-end=\"278\"><strong data-start=\"195\" data-end=\"215\">Rociador redondo<\/strong> disponible en tama\u00f1os de 20, 25 y 30 cm, con soporte a techo<\/p>\n<\/li>\n<li class=\"\" data-start=\"279\" data-end=\"382\">\n<p class=\"\" data-start=\"281\" data-end=\"382\"><strong data-start=\"281\" data-end=\"304\">Monomando de 2 v\u00edas<\/strong> que permite alternar entre el rociador efecto lluvia y la alcachofa de mano<\/p>\n<\/li>\n<li class=\"\" data-start=\"383\" data-end=\"406\">\n<p class=\"\" data-start=\"385\" data-end=\"406\"><strong data-start=\"385\" data-end=\"404\">Flexo de 150 cm<\/strong><\/p>\n<\/li>\n<li class=\"\" data-start=\"407\" data-end=\"442\">\n<p class=\"\" data-start=\"409\" data-end=\"442\"><strong data-start=\"409\" data-end=\"430\">Alcachofa de mano<\/strong> con soporte<\/p>\n<\/li>\n<li><strong>Caja box empotrable<\/strong><\/li>\n<\/ul>\n<p class=\"\" data-start=\"444\" data-end=\"459\"><strong data-start=\"444\" data-end=\"459\">Materiales:<\/strong><\/p>\n<ul data-start=\"460\" data-end=\"588\">\n<li class=\"\" data-start=\"460\" data-end=\"496\">\n<p class=\"\" data-start=\"462\" data-end=\"496\">Rociador de <strong data-start=\"474\" data-end=\"494\">acero inoxidable<\/strong><\/p>\n<\/li>\n<li class=\"\" data-start=\"497\" data-end=\"523\">\n<p class=\"\" data-start=\"499\" data-end=\"523\">Monomando de <strong data-start=\"512\" data-end=\"521\">lat\u00f3n<\/strong><\/p>\n<\/li>\n<li class=\"\" data-start=\"524\" data-end=\"556\">\n<p class=\"\" data-start=\"526\" data-end=\"556\">Alcachofa de mano de <strong data-start=\"547\" data-end=\"554\">PVC<\/strong><\/p>\n<\/li>\n<li class=\"\" data-start=\"557\" data-end=\"588\">\n<p class=\"\" data-start=\"559\" data-end=\"588\">Flexo de <strong>PVC<\/strong><\/p>\n<\/li>\n<\/ul>\n<p class=\"\" data-start=\"590\" data-end=\"615\"><strong data-start=\"590\" data-end=\"602\">Acabado:<\/strong> Negro mate<\/p>\n<p class=\"\" data-start=\"617\" data-end=\"631\"><strong data-start=\"617\" data-end=\"631\">Funciones:<\/strong><\/p>\n<ul data-start=\"632\" data-end=\"726\">\n<li class=\"\" data-start=\"632\" data-end=\"673\">\n<p class=\"\" data-start=\"634\" data-end=\"673\">Ducha efecto lluvia desde el rociador<\/p>\n<\/li>\n<li class=\"\" data-start=\"674\" data-end=\"726\">\n<p class=\"\" data-start=\"676\" data-end=\"726\">Funci\u00f3n de ducha manual desde la alcachofa de mano<\/p>\n<\/li>\n<\/ul>\n","protected":false},"excerpt":{"rendered":"<p>Sistema de ducha empotrada con dise\u00f1o moderno y minimalista, perfecta  [&#8230;]<\/p>\n","protected":false},"featured_media":10134,"template":"","meta":[],"product_brand":[],"product_cat":[57,47],"product_tag":[],"serie":[385],"manual-de-instalacion":[78],"color":[27],"class_list":{"0":"post-10160","1":"product","2":"type-product","3":"status-publish","4":"has-post-thumbnail","6":"product_cat-duchas-empotradas","7":"product_cat-duchas","8":"pa_tamano-rociador-20cm","9":"pa_tamano-rociador-25cm","10":"pa_tamano-rociador-30cm","11":"serie-tuejar","12":"manual-de-instalacion-guia-instalacion-duchas-empotradas-monomando","13":"color-negro-mate","15":"first","16":"instock","17":"taxable","18":"shipping-taxable","19":"product-type-variable"},"_links":{"self":[{"href":"https:\/\/www.valaz.es\/fr\/wp-json\/wp\/v2\/product\/10160","targetHints":{"allow":["GET"]}}],"collection":[{"href":"https:\/\/www.valaz.es\/fr\/wp-json\/wp\/v2\/product"}],"about":[{"href":"https:\/\/www.valaz.es\/fr\/wp-json\/wp\/v2\/types\/product"}],"wp:featuredmedia":[{"embeddable":true,"href":"https:\/\/www.valaz.es\/fr\/wp-json\/wp\/v2\/media\/10134"}],"wp:attachment":[{"href":"https:\/\/www.valaz.es\/fr\/wp-json\/wp\/v2\/media?parent=10160"}],"wp:term":[{"taxonomy":"product_brand","embeddable":true,"href":"https:\/\/www.valaz.es\/fr\/wp-json\/wp\/v2\/product_brand?post=10160"},{"taxonomy":"product_cat","embeddable":true,"href":"https:\/\/www.valaz.es\/fr\/wp-json\/wp\/v2\/product_cat?post=10160"},{"taxonomy":"product_tag","embeddable":true,"href":"https:\/\/www.valaz.es\/fr\/wp-json\/wp\/v2\/product_tag?post=10160"},{"taxonomy":"serie","embeddable":true,"href":"https:\/\/www.valaz.es\/fr\/wp-json\/wp\/v2\/serie?post=10160"},{"taxonomy":"manual-de-instalacion","embeddable":true,"href":"https:\/\/www.valaz.es\/fr\/wp-json\/wp\/v2\/manual-de-instalacion?post=10160"},{"taxonomy":"color","embeddable":true,"href":"https:\/\/www.valaz.es\/fr\/wp-json\/wp\/v2\/color?post=10160"}],"curies":[{"name":"wp","href":"https:\/\/api.w.org\/{rel}","templated":true}]}}