{"id":10156,"date":"2024-01-03T13:20:13","date_gmt":"2024-01-03T12:20:13","guid":{"rendered":"https:\/\/www.valaz.es\/?post_type=product&#038;p=10156"},"modified":"2025-08-28T16:54:17","modified_gmt":"2025-08-28T14:54:17","slug":"ducha-empotrada-monomando-a-techo-redonda-oro-mate-con-proteccion-pvd-serie-tuejar","status":"publish","type":"product","link":"https:\/\/www.valaz.es\/fr\/produit\/ducha-empotrada-monomando-a-techo-redonda-oro-mate-con-proteccion-pvd-serie-tuejar\/","title":{"rendered":"Ducha empotrada monomando a techo redonda oro mate con protecci\u00f3n PVD- Serie Tuejar"},"content":{"rendered":"<p class=\"\" data-start=\"90\" data-end=\"217\">Sistema de ducha empotrada con instalaci\u00f3n a techo y dise\u00f1o redondo, ideal para ba\u00f1os modernos que buscan estilo y durabilidad.<\/p>\n<p class=\"\" data-start=\"219\" data-end=\"231\"><strong data-start=\"219\" data-end=\"231\">Incluye:<\/strong><\/p>\n<ul data-start=\"232\" data-end=\"476\">\n<li class=\"\" data-start=\"232\" data-end=\"317\">\n<p class=\"\" data-start=\"234\" data-end=\"317\"><strong data-start=\"234\" data-end=\"254\">Rociador redondo<\/strong> disponible en tama\u00f1os de 20, 25 y 30 cm, con soporte a techo<\/p>\n<\/li>\n<li class=\"\" data-start=\"318\" data-end=\"409\">\n<p class=\"\" data-start=\"320\" data-end=\"409\"><strong data-start=\"320\" data-end=\"343\">Monomando de 2 v\u00edas<\/strong> para controlar el rociador efecto lluvia y la alcachofa de mano<\/p>\n<\/li>\n<li class=\"\" data-start=\"410\" data-end=\"440\">\n<p class=\"\" data-start=\"412\" data-end=\"440\"><strong data-start=\"412\" data-end=\"428\">Flexo de PVC<\/strong> de 150 cm<\/p>\n<\/li>\n<li class=\"\" data-start=\"441\" data-end=\"476\">\n<p class=\"\" data-start=\"443\" data-end=\"476\"><strong data-start=\"443\" data-end=\"464\">Alcachofa de mano<\/strong> con soporte<\/p>\n<\/li>\n<li><strong>Caja box empotrable<\/strong><\/li>\n<\/ul>\n<p class=\"\" data-start=\"478\" data-end=\"493\"><strong data-start=\"478\" data-end=\"493\">Materiales:<\/strong><\/p>\n<ul data-start=\"494\" data-end=\"609\">\n<li class=\"\" data-start=\"494\" data-end=\"530\">\n<p class=\"\" data-start=\"496\" data-end=\"530\">Rociador de <strong data-start=\"508\" data-end=\"528\">acero inoxidable<\/strong><\/p>\n<\/li>\n<li class=\"\" data-start=\"531\" data-end=\"557\">\n<p class=\"\" data-start=\"533\" data-end=\"557\">Monomando de <strong data-start=\"546\" data-end=\"555\">lat\u00f3n<\/strong><\/p>\n<\/li>\n<li class=\"\" data-start=\"558\" data-end=\"590\">\n<p class=\"\" data-start=\"560\" data-end=\"590\">Alcachofa de mano de <strong data-start=\"581\" data-end=\"588\">PVC<\/strong><\/p>\n<\/li>\n<li class=\"\" data-start=\"591\" data-end=\"609\">\n<p class=\"\" data-start=\"593\" data-end=\"609\">Flexo de <strong data-start=\"602\" data-end=\"609\">PVC<\/strong><\/p>\n<\/li>\n<\/ul>\n<p class=\"\" data-start=\"611\" data-end=\"653\"><strong data-start=\"611\" data-end=\"623\">Acabado:<\/strong> Oro mate con protecci\u00f3n PVD<\/p>\n<p class=\"\" data-start=\"655\" data-end=\"669\"><strong data-start=\"655\" data-end=\"669\">Funciones:<\/strong><\/p>\n<ul data-start=\"670\" data-end=\"749\">\n<li class=\"\" data-start=\"670\" data-end=\"705\">\n<p class=\"\" data-start=\"672\" data-end=\"705\">Efecto lluvia desde el rociador<\/p>\n<\/li>\n<li class=\"\" data-start=\"706\" data-end=\"749\">\n<p class=\"\" data-start=\"708\" data-end=\"749\">Funci\u00f3n manual desde la alcachofa de mano<\/p>\n<\/li>\n<\/ul>\n<p class=\"\" data-start=\"751\" data-end=\"902\">Gracias a su recubrimiento <strong data-start=\"778\" data-end=\"785\">PVD<\/strong>, esta ducha ofrece mayor resistencia al desgaste, ideal para un uso diario con un acabado que se mantiene impecable.<\/p>\n","protected":false},"excerpt":{"rendered":"<p>Sistema de ducha empotrada con instalaci\u00f3n a techo y dise\u00f1o  [&#8230;]<\/p>\n","protected":false},"featured_media":10138,"template":"","meta":[],"product_brand":[],"product_cat":[57,47],"product_tag":[],"serie":[385],"manual-de-instalacion":[78],"color":[350],"class_list":{"0":"post-10156","1":"product","2":"type-product","3":"status-publish","4":"has-post-thumbnail","6":"product_cat-duchas-empotradas","7":"product_cat-duchas","8":"pa_tamano-rociador-20cm","9":"pa_tamano-rociador-25cm","10":"pa_tamano-rociador-30cm","11":"serie-tuejar","12":"manual-de-instalacion-guia-instalacion-duchas-empotradas-monomando","13":"color-oro-mate-cepillado","15":"first","16":"instock","17":"taxable","18":"shipping-taxable","19":"product-type-variable"},"_links":{"self":[{"href":"https:\/\/www.valaz.es\/fr\/wp-json\/wp\/v2\/product\/10156","targetHints":{"allow":["GET"]}}],"collection":[{"href":"https:\/\/www.valaz.es\/fr\/wp-json\/wp\/v2\/product"}],"about":[{"href":"https:\/\/www.valaz.es\/fr\/wp-json\/wp\/v2\/types\/product"}],"wp:featuredmedia":[{"embeddable":true,"href":"https:\/\/www.valaz.es\/fr\/wp-json\/wp\/v2\/media\/10138"}],"wp:attachment":[{"href":"https:\/\/www.valaz.es\/fr\/wp-json\/wp\/v2\/media?parent=10156"}],"wp:term":[{"taxonomy":"product_brand","embeddable":true,"href":"https:\/\/www.valaz.es\/fr\/wp-json\/wp\/v2\/product_brand?post=10156"},{"taxonomy":"product_cat","embeddable":true,"href":"https:\/\/www.valaz.es\/fr\/wp-json\/wp\/v2\/product_cat?post=10156"},{"taxonomy":"product_tag","embeddable":true,"href":"https:\/\/www.valaz.es\/fr\/wp-json\/wp\/v2\/product_tag?post=10156"},{"taxonomy":"serie","embeddable":true,"href":"https:\/\/www.valaz.es\/fr\/wp-json\/wp\/v2\/serie?post=10156"},{"taxonomy":"manual-de-instalacion","embeddable":true,"href":"https:\/\/www.valaz.es\/fr\/wp-json\/wp\/v2\/manual-de-instalacion?post=10156"},{"taxonomy":"color","embeddable":true,"href":"https:\/\/www.valaz.es\/fr\/wp-json\/wp\/v2\/color?post=10156"}],"curies":[{"name":"wp","href":"https:\/\/api.w.org\/{rel}","templated":true}]}}