{"id":10087,"date":"2024-01-03T13:18:32","date_gmt":"2024-01-03T12:18:32","guid":{"rendered":"https:\/\/www.valaz.es\/?post_type=product&#038;p=10087"},"modified":"2026-01-12T14:23:13","modified_gmt":"2026-01-12T13:23:13","slug":"grifo-lavabo-empotrado-redondo-monomando-negro-mate-con-cano-21cm-serie-tuejar","status":"publish","type":"product","link":"https:\/\/www.valaz.es\/fr\/produit\/grifo-lavabo-empotrado-redondo-monomando-negro-mate-con-cano-21cm-serie-tuejar\/","title":{"rendered":"Grifo lavabo empotrado redondo monomando negro mate con ca\u00f1o 21CM &#8211; Serie Tuejar"},"content":{"rendered":"<p class=\"\" data-start=\"133\" data-end=\"302\">Grifo empotrado monomando de dise\u00f1o redondo, acabado en negro mate, con ca\u00f1o fijo de 21 cm. Ideal para lavabos de encimera que buscan un estilo contempor\u00e1neo y elegante.<\/p>\n<p class=\"\" data-start=\"304\" data-end=\"324\"><strong data-start=\"304\" data-end=\"324\">Caracter\u00edsticas:<\/strong><\/p>\n<ul data-start=\"325\" data-end=\"543\">\n<li class=\"\" data-start=\"325\" data-end=\"376\">\n<p class=\"\" data-start=\"327\" data-end=\"376\"><strong data-start=\"327\" data-end=\"336\">Tipo:<\/strong> Grifo monomando empotrado para lavabo<\/p>\n<\/li>\n<li class=\"\" data-start=\"377\" data-end=\"424\">\n<p class=\"\" data-start=\"379\" data-end=\"424\"><strong data-start=\"379\" data-end=\"390\">Dise\u00f1o:<\/strong> Redondo, con ca\u00f1o fijo de 21 cm<\/p>\n<\/li>\n<li class=\"\" data-start=\"425\" data-end=\"477\">\n<p class=\"\" data-start=\"427\" data-end=\"477\"><strong data-start=\"427\" data-end=\"440\">Material:<\/strong> Cuerpo de la grifer\u00eda en <strong data-start=\"466\" data-end=\"475\">lat\u00f3n<\/strong><\/p>\n<\/li>\n<li class=\"\" data-start=\"478\" data-end=\"513\">\n<p class=\"\" data-start=\"480\" data-end=\"513\"><strong data-start=\"480\" data-end=\"493\">Cartucho:<\/strong> Cer\u00e1mico de 35 mm<\/p>\n<\/li>\n<li class=\"\" data-start=\"514\" data-end=\"543\">\n<p class=\"\" data-start=\"516\" data-end=\"543\"><strong data-start=\"516\" data-end=\"528\">Acabado:<\/strong> <strong data-start=\"529\" data-end=\"543\">Negro mate<\/strong><\/p>\n<\/li>\n<\/ul>\n","protected":false},"excerpt":{"rendered":"<p>Grifo empotrado monomando de dise\u00f1o redondo, acabado en negro mate,  [&#8230;]<\/p>\n","protected":false},"featured_media":10039,"template":"","meta":[],"product_brand":[],"product_cat":[58],"product_tag":[],"serie":[385],"manual-de-instalacion":[81],"color":[27],"class_list":{"0":"post-10087","1":"product","2":"type-product","3":"status-publish","4":"has-post-thumbnail","6":"product_cat-grifos-de-lavabo-empotrados","7":"serie-tuejar","8":"manual-de-instalacion-guia-instalacion-grifo-lavabo-empotrado-sin-caja","9":"color-negro-mate","11":"first","12":"instock","13":"taxable","14":"shipping-taxable","15":"product-type-simple"},"_links":{"self":[{"href":"https:\/\/www.valaz.es\/fr\/wp-json\/wp\/v2\/product\/10087","targetHints":{"allow":["GET"]}}],"collection":[{"href":"https:\/\/www.valaz.es\/fr\/wp-json\/wp\/v2\/product"}],"about":[{"href":"https:\/\/www.valaz.es\/fr\/wp-json\/wp\/v2\/types\/product"}],"wp:featuredmedia":[{"embeddable":true,"href":"https:\/\/www.valaz.es\/fr\/wp-json\/wp\/v2\/media\/10039"}],"wp:attachment":[{"href":"https:\/\/www.valaz.es\/fr\/wp-json\/wp\/v2\/media?parent=10087"}],"wp:term":[{"taxonomy":"product_brand","embeddable":true,"href":"https:\/\/www.valaz.es\/fr\/wp-json\/wp\/v2\/product_brand?post=10087"},{"taxonomy":"product_cat","embeddable":true,"href":"https:\/\/www.valaz.es\/fr\/wp-json\/wp\/v2\/product_cat?post=10087"},{"taxonomy":"product_tag","embeddable":true,"href":"https:\/\/www.valaz.es\/fr\/wp-json\/wp\/v2\/product_tag?post=10087"},{"taxonomy":"serie","embeddable":true,"href":"https:\/\/www.valaz.es\/fr\/wp-json\/wp\/v2\/serie?post=10087"},{"taxonomy":"manual-de-instalacion","embeddable":true,"href":"https:\/\/www.valaz.es\/fr\/wp-json\/wp\/v2\/manual-de-instalacion?post=10087"},{"taxonomy":"color","embeddable":true,"href":"https:\/\/www.valaz.es\/fr\/wp-json\/wp\/v2\/color?post=10087"}],"curies":[{"name":"wp","href":"https:\/\/api.w.org\/{rel}","templated":true}]}}