{"id":10009,"date":"2023-12-28T16:52:56","date_gmt":"2023-12-28T15:52:56","guid":{"rendered":"https:\/\/www.valaz.es\/?post_type=product&#038;p=10009"},"modified":"2025-07-02T16:04:14","modified_gmt":"2025-07-02T14:04:14","slug":"grifo-de-ducha-monomando-cromado-serie-pisuerga","status":"publish","type":"product","link":"https:\/\/www.valaz.es\/fr\/produit\/grifo-de-ducha-monomando-cromado-serie-pisuerga\/","title":{"rendered":"Grifo de ducha monomando cromado &#8211; Serie Pisuerga"},"content":{"rendered":"<p class=\"\" data-start=\"0\" data-end=\"387\">Este grifo monomando de ducha cromado de la Serie Pisuerga es perfecto para quienes buscan una opci\u00f3n pr\u00e1ctica y elegante para su ba\u00f1o. Su dise\u00f1o moderno y el acabado cromado ofrecen un toque de sofisticaci\u00f3n, mientras que el sistema monomando permite una f\u00e1cil regulaci\u00f3n de la temperatura y el flujo de agua con un solo movimiento, asegurando un control c\u00f3modo y eficiente en cada uso.<\/p>\n<p class=\"\" data-start=\"389\" data-end=\"404\"><strong data-start=\"389\" data-end=\"404\">Materiales:<\/strong><\/p>\n<ul data-start=\"406\" data-end=\"474\">\n<li class=\"\" data-start=\"406\" data-end=\"444\">\n<p class=\"\" data-start=\"408\" data-end=\"444\">Cuerpo de grifer\u00eda de lat\u00f3n cromado.<\/p>\n<\/li>\n<li data-start=\"495\" data-end=\"535\">Flexo: Acero inoxidable<\/li>\n<li class=\"\" data-start=\"445\" data-end=\"474\">\n<p class=\"\" data-start=\"447\" data-end=\"474\">Cartucho cer\u00e1mico de 35 mm.<\/p>\n<\/li>\n<li data-start=\"536\" data-end=\"567\">Alcachofa de mano: PVC<\/li>\n<\/ul>\n<p class=\"\" data-start=\"476\" data-end=\"497\"><strong data-start=\"476\" data-end=\"497\">Especificaciones:<\/strong><\/p>\n<ul data-start=\"499\" data-end=\"624\">\n<li class=\"\" data-start=\"499\" data-end=\"526\">\n<p class=\"\" data-start=\"501\" data-end=\"526\">Tipo de grifo: Monomando.<\/p>\n<\/li>\n<li class=\"\" data-start=\"527\" data-end=\"546\">\n<p class=\"\" data-start=\"529\" data-end=\"546\">Acabado: Cromado.<\/p>\n<\/li>\n<li class=\"\" data-start=\"547\" data-end=\"577\">\n<p class=\"\" data-start=\"549\" data-end=\"577\">Cartucho: Cer\u00e1mico de 35 mm.<\/p>\n<\/li>\n<li class=\"\" data-start=\"578\" data-end=\"595\">\n<p class=\"\" data-start=\"580\" data-end=\"595\">Conexi\u00f3n: 1\/2&#8243;.<\/p>\n<\/li>\n<li class=\"\" data-start=\"596\" data-end=\"624\">\n<p class=\"\" data-start=\"598\" data-end=\"624\">Latiguillos 3\/8 incluidos.<\/p>\n<\/li>\n<\/ul>\n<p class=\"\" data-start=\"626\" data-end=\"765\"><strong data-start=\"626\" data-end=\"642\">Instalaci\u00f3n:<\/strong><br data-start=\"642\" data-end=\"645\" \/>Este grifo de ducha no es empotrado, por lo que se debe instalar respetando una distancia est\u00e1ndar de 15 cm entre tomas.<\/p>\n","protected":false},"excerpt":{"rendered":"<p>Este grifo monomando de ducha cromado de la Serie Pisuerga  [&#8230;]<\/p>\n","protected":false},"featured_media":11084,"template":"","meta":[],"product_brand":[],"product_cat":[405],"product_tag":[],"serie":[382],"manual-de-instalacion":[],"color":[26],"class_list":{"0":"post-10009","1":"product","2":"type-product","3":"status-publish","4":"has-post-thumbnail","6":"product_cat-grifos-de-ducha","7":"serie-pisuerga","8":"color-cromo","10":"first","11":"instock","12":"taxable","13":"shipping-taxable","14":"product-type-simple"},"_links":{"self":[{"href":"https:\/\/www.valaz.es\/fr\/wp-json\/wp\/v2\/product\/10009","targetHints":{"allow":["GET"]}}],"collection":[{"href":"https:\/\/www.valaz.es\/fr\/wp-json\/wp\/v2\/product"}],"about":[{"href":"https:\/\/www.valaz.es\/fr\/wp-json\/wp\/v2\/types\/product"}],"wp:featuredmedia":[{"embeddable":true,"href":"https:\/\/www.valaz.es\/fr\/wp-json\/wp\/v2\/media\/11084"}],"wp:attachment":[{"href":"https:\/\/www.valaz.es\/fr\/wp-json\/wp\/v2\/media?parent=10009"}],"wp:term":[{"taxonomy":"product_brand","embeddable":true,"href":"https:\/\/www.valaz.es\/fr\/wp-json\/wp\/v2\/product_brand?post=10009"},{"taxonomy":"product_cat","embeddable":true,"href":"https:\/\/www.valaz.es\/fr\/wp-json\/wp\/v2\/product_cat?post=10009"},{"taxonomy":"product_tag","embeddable":true,"href":"https:\/\/www.valaz.es\/fr\/wp-json\/wp\/v2\/product_tag?post=10009"},{"taxonomy":"serie","embeddable":true,"href":"https:\/\/www.valaz.es\/fr\/wp-json\/wp\/v2\/serie?post=10009"},{"taxonomy":"manual-de-instalacion","embeddable":true,"href":"https:\/\/www.valaz.es\/fr\/wp-json\/wp\/v2\/manual-de-instalacion?post=10009"},{"taxonomy":"color","embeddable":true,"href":"https:\/\/www.valaz.es\/fr\/wp-json\/wp\/v2\/color?post=10009"}],"curies":[{"name":"wp","href":"https:\/\/api.w.org\/{rel}","templated":true}]}}