{"id":3158,"date":"2022-10-27T13:44:36","date_gmt":"2022-10-27T11:44:36","guid":{"rendered":"https:\/\/www.valaz.es\/inscription-pour-les-professionnels\/"},"modified":"2022-12-15T13:11:29","modified_gmt":"2022-12-15T12:11:29","slug":"inscription-pour-les-professionnels","status":"publish","type":"page","link":"https:\/\/www.valaz.es\/fr\/inscription-pour-les-professionnels\/","title":{"rendered":"Inscription pour les professionnels"},"content":{"rendered":"<p><div class=\"fusion-fullwidth fullwidth-box fusion-builder-row-1 fusion-flex-container has-pattern-background has-mask-background hundred-percent-fullwidth non-hundred-percent-height-scrolling cabecera\" style=\"--awb-border-radius-top-left:0px;--awb-border-radius-top-right:0px;--awb-border-radius-bottom-right:0px;--awb-border-radius-bottom-left:0px;--awb-flex-wrap:wrap;\" ><div class=\"fusion-builder-row fusion-row fusion-flex-align-items-flex-start fusion-flex-content-wrap\" style=\"width:104% !important;max-width:104% !important;margin-left: calc(-4% \/ 2 );margin-right: calc(-4% \/ 2 );\"><div class=\"fusion-layout-column fusion_builder_column fusion-builder-column-0 fusion_builder_column_1_1 1_1 fusion-flex-column\" style=\"--awb-bg-size:cover;--awb-width-large:100%;--awb-margin-top-large:0px;--awb-spacing-right-large:1.92%;--awb-margin-bottom-large:20px;--awb-spacing-left-large:1.92%;--awb-width-medium:100%;--awb-order-medium:0;--awb-spacing-right-medium:1.92%;--awb-spacing-left-medium:1.92%;--awb-width-small:100%;--awb-order-small:0;--awb-spacing-right-small:1.92%;--awb-spacing-left-small:1.92%;\"><div class=\"fusion-column-wrapper fusion-column-has-shadow fusion-flex-justify-content-flex-start fusion-content-layout-column\"><div class=\"fusion-title title fusion-title-1 fusion-sep-none fusion-title-text fusion-title-size-one\" style=\"--awb-text-color:var(--awb-color1);--awb-margin-top-small:10px;--awb-margin-right-small:0px;--awb-margin-bottom-small:10px;--awb-margin-left-small:0px;\"><h1 class=\"fusion-title-heading title-heading-left fusion-responsive-typography-calculated\" style=\"margin:0;--fontSize:60;line-height:1;\"><h2>Inscription<\/h2><\/h1><\/div><\/div><\/div><\/div><\/div><div class=\"fusion-fullwidth fullwidth-box fusion-builder-row-2 fusion-flex-container has-pattern-background has-mask-background nonhundred-percent-fullwidth non-hundred-percent-height-scrolling\" style=\"--awb-border-radius-top-left:0px;--awb-border-radius-top-right:0px;--awb-border-radius-bottom-right:0px;--awb-border-radius-bottom-left:0px;--awb-flex-wrap:wrap;\" ><div class=\"fusion-builder-row fusion-row fusion-flex-align-items-flex-start fusion-flex-content-wrap\" style=\"max-width:1476.8px;margin-left: calc(-4% \/ 2 );margin-right: calc(-4% \/ 2 );\"><div class=\"fusion-layout-column fusion_builder_column fusion-builder-column-1 fusion_builder_column_1_1 1_1 fusion-flex-column\" style=\"--awb-bg-size:cover;--awb-width-large:100%;--awb-margin-top-large:0px;--awb-spacing-right-large:1.92%;--awb-margin-bottom-large:20px;--awb-spacing-left-large:1.92%;--awb-width-medium:100%;--awb-order-medium:0;--awb-spacing-right-medium:1.92%;--awb-spacing-left-medium:1.92%;--awb-width-small:100%;--awb-order-small:0;--awb-spacing-right-small:1.92%;--awb-spacing-left-small:1.92%;\"><div class=\"fusion-column-wrapper fusion-column-has-shadow fusion-flex-justify-content-flex-start fusion-content-layout-column\"><div class=\"fusion-text fusion-text-1 fusion-text-no-margin\" style=\"--awb-margin-bottom:20px;\"><h3 style=\"text-align: center;\">Inscription exclusive pour les professionnels<\/h3>\n<\/div><div class=\"fusion-text fusion-text-2\"><p style=\"text-align: center;\">Si vous souhaitez commercialiser nos produits, veuillez remplir le formulaire de demande suivant et notre \u00e9quipe commerciale vous contactera dans les plus brefs d\u00e9lais.<\/p>\n<\/div><\/div><\/div><div class=\"fusion-layout-column fusion_builder_column fusion-builder-column-2 fusion_builder_column_1_1 1_1 fusion-flex-column\" style=\"--awb-bg-size:cover;--awb-width-large:100%;--awb-margin-top-large:0px;--awb-spacing-right-large:1.92%;--awb-margin-bottom-large:20px;--awb-spacing-left-large:1.92%;--awb-width-medium:100%;--awb-order-medium:0;--awb-spacing-right-medium:1.92%;--awb-spacing-left-medium:1.92%;--awb-width-small:100%;--awb-order-small:0;--awb-spacing-right-small:1.92%;--awb-spacing-left-small:1.92%;\"><div class=\"fusion-column-wrapper fusion-column-has-shadow fusion-flex-justify-content-flex-start fusion-content-layout-column\"><div class=\"fusion-text fusion-text-3\"><div id=\"registro-profesional\"><form  id=\"cred_user_form_239_1_1\" class=\"cred-user-form cred-keep-original\" action=\"\/fr\/wp-json\/wp\/v2\/pages\/3158?_tt=1776153943\" data-form=\"{&quot;form_id&quot;:&quot;cred_user_form_239_1_1&quot;,&quot;use_ajax&quot;:&quot;1&quot;,&quot;wpv_page&quot;:1}\" data-conditionals=\"[]\" method=\"post\">\r\n<div class=\"formulario\">\r\n\t<div id=\"wpt-form-message-239\"\n\t\t\t              data-message-single=\"No se guard\u00f3 el usuario debido al siguiente problema:\"\n\t\t\t              data-message-plural=\"No se guard\u00f3 el usuario debido a los siguientes %NN problemas:\"\n\t\t\t              style=\"display:none;\" class=\"wpt-top-form-error wpt-form-error wpt-form-error-wrapper alert alert-danger alert alert-warning\"><\/div>\r\n\t<div class=\"form-group nombre\">\r\n\t\t<label for=\"cred_user_form_239_1_1_first_name\">Nombre<\/label>\r\n\t\t<div class=\"js-wpt-field-items js-wpt-repetitive wpt-repetitive\" data-initial-conditional=\"\" data-item_name=\"textfield-first_name\">\r\n<input type=\"text\" id=\"cred_user_form_239_1_1_first_name\" name=\"first_name\" value=\"\" class=\"form-control wpt-form-textfield form-textfield textfield\" output=\"bootstrap\" preset_value=\"\" urlparam=\"\" preview=\"\" previewsize=\"\" select_label=\"\" edit_label=\"\" value_escape=\"\" make_readonly=\"\" placeholder=\"\" select_text=\"\" data-wpt-type=\"textfield\" data-wpt-id=\"cred_user_form_239_1_1_cred_user_form_239_1_1_first_name\" data-wpt-name=\"first_name\" \/>\r\n<\/div>\r\n\t<\/div>\r\n\t<div class=\"form-group apellido\">\r\n\t\t<label for=\"cred_user_form_239_1_1_last_name\">Apellido<\/label>\r\n\t\t<div class=\"js-wpt-field-items js-wpt-repetitive wpt-repetitive\" data-initial-conditional=\"\" data-item_name=\"textfield-last_name\">\r\n<input type=\"text\" id=\"cred_user_form_239_1_1_last_name\" name=\"last_name\" value=\"\" class=\"form-control wpt-form-textfield form-textfield textfield\" output=\"bootstrap\" preset_value=\"\" urlparam=\"\" preview=\"\" previewsize=\"\" select_label=\"\" edit_label=\"\" value_escape=\"\" make_readonly=\"\" placeholder=\"\" select_text=\"\" data-wpt-type=\"textfield\" data-wpt-id=\"cred_user_form_239_1_1_cred_user_form_239_1_1_last_name\" data-wpt-name=\"last_name\" \/>\r\n<\/div>\r\n\t<\/div>\r\n\t<div class=\"form-group mail\">\r\n\t\t<label for=\"cred_user_form_239_1_1_user_email\">Email<\/label>\r\n\t\t<div class=\"js-wpt-field-items js-wpt-repetitive wpt-repetitive\" data-initial-conditional=\"\" data-item_name=\"email-user_email\">\r\n<input type=\"text\" id=\"cred_user_form_239_1_1_user_email\" name=\"user_email\" value=\"\" preset_value=\"\" urlparam=\"\" make_readonly=\"\" max_width=\"\" max_height=\"\" class=\"form-control wpt-form-textfield form-textfield textfield\" output=\"bootstrap\" placeholder=\"\" data-wpt-validate=\"{&quot;email&quot;:{&quot;args&quot;:{&quot;1&quot;:true},&quot;message&quot;:&quot;Introduzca una direcci\u00f3n de correo electr\u00f3nico v\u00e1lida&quot;},&quot;required&quot;:{&quot;args&quot;:{&quot;1&quot;:true},&quot;message&quot;:&quot;Este campo es obligatorio&quot;}}\" data-wpt-field-title=\"courriel\" data-parsley-type=\"email\" data-parsley-error-message=\"Introduzca una direcci\u00f3n de correo electr\u00f3nico v\u00e1lida\" data-parsley-required=\"true\" data-parsley-required-message=\"Este campo es obligatorio\" data-parsley-credfilesize=\"377487360\" data-wpt-type=\"textfield\" data-wpt-id=\"cred_user_form_239_1_1_cred_user_form_239_1_1_user_email\" data-wpt-name=\"user_email\" \/>\r\n<\/div>\r\n\t<\/div>\r\n\t<div class=\"form-group tel\">\r\n      <label for=\"cred_user_form_239_1_1shipping_phone\">Tel\u00e9fono<\/label>\r\n      <div class=\"js-wpt-field-items js-wpt-repetitive wpt-repetitive\" data-initial-conditional=\"\" data-item_name=\"phone-shipping_phone\">\r\n<input type=\"text\" id=\"cred_user_form_239_1_1_shipping_phone\" name=\"shipping_phone\" value=\"\" class=\"form-control wpt-form-textfield form-textfield textfield\" output=\"bootstrap\" preset_value=\"\" urlparam=\"\" preview=\"\" previewsize=\"\" select_label=\"\" edit_label=\"\" value_escape=\"\" make_readonly=\"\" placeholder=\"\" select_text=\"\" data-wpt-validate=\"{&quot;required&quot;:{&quot;args&quot;:{&quot;1&quot;:true},&quot;message&quot;:&quot;Este campo es obligatorio&quot;}}\" data-wpt-field-title=\"shipping_phone\" data-parsley-required=\"true\" data-parsley-required-message=\"Este campo es obligatorio\" data-parsley-credfilesize=\"377487360\" data-wpt-type=\"textfield\" data-wpt-id=\"cred_user_form_239_1_1_cred_user_form_239_1_1_shipping_phone\" data-wpt-name=\"shipping_phone\" \/>\r\n<\/div>\r\n  \t<\/div>\r\n\t<div class=\"form-group nif-cif\">\r\n\t\t<label for=\"cred_user_form_239_1_1_nif-cif\">NIF \/ CIF<\/label>\r\n\t\t<div class=\"js-wpt-field-items js-wpt-repetitive wpt-repetitive\" data-initial-conditional=\"\" data-item_name=\"textfield-wpcf-nif-cif\">\r\n<input type=\"text\" id=\"cred_user_form_239_1_1_nif-cif\" name=\"wpcf-nif-cif\" value=\"\" class=\"form-control wpt-form-textfield form-textfield textfield\" output=\"bootstrap\" preset_value=\"\" urlparam=\"\" preview=\"\" previewsize=\"\" select_label=\"\" edit_label=\"\" value_escape=\"\" make_readonly=\"\" placeholder=\"\" select_text=\"\" data-wpt-validate=\"{&quot;required&quot;:{&quot;args&quot;:{&quot;1&quot;:true},&quot;message&quot;:&quot;Este campo es obligatorio&quot;}}\" data-wpt-field-title=\"Nif \/ Cif\" data-parsley-required=\"true\" data-parsley-required-message=\"Este campo es obligatorio\" data-parsley-credfilesize=\"377487360\" data-wpt-type=\"textfield\" data-wpt-id=\"cred_user_form_239_1_1_cred_user_form_239_1_1_nif-cif\" data-wpt-name=\"wpcf-nif-cif\" \/>\r\n<\/div>\r\n\t<\/div>\r\n\t<div class=\"form-group empresa\">\r\n\t\t<label for=\"cred_user_form_239_1_1_shipping_company\">Empresa<\/label>\r\n\t\t<div class=\"js-wpt-field-items js-wpt-repetitive wpt-repetitive\" data-initial-conditional=\"\" data-item_name=\"textfield-shipping_company\">\r\n<input type=\"text\" id=\"cred_user_form_239_1_1_shipping_company\" name=\"shipping_company\" value=\"\" class=\"form-control wpt-form-textfield form-textfield textfield\" output=\"bootstrap\" preset_value=\"\" urlparam=\"\" preview=\"\" previewsize=\"\" select_label=\"\" edit_label=\"\" value_escape=\"\" make_readonly=\"\" placeholder=\"\" select_text=\"\" data-wpt-validate=\"{&quot;required&quot;:{&quot;args&quot;:{&quot;1&quot;:true},&quot;message&quot;:&quot;Este campo es obligatorio&quot;}}\" data-wpt-field-title=\"shipping_company\" data-parsley-required=\"true\" data-parsley-required-message=\"Este campo es obligatorio\" data-parsley-credfilesize=\"377487360\" data-wpt-type=\"textfield\" data-wpt-id=\"cred_user_form_239_1_1_cred_user_form_239_1_1_shipping_company\" data-wpt-name=\"shipping_company\" \/>\r\n<\/div>\r\n\t<\/div>\r\n\t<div class=\"form-group direccion\">\r\n\t\t<label for=\"cred_user_form_239_1_1_shipping_address_1\">Direcci\u00f3n<\/label>\r\n\t\t<div class=\"js-wpt-field-items js-wpt-repetitive wpt-repetitive\" data-initial-conditional=\"\" data-item_name=\"textfield-shipping_address_1\">\r\n<input type=\"text\" id=\"cred_user_form_239_1_1_shipping_address_1\" name=\"shipping_address_1\" value=\"\" class=\"form-control wpt-form-textfield form-textfield textfield\" output=\"bootstrap\" preset_value=\"\" urlparam=\"\" preview=\"\" previewsize=\"\" select_label=\"\" edit_label=\"\" value_escape=\"\" make_readonly=\"\" placeholder=\"\" select_text=\"\" data-wpt-validate=\"{&quot;required&quot;:{&quot;args&quot;:{&quot;1&quot;:true},&quot;message&quot;:&quot;Este campo es obligatorio&quot;}}\" data-wpt-field-title=\"shipping_address_1\" data-parsley-required=\"true\" data-parsley-required-message=\"Este campo es obligatorio\" data-parsley-credfilesize=\"377487360\" data-wpt-type=\"textfield\" data-wpt-id=\"cred_user_form_239_1_1_cred_user_form_239_1_1_shipping_address_1\" data-wpt-name=\"shipping_address_1\" \/>\r\n<\/div>\r\n\t<\/div>\r\n\t<div class=\"form-group direccion\">\r\n\t\t<label for=\"cred_user_form_239_1_1_shipping_address_2\">Direcci\u00f3n adicional<\/label>\r\n\t\t<div class=\"js-wpt-field-items js-wpt-repetitive wpt-repetitive\" data-initial-conditional=\"\" data-item_name=\"textfield-shipping_address_2\">\r\n<input type=\"text\" id=\"cred_user_form_239_1_1_shipping_address_2\" name=\"shipping_address_2\" value=\"\" class=\"form-control wpt-form-textfield form-textfield textfield\" output=\"bootstrap\" preset_value=\"\" urlparam=\"\" preview=\"\" previewsize=\"\" select_label=\"\" edit_label=\"\" value_escape=\"\" make_readonly=\"\" placeholder=\"\" select_text=\"\" data-wpt-type=\"textfield\" data-wpt-id=\"cred_user_form_239_1_1_cred_user_form_239_1_1_shipping_address_2\" data-wpt-name=\"shipping_address_2\" \/>\r\n<\/div>\r\n\t<\/div>\r\n  \t<div class=\"form-group codigopostal\">\r\n\t\t<label for=\"cred_user_form_239_1_1_shipping_postcode\">C\u00f3digo postal<\/label>\r\n\t\t<div class=\"js-wpt-field-items js-wpt-repetitive wpt-repetitive\" data-initial-conditional=\"\" data-item_name=\"numeric-shipping_postcode\">\r\n<input type=\"text\" id=\"cred_user_form_239_1_1_shipping_postcode\" name=\"shipping_postcode\" value=\"\" class=\"form-control wpt-form-textfield form-textfield textfield\" output=\"bootstrap\" preset_value=\"\" urlparam=\"\" preview=\"\" previewsize=\"\" select_label=\"\" edit_label=\"\" value_escape=\"\" make_readonly=\"\" placeholder=\"\" select_text=\"\" data-wpt-validate=\"{&quot;required&quot;:{&quot;args&quot;:{&quot;1&quot;:true},&quot;message&quot;:&quot;Este campo es obligatorio&quot;},&quot;number&quot;:{&quot;args&quot;:{&quot;1&quot;:true},&quot;message&quot;:&quot;Debe introducir datos num\u00e9ricos&quot;}}\" data-wpt-field-title=\"shipping_postcode\" data-parsley-required=\"true\" data-parsley-required-message=\"Este campo es obligatorio\" data-parsley-credfilesize=\"377487360\" data-parsley-type=\"number\" data-parsley-error-message=\"Debe introducir datos num\u00e9ricos\" data-wpt-type=\"textfield\" data-wpt-id=\"cred_user_form_239_1_1_cred_user_form_239_1_1_shipping_postcode\" data-wpt-name=\"shipping_postcode\" \/>\r\n<\/div>\r\n\t<\/div>\r\n\t<div class=\"form-group ciudad\">\r\n\t\t<label for=\"cred_user_form_239_1_1_shipping_city\">Ciudad<\/label>\r\n\t\t<div class=\"js-wpt-field-items js-wpt-repetitive wpt-repetitive\" data-initial-conditional=\"\" data-item_name=\"textfield-shipping_city\">\r\n<input type=\"text\" id=\"cred_user_form_239_1_1_shipping_city\" name=\"shipping_city\" value=\"\" class=\"form-control wpt-form-textfield form-textfield textfield\" output=\"bootstrap\" preset_value=\"\" urlparam=\"\" preview=\"\" previewsize=\"\" select_label=\"\" edit_label=\"\" value_escape=\"\" make_readonly=\"\" placeholder=\"\" select_text=\"\" data-wpt-validate=\"{&quot;required&quot;:{&quot;args&quot;:{&quot;1&quot;:true},&quot;message&quot;:&quot;Este campo es obligatorio&quot;}}\" data-wpt-field-title=\"shipping_city\" data-parsley-required=\"true\" data-parsley-required-message=\"Este campo es obligatorio\" data-parsley-credfilesize=\"377487360\" data-wpt-type=\"textfield\" data-wpt-id=\"cred_user_form_239_1_1_cred_user_form_239_1_1_shipping_city\" data-wpt-name=\"shipping_city\" \/>\r\n<\/div>\r\n\t<\/div>\r\n\t<div class=\"form-group provincia\">\r\n\t\t<label for=\"cred_user_form_239_1_1_shipping_state\">Provincia<\/label>\r\n\t\t<div class=\"js-wpt-field-items js-wpt-repetitive wpt-repetitive\" data-initial-conditional=\"\" data-item_name=\"textfield-shipping_state\">\r\n<input type=\"text\" id=\"cred_user_form_239_1_1_shipping_state\" name=\"shipping_state\" value=\"\" class=\"form-control wpt-form-textfield form-textfield textfield\" output=\"bootstrap\" preset_value=\"\" urlparam=\"\" preview=\"\" previewsize=\"\" select_label=\"\" edit_label=\"\" value_escape=\"\" make_readonly=\"\" placeholder=\"\" select_text=\"\" data-wpt-validate=\"{&quot;required&quot;:{&quot;args&quot;:{&quot;1&quot;:true},&quot;message&quot;:&quot;Este campo es obligatorio&quot;}}\" data-wpt-field-title=\"shipping_state\" data-parsley-required=\"true\" data-parsley-required-message=\"Este campo es obligatorio\" data-parsley-credfilesize=\"377487360\" data-wpt-type=\"textfield\" data-wpt-id=\"cred_user_form_239_1_1_cred_user_form_239_1_1_shipping_state\" data-wpt-name=\"shipping_state\" \/>\r\n<\/div>\r\n\t<\/div>\r\n<\/div>\r\n<input type=\"checkbox\" class=\"acepta\"> <p>Acepto la <a href=\"https:\/\/www.valaz.es\/politica-privacidad\/\">pol\u00edtica de privacidad<\/a><\/p>\r\n<p><div class=\"js-wpt-field-items js-wpt-repetitive wpt-repetitive\" data-initial-conditional=\"\" data-item_name=\"recaptcha-recaptcha\"><div id=\"recaptcha_cred_user_form_239_1_1_recaptcha\" class=\"g-recaptcha\" data-sitekey=\"6LdNtYUqAAAAAO59onBJNJnM3edQz6uvqRWiMTbF\"><\/div><div class=\"recaptcha_error\" style=\"color:#aa0000;display:none;\">Veuillez valider reCAPTCHA<\/div>\r\n\r\n<input type=\"text\" id=\"cred_user_form_239_1_1__recaptcha\" name=\"_recaptcha\" value=\"\" style=\"display:none;\" class=\"wpt-form-textfield form-textfield textfield\" data-wpt-type=\"textfield\" data-wpt-id=\"cred_user_form_239_1_1_cred_user_form_239_1_1__recaptcha\" data-wpt-name=\"_recaptcha\" \/>\r\n<\/div><\/p>\r\n<input type=\"submit\" id=\"cred_user_form_239_1_1_form_submit_1\" name=\"form_submit_1\" value=\"Enviar\" class=\"btn btn-primary btn-lg enviar wpt-form-submit form-submit submit\" \/>\r\n<input type=\"hidden\" id=\"cred_user_form_239_1_1__cred_cred_prefix_cred_container_id\" name=\"_cred_cred_prefix_cred_container_id\" value=\"3158\" class=\"wpt-form-hidden form-hidden\" data-wpt-id=\"cred_user_form_239_1_1_cred_user_form_239_1_1__cred_cred_prefix_cred_container_id\" data-wpt-name=\"_cred_cred_prefix_cred_container_id\" \/><input type=\"hidden\" id=\"cred_user_form_239_1_1__cred_cred_prefix_form_id\" name=\"_cred_cred_prefix_form_id\" value=\"239\" class=\"wpt-form-hidden form-hidden\" data-wpt-id=\"cred_user_form_239_1_1_cred_user_form_239_1_1__cred_cred_prefix_form_id\" data-wpt-name=\"_cred_cred_prefix_form_id\" \/><input type=\"hidden\" id=\"cred_user_form_239_1_1__cred_cred_prefix_form_count\" name=\"_cred_cred_prefix_form_count\" value=\"1\" class=\"wpt-form-hidden form-hidden\" data-wpt-id=\"cred_user_form_239_1_1_cred_user_form_239_1_1__cred_cred_prefix_form_count\" data-wpt-name=\"_cred_cred_prefix_form_count\" \/><\/form><\/div>\n<\/div><\/div><\/div><\/div><\/div><\/p>\n","protected":false},"excerpt":{"rendered":"","protected":false},"author":1,"featured_media":0,"parent":0,"menu_order":0,"comment_status":"closed","ping_status":"closed","template":"100-width.php","meta":{"footnotes":""},"class_list":["post-3158","page","type-page","status-publish","hentry"],"_links":{"self":[{"href":"https:\/\/www.valaz.es\/fr\/wp-json\/wp\/v2\/pages\/3158","targetHints":{"allow":["GET"]}}],"collection":[{"href":"https:\/\/www.valaz.es\/fr\/wp-json\/wp\/v2\/pages"}],"about":[{"href":"https:\/\/www.valaz.es\/fr\/wp-json\/wp\/v2\/types\/page"}],"author":[{"embeddable":true,"href":"https:\/\/www.valaz.es\/fr\/wp-json\/wp\/v2\/users\/1"}],"replies":[{"embeddable":true,"href":"https:\/\/www.valaz.es\/fr\/wp-json\/wp\/v2\/comments?post=3158"}],"version-history":[{"count":0,"href":"https:\/\/www.valaz.es\/fr\/wp-json\/wp\/v2\/pages\/3158\/revisions"}],"wp:attachment":[{"href":"https:\/\/www.valaz.es\/fr\/wp-json\/wp\/v2\/media?parent=3158"}],"curies":[{"name":"wp","href":"https:\/\/api.w.org\/{rel}","templated":true}]}}