{"id":997,"date":"2022-11-15T16:49:41","date_gmt":"2022-11-15T15:49:41","guid":{"rendered":"https:\/\/www.valaz.es\/?post_type=product&#038;p=997"},"modified":"2026-01-17T20:23:07","modified_gmt":"2026-01-17T19:23:07","slug":"barra-de-ducha-monomando-cuadrada-ajustable-hasta-120cm-negro-mate-serie-mundo","status":"publish","type":"product","link":"https:\/\/www.valaz.es\/en\/product\/barra-de-ducha-monomando-cuadrada-ajustable-hasta-120cm-negro-mate-serie-mundo\/","title":{"rendered":"Barra de ducha monomando cuadrada ajustable hasta 120CM negro mate &#8211; Serie Mundo"},"content":{"rendered":"<p class=\"\" data-start=\"64\" data-end=\"391\">La barra de ducha monomando cuadrada de la Serie Mundo presenta un dise\u00f1o contempor\u00e1neo en negro mate, ideal para aquellos que buscan una est\u00e9tica moderna y elegante en su ba\u00f1o. Con su barra extensible y rociador disponible en varios tama\u00f1os, esta barra de ducha ofrece una experiencia funcional y estilizada.<\/p>\n<p class=\"\" data-start=\"393\" data-end=\"415\"><strong data-start=\"393\" data-end=\"413\">Especificaciones<\/strong><\/p>\n<ul data-start=\"416\" data-end=\"882\">\n<li class=\"\" data-start=\"416\" data-end=\"660\">\n<p class=\"\" data-start=\"418\" data-end=\"432\"><strong data-start=\"418\" data-end=\"429\">Incluye<\/strong>:<\/p>\n<ul data-start=\"435\" data-end=\"660\">\n<li class=\"\" data-start=\"435\" data-end=\"488\">\n<p class=\"\" data-start=\"437\" data-end=\"488\">Rociador disponible en tama\u00f1os 20, 25, 30 y 40 cm<\/p>\n<\/li>\n<li class=\"\" data-start=\"491\" data-end=\"529\">\n<p class=\"\" data-start=\"493\" data-end=\"529\">Barra extensible de 80 cm a 120 cm<\/p>\n<\/li>\n<li class=\"\" data-start=\"532\" data-end=\"597\">\n<p class=\"\" data-start=\"534\" data-end=\"597\">Cuerpo de la grifer\u00eda con cartucho cer\u00e1mico y maneta cuadrada<\/p>\n<\/li>\n<li class=\"\" data-start=\"600\" data-end=\"629\">\n<p class=\"\" data-start=\"602\" data-end=\"629\">Flexo de PVC<\/p>\n<\/li>\n<li class=\"\" data-start=\"632\" data-end=\"660\">\n<p class=\"\" data-start=\"634\" data-end=\"660\">Alcachofa de mano de PVC<\/p>\n<\/li>\n<\/ul>\n<\/li>\n<li class=\"\" data-start=\"661\" data-end=\"854\">\n<p class=\"\" data-start=\"663\" data-end=\"680\"><strong data-start=\"663\" data-end=\"677\">Materiales<\/strong>:<\/p>\n<ul data-start=\"683\" data-end=\"854\">\n<li class=\"\" data-start=\"683\" data-end=\"709\">\n<p class=\"\" data-start=\"685\" data-end=\"709\">Rociador: Acero SUS304<\/p>\n<\/li>\n<li class=\"\" data-start=\"712\" data-end=\"735\">\n<p class=\"\" data-start=\"714\" data-end=\"735\">Barra: Acero SUS201<\/p>\n<\/li>\n<li class=\"\" data-start=\"738\" data-end=\"770\">\n<p class=\"\" data-start=\"740\" data-end=\"770\">Cuerpo de la grifer\u00eda: Lat\u00f3n<\/p>\n<\/li>\n<li class=\"\" data-start=\"773\" data-end=\"795\">\n<p class=\"\" data-start=\"775\" data-end=\"795\">Cartucho: Cer\u00e1mico<\/p>\n<\/li>\n<li class=\"\" data-start=\"798\" data-end=\"825\">\n<p class=\"\" data-start=\"800\" data-end=\"825\">Flexo: Acero inoxidable<\/p>\n<\/li>\n<li class=\"\" data-start=\"828\" data-end=\"854\">\n<p class=\"\" data-start=\"830\" data-end=\"854\">Alcachofa de mano: ABS<\/p>\n<\/li>\n<\/ul>\n<\/li>\n<li class=\"\" data-start=\"855\" data-end=\"882\">\n<p class=\"\" data-start=\"857\" data-end=\"882\"><strong data-start=\"857\" data-end=\"868\">Acabado<\/strong>: Negro mate<\/p>\n<\/li>\n<li data-start=\"855\" data-end=\"882\"><strong>Instalaci\u00f3n:<\/strong> Distancia est\u00e1ndar de 15 cm entre tomas<\/li>\n<\/ul>\n","protected":false},"excerpt":{"rendered":"<p>Serie mundo con acabados rectangular y l\u00ednea cuadrada hace que sea una ducha c\u00f3moda y sencilla para un ba\u00f1o convencional. Nuestro kit incluye el rociador cuadrado de acero inoxidable, barra extensible de 83 a 124 cm, cartucho cer\u00e1mico de 35mm, flexo de acero inoxidable con acabados en cromado y negro mate.<\/p>\n<p>La garant\u00eda de todos nuestros productos es de 3 a\u00f1os, para funcionamiento, duraci\u00f3n del esmaltado y anticorrosi\u00f3n.<\/p>\n<p>Recomendamos para un correcto mantenimiento de la grifer\u00eda y evitar el deterioro por el uso. Secar las gotas de agua con un pa\u00f1o suave despu\u00e9s del uso, evitando que se posen en la superficie y deterioran el acabado, no utilizar esponjas que puedan rayar la grifer\u00eda, utilizar limpiadores como vinagre limpieza, agua caliente y jab\u00f3n con ph neutro.<\/p>\n<p>&nbsp;<\/p>\n<p><strong>Nuestro departamento\u00a0t\u00e9cnico\u00a0dispone de\u00a0gu\u00edas\u00a0de todos los\u00a0modelos\u00a0empotrados\u00a0que vendemos<\/strong><strong>,\u00a0si tiene alguna duda con la\u00a0instalaci\u00f3n\u00a0contacte con nosotros mediante\u00a0tel\u00e9fono,\u00a0WhatsApp\u00a0o email dentro del horario laboral indicado en la web.<\/strong><\/p>\n<p><strong>Recuerden que una vez instalado el cuerpo\u00a0empotrado\u00a0de la\u00a0grifer\u00eda\u00a0revisar de su correcto funcionamiento de paso de agua, comprobaci\u00f3n de cartuchos y corte de agua, si detecta alguna\u00a0anomal\u00eda\u00a0informe a nuestro\u00a0departamento\u00a0para darle una\u00a0soluci\u00f3n, no\u00a0contin\u00fae\u00a0con la\u00a0instalaci\u00f3n\u00a0de cerramiento de la pared.<\/strong><\/p>\n","protected":false},"featured_media":999,"template":"","meta":[],"product_brand":[],"product_cat":[55,47],"product_tag":[],"serie":[73],"manual-de-instalacion":[],"color":[27],"class_list":{"0":"post-997","1":"product","2":"type-product","3":"status-publish","4":"has-post-thumbnail","6":"product_cat-barras-de-ducha","7":"product_cat-duchas","8":"pa_tamano-rociador-20cm","9":"pa_tamano-rociador-25cm","10":"pa_tamano-rociador-30cm","11":"pa_tamano-rociador-40cm","12":"serie-mundo","13":"color-negro-mate","15":"first","16":"instock","17":"taxable","18":"shipping-taxable","19":"product-type-variable"},"_links":{"self":[{"href":"https:\/\/www.valaz.es\/en\/wp-json\/wp\/v2\/product\/997","targetHints":{"allow":["GET"]}}],"collection":[{"href":"https:\/\/www.valaz.es\/en\/wp-json\/wp\/v2\/product"}],"about":[{"href":"https:\/\/www.valaz.es\/en\/wp-json\/wp\/v2\/types\/product"}],"wp:featuredmedia":[{"embeddable":true,"href":"https:\/\/www.valaz.es\/en\/wp-json\/wp\/v2\/media\/999"}],"wp:attachment":[{"href":"https:\/\/www.valaz.es\/en\/wp-json\/wp\/v2\/media?parent=997"}],"wp:term":[{"taxonomy":"product_brand","embeddable":true,"href":"https:\/\/www.valaz.es\/en\/wp-json\/wp\/v2\/product_brand?post=997"},{"taxonomy":"product_cat","embeddable":true,"href":"https:\/\/www.valaz.es\/en\/wp-json\/wp\/v2\/product_cat?post=997"},{"taxonomy":"product_tag","embeddable":true,"href":"https:\/\/www.valaz.es\/en\/wp-json\/wp\/v2\/product_tag?post=997"},{"taxonomy":"serie","embeddable":true,"href":"https:\/\/www.valaz.es\/en\/wp-json\/wp\/v2\/serie?post=997"},{"taxonomy":"manual-de-instalacion","embeddable":true,"href":"https:\/\/www.valaz.es\/en\/wp-json\/wp\/v2\/manual-de-instalacion?post=997"},{"taxonomy":"color","embeddable":true,"href":"https:\/\/www.valaz.es\/en\/wp-json\/wp\/v2\/color?post=997"}],"curies":[{"name":"wp","href":"https:\/\/api.w.org\/{rel}","templated":true}]}}