{"id":995,"date":"2022-11-15T16:47:58","date_gmt":"2022-11-15T15:47:58","guid":{"rendered":"https:\/\/www.valaz.es\/?post_type=product&#038;p=995"},"modified":"2025-08-07T11:54:17","modified_gmt":"2025-08-07T09:54:17","slug":"barra-de-ducha-monomando-cuadrada-ajustable-hasta-120cm-cromada-serie-mundo","status":"publish","type":"product","link":"https:\/\/www.valaz.es\/en\/product\/barra-de-ducha-monomando-cuadrada-ajustable-hasta-120cm-cromada-serie-mundo\/","title":{"rendered":"Barra de ducha monomando cuadrada ajustable hasta 120CM cromada &#8211; Serie Mundo"},"content":{"rendered":"<p class=\"\" data-start=\"61\" data-end=\"400\">La barra de ducha monomando cuadrada de la Serie Mundo combina un dise\u00f1o elegante con la funcionalidad que se espera de un ba\u00f1o moderno. Su acabado cromado aporta un toque de brillo y sofisticaci\u00f3n, mientras que la barra extensible y el rociador de acero inoxidable aseguran durabilidad y una experiencia de ducha c\u00f3moda.<\/p>\n<p class=\"\" data-start=\"402\" data-end=\"424\"><strong data-start=\"402\" data-end=\"422\">Especificaciones<\/strong><\/p>\n<ul data-start=\"425\" data-end=\"888\">\n<li class=\"\" data-start=\"425\" data-end=\"669\">\n<p class=\"\" data-start=\"427\" data-end=\"441\"><strong data-start=\"427\" data-end=\"438\">Incluye<\/strong>:<\/p>\n<ul data-start=\"444\" data-end=\"669\">\n<li class=\"\" data-start=\"444\" data-end=\"497\">\n<p class=\"\" data-start=\"446\" data-end=\"497\">Rociador disponible en tama\u00f1os 20, 25, 30 y 40 cm<\/p>\n<\/li>\n<li class=\"\" data-start=\"500\" data-end=\"538\">\n<p class=\"\" data-start=\"502\" data-end=\"538\">Barra extensible de 80 cm a 120 cm<\/p>\n<\/li>\n<li class=\"\" data-start=\"541\" data-end=\"606\">\n<p class=\"\" data-start=\"543\" data-end=\"606\">Cuerpo de la grifer\u00eda con cartucho cer\u00e1mico y maneta cuadrada<\/p>\n<\/li>\n<li class=\"\" data-start=\"609\" data-end=\"638\">\n<p class=\"\" data-start=\"611\" data-end=\"638\">Flexo de acero inoxidable<\/p>\n<\/li>\n<li class=\"\" data-start=\"641\" data-end=\"669\">\n<p class=\"\" data-start=\"643\" data-end=\"669\">Alcachofa de mano de PVC<\/p>\n<\/li>\n<\/ul>\n<\/li>\n<li class=\"\" data-start=\"670\" data-end=\"863\">\n<p class=\"\" data-start=\"672\" data-end=\"689\"><strong data-start=\"672\" data-end=\"686\">Materiales<\/strong>:<\/p>\n<ul data-start=\"692\" data-end=\"863\">\n<li class=\"\" data-start=\"692\" data-end=\"718\">\n<p class=\"\" data-start=\"694\" data-end=\"718\">Rociador: Acero SUS304<\/p>\n<\/li>\n<li class=\"\" data-start=\"721\" data-end=\"744\">\n<p class=\"\" data-start=\"723\" data-end=\"744\">Barra: Acero SUS201<\/p>\n<\/li>\n<li class=\"\" data-start=\"747\" data-end=\"779\">\n<p class=\"\" data-start=\"749\" data-end=\"779\">Cuerpo de la grifer\u00eda: Lat\u00f3n<\/p>\n<\/li>\n<li class=\"\" data-start=\"782\" data-end=\"804\">\n<p class=\"\" data-start=\"784\" data-end=\"804\">Cartucho: Cer\u00e1mico<\/p>\n<\/li>\n<li class=\"\" data-start=\"807\" data-end=\"834\">\n<p class=\"\" data-start=\"809\" data-end=\"834\">Flexo: Acero inoxidable<\/p>\n<\/li>\n<li class=\"\" data-start=\"837\" data-end=\"863\">\n<p class=\"\" data-start=\"839\" data-end=\"863\">Alcachofa de mano: ABS<\/p>\n<\/li>\n<\/ul>\n<\/li>\n<li class=\"\" data-start=\"864\" data-end=\"888\">\n<p class=\"\" data-start=\"866\" data-end=\"888\"><strong data-start=\"866\" data-end=\"877\">Acabado<\/strong>: Cromado<\/p>\n<\/li>\n<li data-start=\"864\" data-end=\"888\"><strong>Instalaci\u00f3n:<\/strong> Distancia est\u00e1ndar de 15 cm entre tomas<\/li>\n<\/ul>\n","protected":false},"excerpt":{"rendered":"<p>Serie mundo con acabados rectangular y l\u00ednea cuadrada hace que sea una ducha c\u00f3moda y sencilla para un ba\u00f1o convencional. Nuestro kit incluye el rociador cuadrado de acero inoxidable, barra extensible de 83 a 124 cm, cartucho cer\u00e1mico de 35mm, flexo de acero inoxidable con acabados en cromado y negro mate.<\/p>\n<p>La garant\u00eda de todos nuestros productos es de 3 a\u00f1os, para funcionamiento, duraci\u00f3n del esmaltado y anticorrosi\u00f3n.<\/p>\n<p>Recomendamos para un correcto mantenimiento de la grifer\u00eda y evitar el deterioro por el uso. Secar las gotas de agua con un pa\u00f1o suave despu\u00e9s del uso, evitando que se posen en la superficie y deterioran el acabado, no utilizar esponjas que puedan rayar la grifer\u00eda, utilizar limpiadores como vinagre limpieza, agua caliente y jab\u00f3n con ph neutro.<\/p>\n<p>&nbsp;<\/p>\n<p><strong>Nuestro departamento\u00a0t\u00e9cnico\u00a0dispone de\u00a0gu\u00edas\u00a0de todos los\u00a0modelos\u00a0empotrados\u00a0que vendemos<\/strong><strong>,\u00a0si tiene alguna duda con la\u00a0instalaci\u00f3n\u00a0contacte con nosotros mediante\u00a0tel\u00e9fono,\u00a0WhatsApp\u00a0o email dentro del horario laboral indicado en la web.<\/strong><\/p>\n<p><strong>Recuerden que una vez instalado el cuerpo\u00a0empotrado\u00a0de la\u00a0grifer\u00eda\u00a0revisar de su correcto funcionamiento de paso de agua, comprobaci\u00f3n de cartuchos y corte de agua, si detecta alguna\u00a0anomal\u00eda\u00a0informe a nuestro\u00a0departamento\u00a0para darle una\u00a0soluci\u00f3n, no\u00a0contin\u00fae\u00a0con la\u00a0instalaci\u00f3n\u00a0de cerramiento de la pared.<\/strong><\/p>\n","protected":false},"featured_media":998,"template":"","meta":[],"product_brand":[],"product_cat":[55,47],"product_tag":[],"serie":[73],"manual-de-instalacion":[],"color":[26],"class_list":{"0":"post-995","1":"product","2":"type-product","3":"status-publish","4":"has-post-thumbnail","6":"product_cat-barras-de-ducha","7":"product_cat-duchas","8":"pa_tamano-rociador-20cm","9":"pa_tamano-rociador-25cm","10":"pa_tamano-rociador-30cm","11":"pa_tamano-rociador-40cm","12":"serie-mundo","13":"color-cromo","15":"first","16":"instock","17":"taxable","18":"shipping-taxable","19":"product-type-variable"},"_links":{"self":[{"href":"https:\/\/www.valaz.es\/en\/wp-json\/wp\/v2\/product\/995","targetHints":{"allow":["GET"]}}],"collection":[{"href":"https:\/\/www.valaz.es\/en\/wp-json\/wp\/v2\/product"}],"about":[{"href":"https:\/\/www.valaz.es\/en\/wp-json\/wp\/v2\/types\/product"}],"wp:featuredmedia":[{"embeddable":true,"href":"https:\/\/www.valaz.es\/en\/wp-json\/wp\/v2\/media\/998"}],"wp:attachment":[{"href":"https:\/\/www.valaz.es\/en\/wp-json\/wp\/v2\/media?parent=995"}],"wp:term":[{"taxonomy":"product_brand","embeddable":true,"href":"https:\/\/www.valaz.es\/en\/wp-json\/wp\/v2\/product_brand?post=995"},{"taxonomy":"product_cat","embeddable":true,"href":"https:\/\/www.valaz.es\/en\/wp-json\/wp\/v2\/product_cat?post=995"},{"taxonomy":"product_tag","embeddable":true,"href":"https:\/\/www.valaz.es\/en\/wp-json\/wp\/v2\/product_tag?post=995"},{"taxonomy":"serie","embeddable":true,"href":"https:\/\/www.valaz.es\/en\/wp-json\/wp\/v2\/serie?post=995"},{"taxonomy":"manual-de-instalacion","embeddable":true,"href":"https:\/\/www.valaz.es\/en\/wp-json\/wp\/v2\/manual-de-instalacion?post=995"},{"taxonomy":"color","embeddable":true,"href":"https:\/\/www.valaz.es\/en\/wp-json\/wp\/v2\/color?post=995"}],"curies":[{"name":"wp","href":"https:\/\/api.w.org\/{rel}","templated":true}]}}