{"id":9925,"date":"2023-12-28T16:50:12","date_gmt":"2023-12-28T15:50:12","guid":{"rendered":"https:\/\/www.valaz.es\/?post_type=product&#038;p=9925"},"modified":"2026-01-15T14:23:07","modified_gmt":"2026-01-15T13:23:07","slug":"grifo-de-ducha-banera-monomando-cromado-serie-magro","status":"publish","type":"product","link":"https:\/\/www.valaz.es\/en\/product\/grifo-de-ducha-banera-monomando-cromado-serie-magro\/","title":{"rendered":"Grifo de ducha\/Ba\u00f1era monomando cromado &#8211; Serie Magro"},"content":{"rendered":"<p class=\"\" data-start=\"0\" data-end=\"422\">Este grifo monomando de ducha\/ba\u00f1era cromado de la Serie Magro es perfecto para quienes buscan una opci\u00f3n funcional y est\u00e9tica para su ba\u00f1o. Su dise\u00f1o elegante y acabado cromado no solo resalta por su aspecto brillante, sino que tambi\u00e9n ofrece una gran resistencia y durabilidad. Con su sistema monomando, se regula de manera sencilla tanto el caudal como la temperatura del agua, proporcionando un uso c\u00f3modo y eficiente.<\/p>\n<p class=\"\" data-start=\"424\" data-end=\"439\"><strong data-start=\"424\" data-end=\"439\">Materiales:<\/strong><\/p>\n<ul data-start=\"441\" data-end=\"509\">\n<li class=\"\" data-start=\"441\" data-end=\"479\">\n<p class=\"\" data-start=\"443\" data-end=\"479\">Cuerpo de grifer\u00eda de lat\u00f3n cromado.<\/p>\n<\/li>\n<li data-start=\"495\" data-end=\"535\">Alcachofa de mano: PVC.<\/li>\n<li class=\"\" data-start=\"493\" data-end=\"522\">\n<p class=\"\" data-start=\"495\" data-end=\"522\">Cartucho cer\u00e1mico de 35 mm.<\/p>\n<\/li>\n<li data-start=\"495\" data-end=\"535\">Flexo: Acero inoxidable<\/li>\n<\/ul>\n<p class=\"\" data-start=\"511\" data-end=\"532\"><strong data-start=\"511\" data-end=\"532\">Especificaciones:<\/strong><\/p>\n<ul data-start=\"534\" data-end=\"659\">\n<li class=\"\" data-start=\"534\" data-end=\"561\">\n<p class=\"\" data-start=\"536\" data-end=\"561\">Tipo de grifo: Monomando.<\/p>\n<\/li>\n<li class=\"\" data-start=\"562\" data-end=\"581\">\n<p class=\"\" data-start=\"564\" data-end=\"581\">Acabado: Cromado.<\/p>\n<\/li>\n<li class=\"\" data-start=\"582\" data-end=\"612\">\n<p class=\"\" data-start=\"584\" data-end=\"612\">Cartucho: Cer\u00e1mico de 35 mm.<\/p>\n<\/li>\n<li class=\"\" data-start=\"613\" data-end=\"630\">\n<p class=\"\" data-start=\"615\" data-end=\"630\">Conexi\u00f3n: 1\/2&#8243;.<\/p>\n<\/li>\n<li class=\"\" data-start=\"631\" data-end=\"659\">\n<p class=\"\" data-start=\"633\" data-end=\"659\">Latiguillos 3\/8 incluidos.<\/p>\n<\/li>\n<\/ul>\n<p class=\"\" data-start=\"661\" data-end=\"805\"><strong data-start=\"661\" data-end=\"677\">Instalaci\u00f3n:<\/strong> Este grifo tiene una distancia est\u00e1ndar de 15 cm entre tomas.<\/p>\n","protected":false},"excerpt":{"rendered":"<p>Este grifo monomando de ducha\/ba\u00f1era cromado de la Serie Magro  [&#8230;]<\/p>\n","protected":false},"featured_media":11072,"template":"","meta":[],"product_brand":[],"product_cat":[338],"product_tag":[],"serie":[380],"manual-de-instalacion":[],"color":[26],"class_list":{"0":"post-9925","1":"product","2":"type-product","3":"status-publish","4":"has-post-thumbnail","6":"product_cat-grifos-de-ducha-banera","7":"serie-magro","8":"color-cromo","10":"first","11":"instock","12":"taxable","13":"shipping-taxable","14":"product-type-simple"},"_links":{"self":[{"href":"https:\/\/www.valaz.es\/en\/wp-json\/wp\/v2\/product\/9925","targetHints":{"allow":["GET"]}}],"collection":[{"href":"https:\/\/www.valaz.es\/en\/wp-json\/wp\/v2\/product"}],"about":[{"href":"https:\/\/www.valaz.es\/en\/wp-json\/wp\/v2\/types\/product"}],"wp:featuredmedia":[{"embeddable":true,"href":"https:\/\/www.valaz.es\/en\/wp-json\/wp\/v2\/media\/11072"}],"wp:attachment":[{"href":"https:\/\/www.valaz.es\/en\/wp-json\/wp\/v2\/media?parent=9925"}],"wp:term":[{"taxonomy":"product_brand","embeddable":true,"href":"https:\/\/www.valaz.es\/en\/wp-json\/wp\/v2\/product_brand?post=9925"},{"taxonomy":"product_cat","embeddable":true,"href":"https:\/\/www.valaz.es\/en\/wp-json\/wp\/v2\/product_cat?post=9925"},{"taxonomy":"product_tag","embeddable":true,"href":"https:\/\/www.valaz.es\/en\/wp-json\/wp\/v2\/product_tag?post=9925"},{"taxonomy":"serie","embeddable":true,"href":"https:\/\/www.valaz.es\/en\/wp-json\/wp\/v2\/serie?post=9925"},{"taxonomy":"manual-de-instalacion","embeddable":true,"href":"https:\/\/www.valaz.es\/en\/wp-json\/wp\/v2\/manual-de-instalacion?post=9925"},{"taxonomy":"color","embeddable":true,"href":"https:\/\/www.valaz.es\/en\/wp-json\/wp\/v2\/color?post=9925"}],"curies":[{"name":"wp","href":"https:\/\/api.w.org\/{rel}","templated":true}]}}