{"id":992,"date":"2022-11-15T16:39:20","date_gmt":"2022-11-15T15:39:20","guid":{"rendered":"https:\/\/www.valaz.es\/?post_type=product&#038;p=992"},"modified":"2025-09-30T15:54:21","modified_gmt":"2025-09-30T13:54:21","slug":"grifo-de-lavabo-empotrado-redondo-cano-recto-negro-mate-serie-guadalquivir","status":"publish","type":"product","link":"https:\/\/www.valaz.es\/en\/product\/grifo-de-lavabo-empotrado-redondo-cano-recto-negro-mate-serie-guadalquivir\/","title":{"rendered":"Grifo de lavabo empotrado redondo ca\u00f1o recto negro mate &#8211; Serie Guadalquivir"},"content":{"rendered":"<p class=\"\" data-start=\"1825\" data-end=\"2090\">El acabado en negro mate ofrece un toque moderno y elegante, muy popular en dise\u00f1os contempor\u00e1neos. Este grifo empotrado resalta por su aspecto vanguardista y su versatilidad para combinar con diferentes estilos de decoraci\u00f3n.<\/p>\n<p class=\"\" data-start=\"2092\" data-end=\"2115\"><strong data-start=\"2092\" data-end=\"2112\">Especificaciones<\/strong>:<\/p>\n<ul data-start=\"2116\" data-end=\"2243\">\n<li class=\"\" data-start=\"2116\" data-end=\"2151\">\n<p class=\"\" data-start=\"2118\" data-end=\"2151\"><strong data-start=\"2118\" data-end=\"2130\">Material<\/strong>: Grifer\u00eda de lat\u00f3n<\/p>\n<\/li>\n<li class=\"\" data-start=\"2152\" data-end=\"2188\">\n<p class=\"\" data-start=\"2154\" data-end=\"2188\"><strong data-start=\"2154\" data-end=\"2166\">Cartucho<\/strong>: Cer\u00e1mico monomando<\/p>\n<\/li>\n<li class=\"\" data-start=\"2189\" data-end=\"2221\">\n<p class=\"\" data-start=\"2191\" data-end=\"2221\"><strong data-start=\"2191\" data-end=\"2212\">Longitud del ca\u00f1o<\/strong>: 20 cm<\/p>\n<\/li>\n<\/ul>\n","protected":false},"excerpt":{"rendered":"<p>Serie Guadalquivir destacada por sus l\u00edneas redondas y rectas, cuerpo de la grifer\u00eda en lat\u00f3n, monomando en lat\u00f3n y cartucho cer\u00e1mico monomando. Acabados en cromado, dorado cepillado, acero cepillado y negro mate.<\/p>\n<p>La garant\u00eda de todos nuestros productos es de 3 a\u00f1os, para funcionamiento, duraci\u00f3n del esmaltado y anticorrosi\u00f3n.<\/p>\n<p>Recomendamos para un correcto mantenimiento de la grifer\u00eda y evitar el deterioro por el uso. Secar las gotas de agua con un pa\u00f1o suave despu\u00e9s del uso, evitando que se posen en la superficie y deterioran el acabado, no utilizar esponjas que puedan rayar la grifer\u00eda, utilizar limpiadores como vinagre limpieza, agua caliente y jab\u00f3n con ph neutro.<\/p>\n<p>&nbsp;<\/p>\n<p><strong>Nuestro departamento\u00a0t\u00e9cnico\u00a0dispone de\u00a0gu\u00edas\u00a0de todos los\u00a0modelos\u00a0empotrados\u00a0que vendemos<\/strong><strong>,\u00a0si tiene alguna duda con la\u00a0instalaci\u00f3n\u00a0contacte con nosotros mediante\u00a0tel\u00e9fono,\u00a0WhatsApp\u00a0o email dentro del horario laboral indicado en la web.<\/strong><\/p>\n<p><strong>Recuerden que una vez instalado el cuerpo\u00a0empotrado\u00a0de la\u00a0grifer\u00eda\u00a0revisar de su correcto funcionamiento de paso de agua, comprobaci\u00f3n de cartuchos y corte de agua, si detecta alguna\u00a0anomal\u00eda\u00a0informe a nuestro\u00a0departamento\u00a0para darle una\u00a0soluci\u00f3n, no\u00a0contin\u00fae\u00a0con la\u00a0instalaci\u00f3n\u00a0de cerramiento de la pared.<\/strong><\/p>\n<p>&nbsp;<\/p>\n","protected":false},"featured_media":4779,"template":"","meta":[],"product_brand":[],"product_cat":[48,58],"product_tag":[],"serie":[42],"manual-de-instalacion":[81],"color":[27],"class_list":{"0":"post-992","1":"product","2":"type-product","3":"status-publish","4":"has-post-thumbnail","6":"product_cat-grifos-de-lavabo","7":"product_cat-grifos-de-lavabo-empotrados","8":"serie-guadalquivir","9":"manual-de-instalacion-guia-instalacion-grifo-lavabo-empotrado-sin-caja","10":"color-negro-mate","12":"first","13":"instock","14":"taxable","15":"shipping-taxable","16":"product-type-simple"},"_links":{"self":[{"href":"https:\/\/www.valaz.es\/en\/wp-json\/wp\/v2\/product\/992","targetHints":{"allow":["GET"]}}],"collection":[{"href":"https:\/\/www.valaz.es\/en\/wp-json\/wp\/v2\/product"}],"about":[{"href":"https:\/\/www.valaz.es\/en\/wp-json\/wp\/v2\/types\/product"}],"wp:featuredmedia":[{"embeddable":true,"href":"https:\/\/www.valaz.es\/en\/wp-json\/wp\/v2\/media\/4779"}],"wp:attachment":[{"href":"https:\/\/www.valaz.es\/en\/wp-json\/wp\/v2\/media?parent=992"}],"wp:term":[{"taxonomy":"product_brand","embeddable":true,"href":"https:\/\/www.valaz.es\/en\/wp-json\/wp\/v2\/product_brand?post=992"},{"taxonomy":"product_cat","embeddable":true,"href":"https:\/\/www.valaz.es\/en\/wp-json\/wp\/v2\/product_cat?post=992"},{"taxonomy":"product_tag","embeddable":true,"href":"https:\/\/www.valaz.es\/en\/wp-json\/wp\/v2\/product_tag?post=992"},{"taxonomy":"serie","embeddable":true,"href":"https:\/\/www.valaz.es\/en\/wp-json\/wp\/v2\/serie?post=992"},{"taxonomy":"manual-de-instalacion","embeddable":true,"href":"https:\/\/www.valaz.es\/en\/wp-json\/wp\/v2\/manual-de-instalacion?post=992"},{"taxonomy":"color","embeddable":true,"href":"https:\/\/www.valaz.es\/en\/wp-json\/wp\/v2\/color?post=992"}],"curies":[{"name":"wp","href":"https:\/\/api.w.org\/{rel}","templated":true}]}}