{"id":991,"date":"2022-11-15T16:35:15","date_gmt":"2022-11-15T15:35:15","guid":{"rendered":"https:\/\/www.valaz.es\/?post_type=product&#038;p=991"},"modified":"2026-03-10T10:23:15","modified_gmt":"2026-03-10T09:23:15","slug":"grifo-de-lavabo-encastrado-monomando-cuello-cisne-oro-mate-con-proteccion-pvd-serie-aragon","status":"publish","type":"product","link":"https:\/\/www.valaz.es\/en\/product\/grifo-de-lavabo-encastrado-monomando-cuello-cisne-oro-mate-con-proteccion-pvd-serie-aragon\/","title":{"rendered":"Grifo de lavabo encastrado monomando cuello cisne oro mate con protecci\u00f3n PVD &#8211; Serie Arag\u00f3n"},"content":{"rendered":"<p class=\"\" data-start=\"98\" data-end=\"555\">El grifo de lavabo encastrado monomando cuello cisne de la Serie Arag\u00f3n combina un dise\u00f1o elegante con la resistencia y durabilidad que ofrece el acabado oro mate con protecci\u00f3n PVD. Su ca\u00f1o giratorio de 360\u00ba permite una mayor flexibilidad y comodidad a la hora de utilizarlo. Este grifo est\u00e1 dise\u00f1ado para aquellos que buscan funcionalidad sin renunciar a un dise\u00f1o sofisticado y moderno, ideal para dar un toque de lujo a cualquier ba\u00f1o.<\/p>\n<p class=\"\" data-start=\"557\" data-end=\"580\"><strong data-start=\"557\" data-end=\"577\">Especificaciones<\/strong>:<\/p>\n<ul data-start=\"581\" data-end=\"885\">\n<li class=\"\" data-start=\"581\" data-end=\"615\">\n<p class=\"\" data-start=\"583\" data-end=\"615\"><strong data-start=\"583\" data-end=\"591\">Tipo<\/strong>: Monomando encastrado<\/p>\n<\/li>\n<li class=\"\" data-start=\"616\" data-end=\"644\">\n<p class=\"\" data-start=\"618\" data-end=\"644\"><strong data-start=\"618\" data-end=\"628\">Dise\u00f1o<\/strong>: Cuello cisne<\/p>\n<\/li>\n<li class=\"\" data-start=\"645\" data-end=\"682\">\n<p class=\"\" data-start=\"647\" data-end=\"682\"><strong data-start=\"647\" data-end=\"659\">Rotaci\u00f3n<\/strong>: Ca\u00f1o giratorio 360\u00ba<\/p>\n<\/li>\n<li class=\"\" data-start=\"683\" data-end=\"734\">\n<p class=\"\" data-start=\"685\" data-end=\"734\"><strong data-start=\"685\" data-end=\"708\">Material del cuerpo<\/strong>: Lat\u00f3n dorado cepillado<\/p>\n<\/li>\n<li class=\"\" data-start=\"735\" data-end=\"770\">\n<p class=\"\" data-start=\"737\" data-end=\"770\"><strong data-start=\"737\" data-end=\"749\">Cartucho<\/strong>: Cer\u00e1mico de 35 mm<\/p>\n<\/li>\n<li class=\"\" data-start=\"771\" data-end=\"797\">\n<p class=\"\" data-start=\"773\" data-end=\"797\"><strong data-start=\"773\" data-end=\"788\">Latiguillos<\/strong>: 50 cm<\/p>\n<\/li>\n<li class=\"\" data-start=\"798\" data-end=\"885\">\n<p class=\"\" data-start=\"800\" data-end=\"885\"><strong data-start=\"800\" data-end=\"811\">Acabado<\/strong>: Oro mate con protecci\u00f3n PVD (alta resistencia a la corrosi\u00f3n y desgaste)<\/p>\n<\/li>\n<\/ul>\n","protected":false},"excerpt":{"rendered":"<p>Serie Arag\u00f3n apuesta por la funcionalidad, ya que es cl\u00e1sica y elegante, nuestros grifos de cocina encastrados monomando con cuello de cisne Y GIRATORIO 360 grados. Actualmente tenemos acabado en cromado, negro mate y dorado cepillado. El cuerpo de la grifer\u00eda lat\u00f3n, con cartucho cer\u00e1mico y latiguillos.<\/p>\n<p>&nbsp;<\/p>\n<p>&nbsp;<\/p>\n<p>La garant\u00eda de todos nuestros productos es de 3 a\u00f1os, para funcionamiento, duraci\u00f3n del esmaltado y anticorrosi\u00f3n.<\/p>\n<p>Recomendamos para un correcto mantenimiento de la grifer\u00eda y evitar el deterioro por el uso. Secar las gotas de agua con un pa\u00f1o suave despu\u00e9s del uso, evitando que se posen en la superficie y deterioran el acabado, no utilizar esponjas que puedan rayar la grifer\u00eda, utilizar limpiadores como vinagre limpieza, agua caliente y jab\u00f3n con ph neutro.<\/p>\n<p>&nbsp;<\/p>\n<p><strong>Nuestro departamento\u00a0t\u00e9cnico\u00a0dispone de\u00a0gu\u00edas\u00a0de todos los\u00a0modelos\u00a0empotrados\u00a0que vendemos<\/strong><strong>,\u00a0si tiene alguna duda con la\u00a0instalaci\u00f3n\u00a0contacte con nosotros mediante\u00a0tel\u00e9fono,\u00a0WhatsApp\u00a0o email dentro del horario laboral indicado en la web.<\/strong><\/p>\n<p><strong>Recuerden que una vez instalado el cuerpo\u00a0empotrado\u00a0de la\u00a0grifer\u00eda\u00a0revisar de su correcto funcionamiento de paso de agua, comprobaci\u00f3n de cartuchos y corte de agua, si detecta alguna\u00a0anomal\u00eda\u00a0informe a nuestro\u00a0departamento\u00a0para darle una\u00a0soluci\u00f3n, no\u00a0contin\u00fae\u00a0con la\u00a0instalaci\u00f3n\u00a0de cerramiento de la pared.<\/strong><\/p>\n","protected":false},"featured_media":968,"template":"","meta":[],"product_brand":[],"product_cat":[48],"product_tag":[],"serie":[72],"manual-de-instalacion":[],"color":[34],"class_list":{"0":"post-991","1":"product","2":"type-product","3":"status-publish","4":"has-post-thumbnail","6":"product_cat-grifos-de-lavabo","7":"serie-aragon","8":"color-dorado-cepillado","10":"first","11":"instock","12":"taxable","13":"shipping-taxable","14":"product-type-simple"},"_links":{"self":[{"href":"https:\/\/www.valaz.es\/en\/wp-json\/wp\/v2\/product\/991","targetHints":{"allow":["GET"]}}],"collection":[{"href":"https:\/\/www.valaz.es\/en\/wp-json\/wp\/v2\/product"}],"about":[{"href":"https:\/\/www.valaz.es\/en\/wp-json\/wp\/v2\/types\/product"}],"wp:featuredmedia":[{"embeddable":true,"href":"https:\/\/www.valaz.es\/en\/wp-json\/wp\/v2\/media\/968"}],"wp:attachment":[{"href":"https:\/\/www.valaz.es\/en\/wp-json\/wp\/v2\/media?parent=991"}],"wp:term":[{"taxonomy":"product_brand","embeddable":true,"href":"https:\/\/www.valaz.es\/en\/wp-json\/wp\/v2\/product_brand?post=991"},{"taxonomy":"product_cat","embeddable":true,"href":"https:\/\/www.valaz.es\/en\/wp-json\/wp\/v2\/product_cat?post=991"},{"taxonomy":"product_tag","embeddable":true,"href":"https:\/\/www.valaz.es\/en\/wp-json\/wp\/v2\/product_tag?post=991"},{"taxonomy":"serie","embeddable":true,"href":"https:\/\/www.valaz.es\/en\/wp-json\/wp\/v2\/serie?post=991"},{"taxonomy":"manual-de-instalacion","embeddable":true,"href":"https:\/\/www.valaz.es\/en\/wp-json\/wp\/v2\/manual-de-instalacion?post=991"},{"taxonomy":"color","embeddable":true,"href":"https:\/\/www.valaz.es\/en\/wp-json\/wp\/v2\/color?post=991"}],"curies":[{"name":"wp","href":"https:\/\/api.w.org\/{rel}","templated":true}]}}