{"id":9834,"date":"2023-12-28T16:16:21","date_gmt":"2023-12-28T15:16:21","guid":{"rendered":"https:\/\/www.valaz.es\/?post_type=product&#038;p=9834"},"modified":"2025-08-29T17:54:24","modified_gmt":"2025-08-29T15:54:24","slug":"grifo-de-banera-monomando-cromado-serie-tera","status":"publish","type":"product","link":"https:\/\/www.valaz.es\/en\/product\/grifo-de-banera-monomando-cromado-serie-tera\/","title":{"rendered":"Grifo de ba\u00f1era monomando cromado &#8211; Serie Tera"},"content":{"rendered":"<p class=\"\" data-start=\"0\" data-end=\"383\">Este grifo monomando para ba\u00f1era cromado de la Serie Tera ofrece un dise\u00f1o elegante y funcional para tu ba\u00f1o. Con un acabado cromado brillante, combina estilo y durabilidad, proporcionando un control preciso de la temperatura y el flujo de agua. Ideal para aquellos que buscan un toque moderno y pr\u00e1ctico en su ba\u00f1o, este grifo te garantiza una experiencia de uso c\u00f3moda y eficiente.<\/p>\n<p class=\"\" data-start=\"385\" data-end=\"400\"><strong data-start=\"385\" data-end=\"400\">Materiales:<\/strong><\/p>\n<ul data-start=\"401\" data-end=\"469\">\n<li class=\"\" data-start=\"401\" data-end=\"439\">\n<p class=\"\" data-start=\"403\" data-end=\"439\">Cuerpo de grifer\u00eda de lat\u00f3n cromado.<\/p>\n<\/li>\n<li data-start=\"495\" data-end=\"535\">Alcachofa de mano: PVC.<\/li>\n<li class=\"\" data-start=\"493\" data-end=\"522\">\n<p class=\"\" data-start=\"495\" data-end=\"522\">Cartucho cer\u00e1mico de 35 mm.<\/p>\n<\/li>\n<li data-start=\"495\" data-end=\"535\">Flexo: Acero inoxidable<\/li>\n<\/ul>\n<p class=\"\" data-start=\"471\" data-end=\"492\"><strong data-start=\"471\" data-end=\"492\">Especificaciones:<\/strong><\/p>\n<ul data-start=\"493\" data-end=\"618\">\n<li class=\"\" data-start=\"493\" data-end=\"520\">\n<p class=\"\" data-start=\"495\" data-end=\"520\">Tipo de grifo: Monomando.<\/p>\n<\/li>\n<li class=\"\" data-start=\"521\" data-end=\"540\">\n<p class=\"\" data-start=\"523\" data-end=\"540\">Acabado: Cromado.<\/p>\n<\/li>\n<li class=\"\" data-start=\"541\" data-end=\"571\">\n<p class=\"\" data-start=\"543\" data-end=\"571\">Cartucho: Cer\u00e1mico de 35 mm.<\/p>\n<\/li>\n<li class=\"\" data-start=\"572\" data-end=\"589\">\n<p class=\"\" data-start=\"574\" data-end=\"589\">Conexi\u00f3n: 1\/2&#8243;.<\/p>\n<\/li>\n<li class=\"\" data-start=\"590\" data-end=\"618\">\n<p class=\"\" data-start=\"592\" data-end=\"618\">Latiguillos 3\/8 incluidos.<\/p>\n<\/li>\n<\/ul>\n<p class=\"\" data-start=\"620\" data-end=\"698\"><strong data-start=\"620\" data-end=\"636\">Instalaci\u00f3n:<\/strong> Este grifo tiene una distancia est\u00e1ndar de 15 cm entre tomas.<\/p>\n","protected":false},"excerpt":{"rendered":"<p>Este grifo monomando para ba\u00f1era cromado de la Serie Tera  [&#8230;]<\/p>\n","protected":false},"featured_media":11129,"template":"","meta":[],"product_brand":[],"product_cat":[405],"product_tag":[],"serie":[384],"manual-de-instalacion":[],"color":[26],"class_list":{"0":"post-9834","1":"product","2":"type-product","3":"status-publish","4":"has-post-thumbnail","6":"product_cat-grifos-de-ducha","7":"serie-tera","8":"color-cromo","10":"first","11":"instock","12":"taxable","13":"shipping-taxable","14":"product-type-simple"},"_links":{"self":[{"href":"https:\/\/www.valaz.es\/en\/wp-json\/wp\/v2\/product\/9834","targetHints":{"allow":["GET"]}}],"collection":[{"href":"https:\/\/www.valaz.es\/en\/wp-json\/wp\/v2\/product"}],"about":[{"href":"https:\/\/www.valaz.es\/en\/wp-json\/wp\/v2\/types\/product"}],"wp:featuredmedia":[{"embeddable":true,"href":"https:\/\/www.valaz.es\/en\/wp-json\/wp\/v2\/media\/11129"}],"wp:attachment":[{"href":"https:\/\/www.valaz.es\/en\/wp-json\/wp\/v2\/media?parent=9834"}],"wp:term":[{"taxonomy":"product_brand","embeddable":true,"href":"https:\/\/www.valaz.es\/en\/wp-json\/wp\/v2\/product_brand?post=9834"},{"taxonomy":"product_cat","embeddable":true,"href":"https:\/\/www.valaz.es\/en\/wp-json\/wp\/v2\/product_cat?post=9834"},{"taxonomy":"product_tag","embeddable":true,"href":"https:\/\/www.valaz.es\/en\/wp-json\/wp\/v2\/product_tag?post=9834"},{"taxonomy":"serie","embeddable":true,"href":"https:\/\/www.valaz.es\/en\/wp-json\/wp\/v2\/serie?post=9834"},{"taxonomy":"manual-de-instalacion","embeddable":true,"href":"https:\/\/www.valaz.es\/en\/wp-json\/wp\/v2\/manual-de-instalacion?post=9834"},{"taxonomy":"color","embeddable":true,"href":"https:\/\/www.valaz.es\/en\/wp-json\/wp\/v2\/color?post=9834"}],"curies":[{"name":"wp","href":"https:\/\/api.w.org\/{rel}","templated":true}]}}