{"id":9761,"date":"2023-12-28T16:12:34","date_gmt":"2023-12-28T15:12:34","guid":{"rendered":"https:\/\/www.valaz.es\/?post_type=product&#038;p=9761"},"modified":"2025-09-26T17:54:19","modified_gmt":"2025-09-26T15:54:19","slug":"grifo-de-banera-ducha-redondo-monomando-negro-mate-serie-viar","status":"publish","type":"product","link":"https:\/\/www.valaz.es\/en\/product\/grifo-de-banera-ducha-redondo-monomando-negro-mate-serie-viar\/","title":{"rendered":"Grifo de ba\u00f1era\/ducha redondo monomando negro mate &#8211; Serie Viar"},"content":{"rendered":"<p class=\"\" data-start=\"69\" data-end=\"404\">Este grifo de ba\u00f1era\/ducha monomando de la Serie Viar en acabado negro mate es la opci\u00f3n perfecta para quienes buscan un dise\u00f1o moderno y funcional. Su estilo redondo y su acabado mate aportan un toque elegante a cualquier ba\u00f1o, mientras que su sistema monomando permite un control f\u00e1cil y preciso de la temperatura y el flujo de agua.<\/p>\n<p class=\"\" data-start=\"406\" data-end=\"421\"><strong data-start=\"406\" data-end=\"421\">Materiales:<\/strong><\/p>\n<ul data-start=\"423\" data-end=\"494\">\n<li class=\"\" data-start=\"423\" data-end=\"464\">\n<p class=\"\" data-start=\"425\" data-end=\"464\">Cuerpo de grifer\u00eda de lat\u00f3n negro mate.<\/p>\n<\/li>\n<li class=\"\" data-start=\"465\" data-end=\"494\">\n<p class=\"\" data-start=\"467\" data-end=\"494\">Cartucho cer\u00e1mico de 35 mm.<\/p>\n<\/li>\n<li data-start=\"465\" data-end=\"494\">Alcachofa de mano y flexo: PVC.<\/li>\n<\/ul>\n<p class=\"\" data-start=\"496\" data-end=\"517\"><strong data-start=\"496\" data-end=\"517\">Especificaciones:<\/strong><\/p>\n<ul data-start=\"519\" data-end=\"647\">\n<li class=\"\" data-start=\"519\" data-end=\"546\">\n<p class=\"\" data-start=\"521\" data-end=\"546\">Tipo de grifo: Monomando.<\/p>\n<\/li>\n<li class=\"\" data-start=\"547\" data-end=\"569\">\n<p class=\"\" data-start=\"549\" data-end=\"569\">Acabado: Negro mate.<\/p>\n<\/li>\n<li class=\"\" data-start=\"570\" data-end=\"600\">\n<p class=\"\" data-start=\"572\" data-end=\"600\">Cartucho: Cer\u00e1mico de 35 mm.<\/p>\n<\/li>\n<li class=\"\" data-start=\"601\" data-end=\"618\">\n<p class=\"\" data-start=\"603\" data-end=\"618\">Conexi\u00f3n: 1\/2&#8243;.<\/p>\n<\/li>\n<li class=\"\" data-start=\"619\" data-end=\"647\">\n<p class=\"\" data-start=\"621\" data-end=\"647\">Latiguillos 3\/8 incluidos.<\/p>\n<\/li>\n<\/ul>\n<p class=\"\" data-start=\"649\" data-end=\"727\"><strong data-start=\"649\" data-end=\"665\">Instalaci\u00f3n:<\/strong> Este grifo tiene una distancia est\u00e1ndar de 15 cm entre tomas.<\/p>\n","protected":false},"excerpt":{"rendered":"<p>Este grifo de ba\u00f1era\/ducha monomando de la Serie Viar en  [&#8230;]<\/p>\n","protected":false},"featured_media":11097,"template":"","meta":[],"product_brand":[],"product_cat":[338],"product_tag":[],"serie":[381],"manual-de-instalacion":[],"color":[27],"class_list":{"0":"post-9761","1":"product","2":"type-product","3":"status-publish","4":"has-post-thumbnail","6":"product_cat-grifos-de-ducha-banera","7":"serie-viar","8":"color-negro-mate","10":"first","11":"instock","12":"taxable","13":"shipping-taxable","14":"product-type-simple"},"_links":{"self":[{"href":"https:\/\/www.valaz.es\/en\/wp-json\/wp\/v2\/product\/9761","targetHints":{"allow":["GET"]}}],"collection":[{"href":"https:\/\/www.valaz.es\/en\/wp-json\/wp\/v2\/product"}],"about":[{"href":"https:\/\/www.valaz.es\/en\/wp-json\/wp\/v2\/types\/product"}],"wp:featuredmedia":[{"embeddable":true,"href":"https:\/\/www.valaz.es\/en\/wp-json\/wp\/v2\/media\/11097"}],"wp:attachment":[{"href":"https:\/\/www.valaz.es\/en\/wp-json\/wp\/v2\/media?parent=9761"}],"wp:term":[{"taxonomy":"product_brand","embeddable":true,"href":"https:\/\/www.valaz.es\/en\/wp-json\/wp\/v2\/product_brand?post=9761"},{"taxonomy":"product_cat","embeddable":true,"href":"https:\/\/www.valaz.es\/en\/wp-json\/wp\/v2\/product_cat?post=9761"},{"taxonomy":"product_tag","embeddable":true,"href":"https:\/\/www.valaz.es\/en\/wp-json\/wp\/v2\/product_tag?post=9761"},{"taxonomy":"serie","embeddable":true,"href":"https:\/\/www.valaz.es\/en\/wp-json\/wp\/v2\/serie?post=9761"},{"taxonomy":"manual-de-instalacion","embeddable":true,"href":"https:\/\/www.valaz.es\/en\/wp-json\/wp\/v2\/manual-de-instalacion?post=9761"},{"taxonomy":"color","embeddable":true,"href":"https:\/\/www.valaz.es\/en\/wp-json\/wp\/v2\/color?post=9761"}],"curies":[{"name":"wp","href":"https:\/\/api.w.org\/{rel}","templated":true}]}}