{"id":9715,"date":"2023-12-28T16:11:10","date_gmt":"2023-12-28T15:11:10","guid":{"rendered":"https:\/\/www.valaz.es\/?post_type=product&#038;p=9715"},"modified":"2025-11-11T15:54:24","modified_gmt":"2025-11-11T14:54:24","slug":"grifo-de-banera-ducha-monomando-negro-mate-serie-magro","status":"publish","type":"product","link":"https:\/\/www.valaz.es\/en\/product\/grifo-de-banera-ducha-monomando-negro-mate-serie-magro\/","title":{"rendered":"Grifo de ba\u00f1era\/ducha monomando negro mate &#8211; Serie Magro"},"content":{"rendered":"<p class=\"\" data-start=\"0\" data-end=\"365\">Este grifo monomando de ba\u00f1era\/ducha negro mate de la Serie Magro es ideal para quienes buscan una opci\u00f3n moderna y funcional. Con su acabado en negro mate, aporta un toque elegante y sofisticado a tu ba\u00f1o. Su dise\u00f1o de monomando permite controlar f\u00e1cilmente tanto el flujo como la temperatura del agua, brindando una experiencia de ducha o ba\u00f1o c\u00f3moda y eficiente.<\/p>\n<p class=\"\" data-start=\"367\" data-end=\"382\"><strong data-start=\"367\" data-end=\"381\">Materiales<\/strong>:<\/p>\n<ul data-start=\"383\" data-end=\"454\">\n<li class=\"\" data-start=\"383\" data-end=\"424\">\n<p class=\"\" data-start=\"385\" data-end=\"424\">Cuerpo de grifer\u00eda de lat\u00f3n negro mate.<\/p>\n<\/li>\n<li class=\"\" data-start=\"425\" data-end=\"454\">\n<p class=\"\" data-start=\"427\" data-end=\"454\">Cartucho cer\u00e1mico de 35 mm.<\/p>\n<\/li>\n<li data-start=\"425\" data-end=\"454\">Alcachofa de mano y flexo: PVC.<\/li>\n<\/ul>\n<p class=\"\" data-start=\"456\" data-end=\"477\"><strong data-start=\"456\" data-end=\"476\">Especificaciones<\/strong>:<\/p>\n<ul data-start=\"478\" data-end=\"606\">\n<li class=\"\" data-start=\"478\" data-end=\"505\">\n<p class=\"\" data-start=\"480\" data-end=\"505\">Tipo de grifo: Monomando.<\/p>\n<\/li>\n<li class=\"\" data-start=\"506\" data-end=\"528\">\n<p class=\"\" data-start=\"508\" data-end=\"528\">Acabado: Negro mate.<\/p>\n<\/li>\n<li class=\"\" data-start=\"529\" data-end=\"559\">\n<p class=\"\" data-start=\"531\" data-end=\"559\">Cartucho: Cer\u00e1mico de 35 mm.<\/p>\n<\/li>\n<li class=\"\" data-start=\"560\" data-end=\"577\">\n<p class=\"\" data-start=\"562\" data-end=\"577\">Conexi\u00f3n: 1\/2&#8243;.<\/p>\n<\/li>\n<li class=\"\" data-start=\"578\" data-end=\"606\">\n<p class=\"\" data-start=\"580\" data-end=\"606\">Latiguillos 3\/8 incluidos.<\/p>\n<\/li>\n<\/ul>\n<p class=\"\" data-start=\"608\" data-end=\"686\"><strong data-start=\"608\" data-end=\"623\">Instalaci\u00f3n<\/strong>: Este grifo tiene una distancia est\u00e1ndar de 15 cm entre tomas.<\/p>\n","protected":false},"excerpt":{"rendered":"<p>Este grifo monomando de ba\u00f1era\/ducha negro mate de la Serie  [&#8230;]<\/p>\n","protected":false},"featured_media":10094,"template":"","meta":[],"product_brand":[],"product_cat":[338],"product_tag":[],"serie":[380],"manual-de-instalacion":[],"color":[27],"class_list":{"0":"post-9715","1":"product","2":"type-product","3":"status-publish","4":"has-post-thumbnail","6":"product_cat-grifos-de-ducha-banera","7":"serie-magro","8":"color-negro-mate","10":"first","11":"outofstock","12":"taxable","13":"shipping-taxable","14":"product-type-simple"},"_links":{"self":[{"href":"https:\/\/www.valaz.es\/en\/wp-json\/wp\/v2\/product\/9715","targetHints":{"allow":["GET"]}}],"collection":[{"href":"https:\/\/www.valaz.es\/en\/wp-json\/wp\/v2\/product"}],"about":[{"href":"https:\/\/www.valaz.es\/en\/wp-json\/wp\/v2\/types\/product"}],"wp:featuredmedia":[{"embeddable":true,"href":"https:\/\/www.valaz.es\/en\/wp-json\/wp\/v2\/media\/10094"}],"wp:attachment":[{"href":"https:\/\/www.valaz.es\/en\/wp-json\/wp\/v2\/media?parent=9715"}],"wp:term":[{"taxonomy":"product_brand","embeddable":true,"href":"https:\/\/www.valaz.es\/en\/wp-json\/wp\/v2\/product_brand?post=9715"},{"taxonomy":"product_cat","embeddable":true,"href":"https:\/\/www.valaz.es\/en\/wp-json\/wp\/v2\/product_cat?post=9715"},{"taxonomy":"product_tag","embeddable":true,"href":"https:\/\/www.valaz.es\/en\/wp-json\/wp\/v2\/product_tag?post=9715"},{"taxonomy":"serie","embeddable":true,"href":"https:\/\/www.valaz.es\/en\/wp-json\/wp\/v2\/serie?post=9715"},{"taxonomy":"manual-de-instalacion","embeddable":true,"href":"https:\/\/www.valaz.es\/en\/wp-json\/wp\/v2\/manual-de-instalacion?post=9715"},{"taxonomy":"color","embeddable":true,"href":"https:\/\/www.valaz.es\/en\/wp-json\/wp\/v2\/color?post=9715"}],"curies":[{"name":"wp","href":"https:\/\/api.w.org\/{rel}","templated":true}]}}