{"id":9697,"date":"2023-12-28T16:10:14","date_gmt":"2023-12-28T15:10:14","guid":{"rendered":"https:\/\/www.valaz.es\/?post_type=product&#038;p=9697"},"modified":"2025-12-15T15:54:27","modified_gmt":"2025-12-15T14:54:27","slug":"grifo-de-bide-monomando-negro-mate-serie-magro","status":"publish","type":"product","link":"https:\/\/www.valaz.es\/en\/product\/grifo-de-bide-monomando-negro-mate-serie-magro\/","title":{"rendered":"Grifo de bid\u00e9 monomando negro mate &#8211; Serie Magro"},"content":{"rendered":"<p class=\"\" data-start=\"0\" data-end=\"379\">Este grifo monomando de bid\u00e9 negro mate de la Serie Magro es la elecci\u00f3n perfecta para quienes buscan un dise\u00f1o moderno y funcional en su ba\u00f1o. Con su acabado negro mate, proporciona un estilo contempor\u00e1neo que se adapta a una amplia variedad de estilos de decoraci\u00f3n. El sistema monomando asegura una f\u00e1cil regulaci\u00f3n de la temperatura y el flujo de agua con un solo movimiento.<\/p>\n<p class=\"\" data-start=\"381\" data-end=\"398\"><strong data-start=\"381\" data-end=\"395\">Materiales<\/strong>:<\/p>\n<ul data-start=\"399\" data-end=\"472\">\n<li class=\"\" data-start=\"399\" data-end=\"442\">\n<p class=\"\" data-start=\"401\" data-end=\"442\">Cuerpo de grifer\u00eda de lat\u00f3n negro mate.<\/p>\n<\/li>\n<li class=\"\" data-start=\"443\" data-end=\"472\">\n<p class=\"\" data-start=\"445\" data-end=\"472\">Cartucho cer\u00e1mico de 35 mm.<\/p>\n<\/li>\n<\/ul>\n<p class=\"\" data-start=\"474\" data-end=\"497\"><strong data-start=\"474\" data-end=\"494\">Especificaciones<\/strong>:<\/p>\n<ul data-start=\"498\" data-end=\"634\">\n<li class=\"\" data-start=\"498\" data-end=\"527\">\n<p class=\"\" data-start=\"500\" data-end=\"527\">Tipo de grifo: Monomando.<\/p>\n<\/li>\n<li class=\"\" data-start=\"528\" data-end=\"552\">\n<p class=\"\" data-start=\"530\" data-end=\"552\">Acabado: Negro mate.<\/p>\n<\/li>\n<li class=\"\" data-start=\"553\" data-end=\"585\">\n<p class=\"\" data-start=\"555\" data-end=\"585\">Cartucho: Cer\u00e1mico de 35 mm.<\/p>\n<\/li>\n<li class=\"\" data-start=\"586\" data-end=\"605\">\n<p class=\"\" data-start=\"588\" data-end=\"605\">Conexi\u00f3n: 1\/2&#8243;.<\/p>\n<\/li>\n<li class=\"\" data-start=\"606\" data-end=\"634\">\n<p class=\"\" data-start=\"608\" data-end=\"634\">Latiguillos 3\/8 incluidos.<\/p>\n<\/li>\n<\/ul>\n","protected":false},"excerpt":{"rendered":"<p>Este grifo monomando de bid\u00e9 negro mate de la Serie  [&#8230;]<\/p>\n","protected":false},"featured_media":9684,"template":"","meta":[],"product_brand":[],"product_cat":[54],"product_tag":[],"serie":[380],"manual-de-instalacion":[83],"color":[27],"class_list":{"0":"post-9697","1":"product","2":"type-product","3":"status-publish","4":"has-post-thumbnail","6":"product_cat-grifos-de-bidet","7":"serie-magro","8":"manual-de-instalacion-guia-instalacion-grifo-superficie","9":"color-negro-mate","11":"first","12":"instock","13":"taxable","14":"shipping-taxable","15":"product-type-simple"},"_links":{"self":[{"href":"https:\/\/www.valaz.es\/en\/wp-json\/wp\/v2\/product\/9697","targetHints":{"allow":["GET"]}}],"collection":[{"href":"https:\/\/www.valaz.es\/en\/wp-json\/wp\/v2\/product"}],"about":[{"href":"https:\/\/www.valaz.es\/en\/wp-json\/wp\/v2\/types\/product"}],"wp:featuredmedia":[{"embeddable":true,"href":"https:\/\/www.valaz.es\/en\/wp-json\/wp\/v2\/media\/9684"}],"wp:attachment":[{"href":"https:\/\/www.valaz.es\/en\/wp-json\/wp\/v2\/media?parent=9697"}],"wp:term":[{"taxonomy":"product_brand","embeddable":true,"href":"https:\/\/www.valaz.es\/en\/wp-json\/wp\/v2\/product_brand?post=9697"},{"taxonomy":"product_cat","embeddable":true,"href":"https:\/\/www.valaz.es\/en\/wp-json\/wp\/v2\/product_cat?post=9697"},{"taxonomy":"product_tag","embeddable":true,"href":"https:\/\/www.valaz.es\/en\/wp-json\/wp\/v2\/product_tag?post=9697"},{"taxonomy":"serie","embeddable":true,"href":"https:\/\/www.valaz.es\/en\/wp-json\/wp\/v2\/serie?post=9697"},{"taxonomy":"manual-de-instalacion","embeddable":true,"href":"https:\/\/www.valaz.es\/en\/wp-json\/wp\/v2\/manual-de-instalacion?post=9697"},{"taxonomy":"color","embeddable":true,"href":"https:\/\/www.valaz.es\/en\/wp-json\/wp\/v2\/color?post=9697"}],"curies":[{"name":"wp","href":"https:\/\/api.w.org\/{rel}","templated":true}]}}