{"id":9669,"date":"2023-12-28T16:08:56","date_gmt":"2023-12-28T15:08:56","guid":{"rendered":"https:\/\/www.valaz.es\/?post_type=product&#038;p=9669"},"modified":"2026-01-29T16:38:26","modified_gmt":"2026-01-29T15:38:26","slug":"grifo-de-banera-ducha-cuadrado-monomando-negro-mate-serie-vinalopo","status":"publish","type":"product","link":"https:\/\/www.valaz.es\/en\/product\/grifo-de-banera-ducha-cuadrado-monomando-negro-mate-serie-vinalopo\/","title":{"rendered":"Grifo de ba\u00f1era\/ducha cuadrado monomando negro mate &#8211; Serie Vinalopo"},"content":{"rendered":"<p class=\"\" data-start=\"176\" data-end=\"514\">Este grifo monomando cuadrado para ba\u00f1era\/ducha en negro mate de la Serie Vinalop\u00f3 combina estilo y funcionalidad en un dise\u00f1o elegante. Ideal para ba\u00f1os modernos, su acabado en negro mate y su control monomando proporcionan una experiencia c\u00f3moda y eficiente, permitiendo regular la temperatura y el flujo de agua con un solo movimiento.<\/p>\n<p class=\"\" data-start=\"516\" data-end=\"533\"><strong data-start=\"516\" data-end=\"530\">Materiales<\/strong>:<\/p>\n<ul data-start=\"534\" data-end=\"607\">\n<li class=\"\" data-start=\"534\" data-end=\"577\">\n<p class=\"\" data-start=\"536\" data-end=\"577\">Cuerpo de grifer\u00eda de lat\u00f3n negro mate.<\/p>\n<\/li>\n<li class=\"\" data-start=\"578\" data-end=\"607\">\n<p class=\"\" data-start=\"580\" data-end=\"607\">Cartucho cer\u00e1mico de 35 mm.<\/p>\n<\/li>\n<li data-start=\"578\" data-end=\"607\">Alcachofa de mano y flexo: PVC.<\/li>\n<\/ul>\n<p class=\"\" data-start=\"609\" data-end=\"632\"><strong data-start=\"609\" data-end=\"629\">Especificaciones<\/strong>:<\/p>\n<ul data-start=\"633\" data-end=\"798\">\n<li class=\"\" data-start=\"633\" data-end=\"689\">\n<p class=\"\" data-start=\"635\" data-end=\"689\">Tipo de grifo: Monomando cuadrado para ba\u00f1era\/ducha.<\/p>\n<\/li>\n<li class=\"\" data-start=\"690\" data-end=\"714\">\n<p class=\"\" data-start=\"692\" data-end=\"714\">Acabado: Negro mate.<\/p>\n<\/li>\n<li class=\"\" data-start=\"715\" data-end=\"747\">\n<p class=\"\" data-start=\"717\" data-end=\"747\">Cartucho: Cer\u00e1mico de 35 mm.<\/p>\n<\/li>\n<li class=\"\" data-start=\"748\" data-end=\"767\">\n<p class=\"\" data-start=\"750\" data-end=\"767\">Conexi\u00f3n: 1\/2&#8243;.<\/p>\n<\/li>\n<li class=\"\" data-start=\"768\" data-end=\"798\">\n<p class=\"\" data-start=\"770\" data-end=\"798\">Latiguillos 3\/8 incluidos.<\/p>\n<\/li>\n<\/ul>\n<p class=\"\" data-start=\"800\" data-end=\"878\"><strong data-start=\"800\" data-end=\"815\">Instalaci\u00f3n<\/strong>: Este grifo tiene una distancia est\u00e1ndar de 15 cm entre toma<\/p>\n","protected":false},"excerpt":{"rendered":"<p>Este grifo monomando cuadrado para ba\u00f1era\/ducha en negro mate de  [&#8230;]<\/p>\n","protected":false},"featured_media":9661,"template":"","meta":[],"product_brand":[],"product_cat":[338],"product_tag":[],"serie":[379],"manual-de-instalacion":[],"color":[27],"class_list":{"0":"post-9669","1":"product","2":"type-product","3":"status-publish","4":"has-post-thumbnail","6":"product_cat-grifos-de-ducha-banera","7":"serie-vinalopo","8":"color-negro-mate","10":"first","11":"outofstock","12":"taxable","13":"shipping-taxable","14":"product-type-simple"},"_links":{"self":[{"href":"https:\/\/www.valaz.es\/en\/wp-json\/wp\/v2\/product\/9669","targetHints":{"allow":["GET"]}}],"collection":[{"href":"https:\/\/www.valaz.es\/en\/wp-json\/wp\/v2\/product"}],"about":[{"href":"https:\/\/www.valaz.es\/en\/wp-json\/wp\/v2\/types\/product"}],"wp:featuredmedia":[{"embeddable":true,"href":"https:\/\/www.valaz.es\/en\/wp-json\/wp\/v2\/media\/9661"}],"wp:attachment":[{"href":"https:\/\/www.valaz.es\/en\/wp-json\/wp\/v2\/media?parent=9669"}],"wp:term":[{"taxonomy":"product_brand","embeddable":true,"href":"https:\/\/www.valaz.es\/en\/wp-json\/wp\/v2\/product_brand?post=9669"},{"taxonomy":"product_cat","embeddable":true,"href":"https:\/\/www.valaz.es\/en\/wp-json\/wp\/v2\/product_cat?post=9669"},{"taxonomy":"product_tag","embeddable":true,"href":"https:\/\/www.valaz.es\/en\/wp-json\/wp\/v2\/product_tag?post=9669"},{"taxonomy":"serie","embeddable":true,"href":"https:\/\/www.valaz.es\/en\/wp-json\/wp\/v2\/serie?post=9669"},{"taxonomy":"manual-de-instalacion","embeddable":true,"href":"https:\/\/www.valaz.es\/en\/wp-json\/wp\/v2\/manual-de-instalacion?post=9669"},{"taxonomy":"color","embeddable":true,"href":"https:\/\/www.valaz.es\/en\/wp-json\/wp\/v2\/color?post=9669"}],"curies":[{"name":"wp","href":"https:\/\/api.w.org\/{rel}","templated":true}]}}