{"id":9652,"date":"2023-12-28T16:08:46","date_gmt":"2023-12-28T15:08:46","guid":{"rendered":"https:\/\/www.valaz.es\/?post_type=product&#038;p=9652"},"modified":"2025-07-02T16:08:01","modified_gmt":"2025-07-02T14:08:01","slug":"grifo-de-ducha-cuadrado-monomando-negro-mate-serie-vinalopo","status":"publish","type":"product","link":"https:\/\/www.valaz.es\/en\/product\/grifo-de-ducha-cuadrado-monomando-negro-mate-serie-vinalopo\/","title":{"rendered":"Grifo de ducha cuadrado monomando negro mate &#8211; Serie Vinalopo"},"content":{"rendered":"<p class=\"\" data-start=\"67\" data-end=\"427\">Este grifo de ducha cuadrado monomando negro mate de la Serie Vinalop\u00f3 ofrece una opci\u00f3n moderna y elegante para tu ba\u00f1o. Su dise\u00f1o cuadrado y acabado negro mate aportan un toque de sofisticaci\u00f3n, mientras que el sistema monomando permite ajustar f\u00e1cilmente la temperatura y el flujo de agua con una sola palanca, brindando comodidad y control en todo momento.<\/p>\n<p class=\"\" data-start=\"429\" data-end=\"446\"><strong data-start=\"429\" data-end=\"443\">Materiales<\/strong>:<\/p>\n<ul data-start=\"447\" data-end=\"520\">\n<li class=\"\" data-start=\"447\" data-end=\"490\">\n<p class=\"\" data-start=\"449\" data-end=\"490\">Cuerpo de grifer\u00eda de lat\u00f3n negro mate.<\/p>\n<\/li>\n<li class=\"\" data-start=\"491\" data-end=\"520\">\n<p class=\"\" data-start=\"493\" data-end=\"520\">Cartucho cer\u00e1mico de 35 mm.<\/p>\n<\/li>\n<li data-start=\"491\" data-end=\"520\">Alcachofa de mano y flexo: PVC.<\/li>\n<\/ul>\n<p class=\"\" data-start=\"522\" data-end=\"545\"><strong data-start=\"522\" data-end=\"542\">Especificaciones<\/strong>:<\/p>\n<ul data-start=\"546\" data-end=\"704\">\n<li class=\"\" data-start=\"546\" data-end=\"595\">\n<p class=\"\" data-start=\"548\" data-end=\"595\">Tipo de grifo: Monomando cuadrado para ducha.<\/p>\n<\/li>\n<li class=\"\" data-start=\"596\" data-end=\"620\">\n<p class=\"\" data-start=\"598\" data-end=\"620\">Acabado: Negro mate.<\/p>\n<\/li>\n<li class=\"\" data-start=\"621\" data-end=\"653\">\n<p class=\"\" data-start=\"623\" data-end=\"653\">Cartucho: Cer\u00e1mico de 35 mm.<\/p>\n<\/li>\n<li class=\"\" data-start=\"654\" data-end=\"673\">\n<p class=\"\" data-start=\"656\" data-end=\"673\">Conexi\u00f3n: 1\/2&#8243;.<\/p>\n<\/li>\n<li class=\"\" data-start=\"674\" data-end=\"704\">\n<p class=\"\" data-start=\"676\" data-end=\"704\">Latiguillos 3\/8 incluidos.<\/p>\n<\/li>\n<\/ul>\n<p class=\"\" data-start=\"706\" data-end=\"784\"><strong data-start=\"706\" data-end=\"721\">Instalaci\u00f3n<\/strong>: Este grifo tiene una distancia est\u00e1ndar de 15 cm entre tomas.<\/p>\n","protected":false},"excerpt":{"rendered":"<p>Este grifo de ducha cuadrado monomando negro mate de la  [&#8230;]<\/p>\n","protected":false},"featured_media":9665,"template":"","meta":[],"product_brand":[],"product_cat":[405],"product_tag":[],"serie":[379],"manual-de-instalacion":[],"color":[27],"class_list":{"0":"post-9652","1":"product","2":"type-product","3":"status-publish","4":"has-post-thumbnail","6":"product_cat-grifos-de-ducha","7":"serie-vinalopo","8":"color-negro-mate","10":"first","11":"instock","12":"taxable","13":"shipping-taxable","14":"product-type-simple"},"_links":{"self":[{"href":"https:\/\/www.valaz.es\/en\/wp-json\/wp\/v2\/product\/9652","targetHints":{"allow":["GET"]}}],"collection":[{"href":"https:\/\/www.valaz.es\/en\/wp-json\/wp\/v2\/product"}],"about":[{"href":"https:\/\/www.valaz.es\/en\/wp-json\/wp\/v2\/types\/product"}],"wp:featuredmedia":[{"embeddable":true,"href":"https:\/\/www.valaz.es\/en\/wp-json\/wp\/v2\/media\/9665"}],"wp:attachment":[{"href":"https:\/\/www.valaz.es\/en\/wp-json\/wp\/v2\/media?parent=9652"}],"wp:term":[{"taxonomy":"product_brand","embeddable":true,"href":"https:\/\/www.valaz.es\/en\/wp-json\/wp\/v2\/product_brand?post=9652"},{"taxonomy":"product_cat","embeddable":true,"href":"https:\/\/www.valaz.es\/en\/wp-json\/wp\/v2\/product_cat?post=9652"},{"taxonomy":"product_tag","embeddable":true,"href":"https:\/\/www.valaz.es\/en\/wp-json\/wp\/v2\/product_tag?post=9652"},{"taxonomy":"serie","embeddable":true,"href":"https:\/\/www.valaz.es\/en\/wp-json\/wp\/v2\/serie?post=9652"},{"taxonomy":"manual-de-instalacion","embeddable":true,"href":"https:\/\/www.valaz.es\/en\/wp-json\/wp\/v2\/manual-de-instalacion?post=9652"},{"taxonomy":"color","embeddable":true,"href":"https:\/\/www.valaz.es\/en\/wp-json\/wp\/v2\/color?post=9652"}],"curies":[{"name":"wp","href":"https:\/\/api.w.org\/{rel}","templated":true}]}}