{"id":9624,"date":"2023-12-28T16:06:29","date_gmt":"2023-12-28T15:06:29","guid":{"rendered":"https:\/\/www.valaz.es\/?post_type=product&#038;p=9624"},"modified":"2025-11-25T13:54:39","modified_gmt":"2025-11-25T12:54:39","slug":"grifo-de-lavabo-monomando-negro-mate-serie-vinalopo","status":"publish","type":"product","link":"https:\/\/www.valaz.es\/en\/product\/grifo-de-lavabo-monomando-negro-mate-serie-vinalopo\/","title":{"rendered":"Grifo de lavabo monomando negro mate &#8211; Serie Vinalop\u00f3"},"content":{"rendered":"<p class=\"\" data-start=\"108\" data-end=\"414\">Este grifo monomando de lavabo negro mate de la Serie Vinalop\u00f3 es perfecto para quienes buscan un dise\u00f1o moderno y elegante para su ba\u00f1o. Su acabado en negro mate aporta un toque de sofisticaci\u00f3n, mientras que el sistema monomando permite una regulaci\u00f3n sencilla y precisa del flujo y temperatura del agua.<\/p>\n<p class=\"\" data-start=\"416\" data-end=\"431\"><strong data-start=\"416\" data-end=\"431\">Materiales:<\/strong><\/p>\n<ul data-start=\"433\" data-end=\"504\">\n<li class=\"\" data-start=\"433\" data-end=\"474\">\n<p class=\"\" data-start=\"435\" data-end=\"474\">Cuerpo de grifer\u00eda de lat\u00f3n negro mate.<\/p>\n<\/li>\n<li class=\"\" data-start=\"475\" data-end=\"504\">\n<p class=\"\" data-start=\"477\" data-end=\"504\">Cartucho cer\u00e1mico de 35 mm.<\/p>\n<\/li>\n<\/ul>\n<p class=\"\" data-start=\"506\" data-end=\"527\"><strong data-start=\"506\" data-end=\"527\">Especificaciones:<\/strong><\/p>\n<ul data-start=\"529\" data-end=\"658\">\n<li class=\"\" data-start=\"529\" data-end=\"556\">\n<p class=\"\" data-start=\"531\" data-end=\"556\">Tipo de grifo: Monomando.<\/p>\n<\/li>\n<li class=\"\" data-start=\"557\" data-end=\"579\">\n<p class=\"\" data-start=\"559\" data-end=\"579\">Acabado: Negro mate.<\/p>\n<\/li>\n<li class=\"\" data-start=\"580\" data-end=\"610\">\n<p class=\"\" data-start=\"582\" data-end=\"610\">Cartucho: Cer\u00e1mico de 35 mm.<\/p>\n<\/li>\n<li class=\"\" data-start=\"611\" data-end=\"628\">\n<p class=\"\" data-start=\"613\" data-end=\"628\">Conexi\u00f3n: 1\/2&#8243;.<\/p>\n<\/li>\n<li class=\"\" data-start=\"629\" data-end=\"658\">\n<p class=\"\" data-start=\"631\" data-end=\"658\">Latiguillos 3\/8 incluidos.<\/p>\n<\/li>\n<\/ul>\n","protected":false},"excerpt":{"rendered":"<p>Este grifo monomando de lavabo negro mate de la Serie  [&#8230;]<\/p>\n","protected":false},"featured_media":9629,"template":"","meta":[],"product_brand":[],"product_cat":[48],"product_tag":[],"serie":[379],"manual-de-instalacion":[83],"color":[27],"class_list":{"0":"post-9624","1":"product","2":"type-product","3":"status-publish","4":"has-post-thumbnail","6":"product_cat-grifos-de-lavabo","7":"serie-vinalopo","8":"manual-de-instalacion-guia-instalacion-grifo-superficie","9":"color-negro-mate","11":"first","12":"instock","13":"taxable","14":"shipping-taxable","15":"product-type-simple"},"_links":{"self":[{"href":"https:\/\/www.valaz.es\/en\/wp-json\/wp\/v2\/product\/9624","targetHints":{"allow":["GET"]}}],"collection":[{"href":"https:\/\/www.valaz.es\/en\/wp-json\/wp\/v2\/product"}],"about":[{"href":"https:\/\/www.valaz.es\/en\/wp-json\/wp\/v2\/types\/product"}],"wp:featuredmedia":[{"embeddable":true,"href":"https:\/\/www.valaz.es\/en\/wp-json\/wp\/v2\/media\/9629"}],"wp:attachment":[{"href":"https:\/\/www.valaz.es\/en\/wp-json\/wp\/v2\/media?parent=9624"}],"wp:term":[{"taxonomy":"product_brand","embeddable":true,"href":"https:\/\/www.valaz.es\/en\/wp-json\/wp\/v2\/product_brand?post=9624"},{"taxonomy":"product_cat","embeddable":true,"href":"https:\/\/www.valaz.es\/en\/wp-json\/wp\/v2\/product_cat?post=9624"},{"taxonomy":"product_tag","embeddable":true,"href":"https:\/\/www.valaz.es\/en\/wp-json\/wp\/v2\/product_tag?post=9624"},{"taxonomy":"serie","embeddable":true,"href":"https:\/\/www.valaz.es\/en\/wp-json\/wp\/v2\/serie?post=9624"},{"taxonomy":"manual-de-instalacion","embeddable":true,"href":"https:\/\/www.valaz.es\/en\/wp-json\/wp\/v2\/manual-de-instalacion?post=9624"},{"taxonomy":"color","embeddable":true,"href":"https:\/\/www.valaz.es\/en\/wp-json\/wp\/v2\/color?post=9624"}],"curies":[{"name":"wp","href":"https:\/\/api.w.org\/{rel}","templated":true}]}}