{"id":961,"date":"2022-11-15T15:57:00","date_gmt":"2022-11-15T14:57:00","guid":{"rendered":"https:\/\/www.valaz.es\/?post_type=product&#038;p=961"},"modified":"2025-06-27T12:45:57","modified_gmt":"2025-06-27T10:45:57","slug":"ducha-empotrada-monomando-a-techo-redonda-negro-mate-con-maneta-ancha-serie-cabriel","status":"publish","type":"product","link":"https:\/\/www.valaz.es\/en\/product\/ducha-empotrada-monomando-a-techo-redonda-negro-mate-con-maneta-ancha-serie-cabriel\/","title":{"rendered":"Ducha empotrada monomando a techo redonda negro mate con maneta ancha &#8211; Serie Cabriel"},"content":{"rendered":"<p class=\"\" data-start=\"91\" data-end=\"585\">La ducha empotrada monomando a techo redonda de la Serie Cabriel, en elegante acabado negro mate, combina un dise\u00f1o contempor\u00e1neo con funcionalidad excepcional. Su rociador de gran tama\u00f1o, disponible en 20 cm, 25 cm y 30 cm, ofrece una experiencia de ducha tipo lluvia, mientras que la alcachofa de mano con flexo permite flexibilidad y comodidad en el uso. La maneta ancha facilita el control del agua, proporcionando una mayor comodidad al ajustar la temperatura y el flujo.<\/p>\n<p class=\"\" data-start=\"587\" data-end=\"601\"><strong data-start=\"587\" data-end=\"598\">Incluye<\/strong>:<\/p>\n<ul data-start=\"602\" data-end=\"1148\">\n<li class=\"\" data-start=\"602\" data-end=\"650\">\n<p class=\"\" data-start=\"604\" data-end=\"650\"><strong data-start=\"604\" data-end=\"620\">Embellecedor<\/strong>: Para un acabado impecable.<\/p>\n<\/li>\n<li class=\"\" data-start=\"651\" data-end=\"716\">\n<p class=\"\" data-start=\"653\" data-end=\"716\"><strong data-start=\"653\" data-end=\"676\">Soporte de rociador<\/strong>: Para una instalaci\u00f3n firme y segura.<\/p>\n<\/li>\n<li class=\"\" data-start=\"717\" data-end=\"819\">\n<p class=\"\" data-start=\"719\" data-end=\"819\"><strong data-start=\"719\" data-end=\"731\">Rociador<\/strong>: Disponible en 20 cm, 25 cm y 30 cm, ideal para una experiencia de ducha tipo lluvia.<\/p>\n<\/li>\n<li class=\"\" data-start=\"820\" data-end=\"898\">\n<p class=\"\" data-start=\"822\" data-end=\"898\"><strong data-start=\"822\" data-end=\"851\">Soporte alcachofa de mano<\/strong>: Con un dise\u00f1o funcional para un uso c\u00f3modo.<\/p>\n<\/li>\n<li class=\"\" data-start=\"899\" data-end=\"948\">\n<p class=\"\" data-start=\"901\" data-end=\"948\"><strong data-start=\"901\" data-end=\"922\">Alcachofa de mano<\/strong>: Pr\u00e1ctica y ergon\u00f3mica.<\/p>\n<\/li>\n<li class=\"\" data-start=\"949\" data-end=\"1016\">\n<p class=\"\" data-start=\"951\" data-end=\"1016\"><strong data-start=\"951\" data-end=\"960\">Flexo<\/strong>: De alta resistencia, para mayor comodidad en el uso.<\/p>\n<\/li>\n<li class=\"\" data-start=\"1017\" data-end=\"1148\">\n<p class=\"\" data-start=\"1019\" data-end=\"1148\"><strong data-start=\"1019\" data-end=\"1064\">Caja box, embellecedor, maneta y selector<\/strong>: Todos los elementos necesarios para la instalaci\u00f3n y el control del flujo de agua.<\/p>\n<\/li>\n<\/ul>\n<p class=\"\" data-start=\"1150\" data-end=\"1167\"><strong data-start=\"1150\" data-end=\"1164\">Materiales<\/strong>:<\/p>\n<ul data-start=\"1168\" data-end=\"1287\">\n<li class=\"\" data-start=\"1168\" data-end=\"1204\">\n<p class=\"\" data-start=\"1170\" data-end=\"1204\"><strong data-start=\"1170\" data-end=\"1195\">Cuerpo de la grifer\u00eda<\/strong>: Lat\u00f3n<\/p>\n<\/li>\n<li class=\"\" data-start=\"1205\" data-end=\"1239\">\n<p class=\"\" data-start=\"1207\" data-end=\"1239\"><strong data-start=\"1207\" data-end=\"1219\">Rociador<\/strong>: Acero inoxidable<\/p>\n<\/li>\n<li class=\"\" data-start=\"1240\" data-end=\"1270\">\n<p class=\"\" data-start=\"1242\" data-end=\"1270\"><strong data-start=\"1242\" data-end=\"1263\">Alcachofa de mano<\/strong>: PVC<\/p>\n<\/li>\n<li class=\"\" data-start=\"1271\" data-end=\"1287\">\n<p class=\"\" data-start=\"1273\" data-end=\"1287\"><strong data-start=\"1273\" data-end=\"1282\">Flexo<\/strong>: PVC<\/p>\n<\/li>\n<\/ul>\n<p class=\"\" data-start=\"1289\" data-end=\"1392\"><strong data-start=\"1289\" data-end=\"1300\">Acabado<\/strong>: Negro mate, con un dise\u00f1o moderno y elegante que se adapta a cualquier ba\u00f1o contempor\u00e1neo.<\/p>\n","protected":false},"excerpt":{"rendered":"<p>Serie Cabriel es con l\u00edneas redondas y cl\u00e1sicas destaca su maneta ancha y agrada por su acabado, esta disponible en cromado y negro mate. La ducha empotrada es a pared o techo. Todos nuestros modelos de grifer\u00eda empotrada incluyen la caja box con cartucho monomando y selector, soporte de ducha, flexo y alcachofa de mano junto con el rociador.<\/p>\n<p>La garant\u00eda de todos nuestros productos es de 3 a\u00f1os, para funcionamiento, duraci\u00f3n del esmaltado y anticorrosi\u00f3n.<\/p>\n<p>Recomendamos para un correcto mantenimiento de la grifer\u00eda y evitar el deterioro por el uso. Secar las gotas de agua con un pa\u00f1o suave despu\u00e9s del uso, evitando que se posen en la superficie y deterioran el acabado, no utilizar esponjas que puedan rayar la grifer\u00eda, utilizar limpiadores como vinagre limpieza, agua caliente y jab\u00f3n con ph neutro.<\/p>\n<p>&nbsp;<\/p>\n<p><strong>Nuestro departamento\u00a0t\u00e9cnico\u00a0dispone de\u00a0gu\u00edas\u00a0de todos los\u00a0modelos\u00a0empotrados\u00a0que vendemos<\/strong><strong>,\u00a0si tiene alguna duda con la\u00a0instalaci\u00f3n\u00a0contacte con nosotros mediante\u00a0tel\u00e9fono,\u00a0WhatsApp\u00a0o email dentro del horario laboral indicado en la web.<\/strong><\/p>\n<p><strong>Recuerden que una vez instalado el cuerpo\u00a0empotrado\u00a0de la\u00a0grifer\u00eda\u00a0revisar de su correcto funcionamiento de paso de agua, comprobaci\u00f3n de cartuchos y corte de agua, si detecta alguna\u00a0anomal\u00eda\u00a0informe a nuestro\u00a0departamento\u00a0para darle una\u00a0soluci\u00f3n, no\u00a0contin\u00fae\u00a0con la\u00a0instalaci\u00f3n\u00a0de cerramiento de la pared.<\/strong><\/p>\n","protected":false},"featured_media":10432,"template":"","meta":[],"product_brand":[],"product_cat":[57,47],"product_tag":[],"serie":[44],"manual-de-instalacion":[78],"color":[27],"class_list":{"0":"post-961","1":"product","2":"type-product","3":"status-publish","4":"has-post-thumbnail","6":"product_cat-duchas-empotradas","7":"product_cat-duchas","8":"pa_tamano-rociador-20cm","9":"pa_tamano-rociador-25cm","10":"pa_tamano-rociador-30cm","11":"serie-cabriel","12":"manual-de-instalacion-guia-instalacion-duchas-empotradas-monomando","13":"color-negro-mate","15":"first","16":"instock","17":"taxable","18":"shipping-taxable","19":"product-type-variable","20":"has-default-attributes"},"_links":{"self":[{"href":"https:\/\/www.valaz.es\/en\/wp-json\/wp\/v2\/product\/961","targetHints":{"allow":["GET"]}}],"collection":[{"href":"https:\/\/www.valaz.es\/en\/wp-json\/wp\/v2\/product"}],"about":[{"href":"https:\/\/www.valaz.es\/en\/wp-json\/wp\/v2\/types\/product"}],"wp:featuredmedia":[{"embeddable":true,"href":"https:\/\/www.valaz.es\/en\/wp-json\/wp\/v2\/media\/10432"}],"wp:attachment":[{"href":"https:\/\/www.valaz.es\/en\/wp-json\/wp\/v2\/media?parent=961"}],"wp:term":[{"taxonomy":"product_brand","embeddable":true,"href":"https:\/\/www.valaz.es\/en\/wp-json\/wp\/v2\/product_brand?post=961"},{"taxonomy":"product_cat","embeddable":true,"href":"https:\/\/www.valaz.es\/en\/wp-json\/wp\/v2\/product_cat?post=961"},{"taxonomy":"product_tag","embeddable":true,"href":"https:\/\/www.valaz.es\/en\/wp-json\/wp\/v2\/product_tag?post=961"},{"taxonomy":"serie","embeddable":true,"href":"https:\/\/www.valaz.es\/en\/wp-json\/wp\/v2\/serie?post=961"},{"taxonomy":"manual-de-instalacion","embeddable":true,"href":"https:\/\/www.valaz.es\/en\/wp-json\/wp\/v2\/manual-de-instalacion?post=961"},{"taxonomy":"color","embeddable":true,"href":"https:\/\/www.valaz.es\/en\/wp-json\/wp\/v2\/color?post=961"}],"curies":[{"name":"wp","href":"https:\/\/api.w.org\/{rel}","templated":true}]}}