{"id":960,"date":"2022-11-15T15:54:57","date_gmt":"2022-11-15T14:54:57","guid":{"rendered":"https:\/\/www.valaz.es\/?post_type=product&#038;p=960"},"modified":"2026-03-23T21:23:22","modified_gmt":"2026-03-23T20:23:22","slug":"ducha-empotrada-monomando-a-pared-redonda-negro-mate-con-maneta-ancha-serie-cabriel","status":"publish","type":"product","link":"https:\/\/www.valaz.es\/en\/product\/ducha-empotrada-monomando-a-pared-redonda-negro-mate-con-maneta-ancha-serie-cabriel\/","title":{"rendered":"Ducha empotrada monomando a pared redonda negro mate con maneta ancha &#8211; Serie Cabriel"},"content":{"rendered":"<p class=\"\" data-start=\"91\" data-end=\"448\">La ducha empotrada monomando a pared redonda de la Serie Cabriel en acabado negro mate es ideal para quienes buscan un dise\u00f1o moderno y una funcionalidad eficiente. Con su maneta ancha, permite un control preciso del agua, tanto en temperatura como en flujo. Es una opci\u00f3n perfecta para transformar tu ba\u00f1o en un espacio elegante y c\u00f3modo.<\/p>\n<p class=\"\" data-start=\"450\" data-end=\"464\"><strong data-start=\"450\" data-end=\"461\">Incluye<\/strong>:<\/p>\n<ul data-start=\"465\" data-end=\"1224\">\n<li class=\"\" data-start=\"465\" data-end=\"530\">\n<p class=\"\" data-start=\"467\" data-end=\"530\"><strong data-start=\"467\" data-end=\"483\">Embellecedor<\/strong>: Aporta una instalaci\u00f3n est\u00e9tica y discreta.<\/p>\n<\/li>\n<li class=\"\" data-start=\"531\" data-end=\"617\">\n<p class=\"\" data-start=\"533\" data-end=\"617\"><strong data-start=\"533\" data-end=\"556\">Soporte de rociador<\/strong>: Firme y resistente para asegurar una instalaci\u00f3n estable.<\/p>\n<\/li>\n<li class=\"\" data-start=\"618\" data-end=\"733\">\n<p class=\"\" data-start=\"620\" data-end=\"733\"><strong data-start=\"620\" data-end=\"632\">Rociador<\/strong>: Disponible en tama\u00f1os de 20 cm, 25 cm y 30 cm, para ofrecer una experiencia de ducha tipo lluvia.<\/p>\n<\/li>\n<li class=\"\" data-start=\"734\" data-end=\"830\">\n<p class=\"\" data-start=\"736\" data-end=\"830\"><strong data-start=\"736\" data-end=\"765\">Soporte alcachofa de mano<\/strong>: Proporciona un lugar seguro para colgar la alcachofa de mano.<\/p>\n<\/li>\n<li class=\"\" data-start=\"831\" data-end=\"908\">\n<p class=\"\" data-start=\"833\" data-end=\"908\"><strong data-start=\"833\" data-end=\"854\">Alcachofa de mano<\/strong>: Permite un uso flexible y c\u00f3modo durante la ducha.<\/p>\n<\/li>\n<li class=\"\" data-start=\"909\" data-end=\"985\">\n<p class=\"\" data-start=\"911\" data-end=\"985\"><strong data-start=\"911\" data-end=\"920\">Flexo<\/strong>: Flexible y duradero, facilitando el uso del rociador de mano.<\/p>\n<\/li>\n<li class=\"\" data-start=\"986\" data-end=\"1043\">\n<p class=\"\" data-start=\"988\" data-end=\"1043\"><strong data-start=\"988\" data-end=\"1000\">Caja box<\/strong>: Para una instalaci\u00f3n limpia y ordenada.<\/p>\n<\/li>\n<li class=\"\" data-start=\"1044\" data-end=\"1152\">\n<p class=\"\" data-start=\"1046\" data-end=\"1152\"><strong data-start=\"1046\" data-end=\"1062\">Maneta ancha<\/strong>: Con un dise\u00f1o ergon\u00f3mico para controlar f\u00e1cilmente el flujo y la temperatura del agua.<\/p>\n<\/li>\n<li class=\"\" data-start=\"1153\" data-end=\"1224\">\n<p class=\"\" data-start=\"1155\" data-end=\"1224\"><strong data-start=\"1155\" data-end=\"1167\">Selector<\/strong>: Para elegir entre las diferentes funciones de la ducha.<\/p>\n<\/li>\n<\/ul>\n<p class=\"\" data-start=\"1226\" data-end=\"1243\"><strong data-start=\"1226\" data-end=\"1240\">Materiales<\/strong>:<\/p>\n<ul data-start=\"1244\" data-end=\"1364\">\n<li class=\"\" data-start=\"1244\" data-end=\"1280\">\n<p class=\"\" data-start=\"1246\" data-end=\"1280\"><strong data-start=\"1246\" data-end=\"1271\">Cuerpo de la grifer\u00eda<\/strong>: Lat\u00f3n<\/p>\n<\/li>\n<li class=\"\" data-start=\"1281\" data-end=\"1325\">\n<p class=\"\" data-start=\"1283\" data-end=\"1325\"><strong data-start=\"1283\" data-end=\"1305\">Rociador y soporte<\/strong>: Acero inoxidable<\/p>\n<\/li>\n<li class=\"\" data-start=\"1326\" data-end=\"1364\">\n<p class=\"\" data-start=\"1328\" data-end=\"1364\"><strong data-start=\"1328\" data-end=\"1357\">Alcachofa de mano y flexo<\/strong>: PVC<\/p>\n<\/li>\n<\/ul>\n<p class=\"\" data-start=\"1366\" data-end=\"1452\"><strong data-start=\"1366\" data-end=\"1377\">Acabado<\/strong>: Negro mate, perfecto para un ba\u00f1o contempor\u00e1neo con un toque sofisticado.<\/p>\n","protected":false},"excerpt":{"rendered":"<p>Serie Cabriel es con l\u00edneas redondas y cl\u00e1sicas destaca su maneta ancha y agrada por su acabado, esta disponible en cromado y negro mate. La ducha empotrada es a pared o techo. Todos nuestros modelos de grifer\u00eda empotrada incluyen la caja box con cartucho monomando y selector, soporte de ducha, flexo y alcachofa de mano junto con el rociador.<\/p>\n<p>La garant\u00eda de todos nuestros productos es de 3 a\u00f1os, para funcionamiento, duraci\u00f3n del esmaltado y anticorrosi\u00f3n.<\/p>\n<p>Recomendamos para un correcto mantenimiento de la grifer\u00eda y evitar el deterioro por el uso. Secar las gotas de agua con un pa\u00f1o suave despu\u00e9s del uso, evitando que se posen en la superficie y deterioran el acabado, no utilizar esponjas que puedan rayar la grifer\u00eda, utilizar limpiadores como vinagre limpieza, agua caliente y jab\u00f3n con ph neutro.<\/p>\n<p>&nbsp;<\/p>\n<p><strong>Nuestro departamento\u00a0t\u00e9cnico\u00a0dispone de\u00a0gu\u00edas\u00a0de todos los\u00a0modelos\u00a0empotrados\u00a0que vendemos<\/strong><strong>,\u00a0si tiene alguna duda con la\u00a0instalaci\u00f3n\u00a0contacte con nosotros mediante\u00a0tel\u00e9fono,\u00a0WhatsApp\u00a0o email dentro del horario laboral indicado en la web.<\/strong><\/p>\n<p><strong>Recuerden que una vez instalado el cuerpo\u00a0empotrado\u00a0de la\u00a0grifer\u00eda\u00a0revisar de su correcto funcionamiento de paso de agua, comprobaci\u00f3n de cartuchos y corte de agua, si detecta alguna\u00a0anomal\u00eda\u00a0informe a nuestro\u00a0departamento\u00a0para darle una\u00a0soluci\u00f3n, no\u00a0contin\u00fae\u00a0con la\u00a0instalaci\u00f3n\u00a0de cerramiento de la pared.<\/strong><\/p>\n","protected":false},"featured_media":954,"template":"","meta":[],"product_brand":[],"product_cat":[57,47],"product_tag":[],"serie":[44],"manual-de-instalacion":[78],"color":[27],"class_list":{"0":"post-960","1":"product","2":"type-product","3":"status-publish","4":"has-post-thumbnail","6":"product_cat-duchas-empotradas","7":"product_cat-duchas","8":"pa_tamano-rociador-20cm","9":"pa_tamano-rociador-25cm","10":"pa_tamano-rociador-30cm","11":"serie-cabriel","12":"manual-de-instalacion-guia-instalacion-duchas-empotradas-monomando","13":"color-negro-mate","15":"first","16":"instock","17":"taxable","18":"shipping-taxable","19":"product-type-variable","20":"has-default-attributes"},"_links":{"self":[{"href":"https:\/\/www.valaz.es\/en\/wp-json\/wp\/v2\/product\/960","targetHints":{"allow":["GET"]}}],"collection":[{"href":"https:\/\/www.valaz.es\/en\/wp-json\/wp\/v2\/product"}],"about":[{"href":"https:\/\/www.valaz.es\/en\/wp-json\/wp\/v2\/types\/product"}],"wp:featuredmedia":[{"embeddable":true,"href":"https:\/\/www.valaz.es\/en\/wp-json\/wp\/v2\/media\/954"}],"wp:attachment":[{"href":"https:\/\/www.valaz.es\/en\/wp-json\/wp\/v2\/media?parent=960"}],"wp:term":[{"taxonomy":"product_brand","embeddable":true,"href":"https:\/\/www.valaz.es\/en\/wp-json\/wp\/v2\/product_brand?post=960"},{"taxonomy":"product_cat","embeddable":true,"href":"https:\/\/www.valaz.es\/en\/wp-json\/wp\/v2\/product_cat?post=960"},{"taxonomy":"product_tag","embeddable":true,"href":"https:\/\/www.valaz.es\/en\/wp-json\/wp\/v2\/product_tag?post=960"},{"taxonomy":"serie","embeddable":true,"href":"https:\/\/www.valaz.es\/en\/wp-json\/wp\/v2\/serie?post=960"},{"taxonomy":"manual-de-instalacion","embeddable":true,"href":"https:\/\/www.valaz.es\/en\/wp-json\/wp\/v2\/manual-de-instalacion?post=960"},{"taxonomy":"color","embeddable":true,"href":"https:\/\/www.valaz.es\/en\/wp-json\/wp\/v2\/color?post=960"}],"curies":[{"name":"wp","href":"https:\/\/api.w.org\/{rel}","templated":true}]}}