{"id":958,"date":"2022-11-15T15:53:39","date_gmt":"2022-11-15T14:53:39","guid":{"rendered":"https:\/\/www.valaz.es\/?post_type=product&#038;p=958"},"modified":"2025-06-27T12:54:53","modified_gmt":"2025-06-27T10:54:53","slug":"ducha-empotrada-monomando-a-techo-cuadrada-negro-mate-serie-eresma","status":"publish","type":"product","link":"https:\/\/www.valaz.es\/en\/product\/ducha-empotrada-monomando-a-techo-cuadrada-negro-mate-serie-eresma\/","title":{"rendered":"Ducha empotrada monomando a techo cuadrada negro mate &#8211; Serie Eresma"},"content":{"rendered":"<p class=\"\" data-start=\"74\" data-end=\"409\">La ducha empotrada monomando a techo cuadrada de la Serie Eresma en acabado negro mate es una opci\u00f3n de dise\u00f1o minimalista y moderno. Con su rociador de efecto lluvia y alcachofa de mano, te ofrece una experiencia de ducha c\u00f3moda y refrescante. Ideal para quienes buscan funcionalidad y elegancia en un solo producto.<\/p>\n<p class=\"\" data-start=\"411\" data-end=\"425\"><strong data-start=\"411\" data-end=\"422\">Incluye<\/strong>:<\/p>\n<ul data-start=\"426\" data-end=\"974\">\n<li class=\"\" data-start=\"426\" data-end=\"567\">\n<p class=\"\" data-start=\"428\" data-end=\"567\"><strong data-start=\"428\" data-end=\"440\">Rociador<\/strong>: Disponible en tama\u00f1os de 20&#215;20, 25&#215;25, 30&#215;30 y 40&#215;40, para elegir la opci\u00f3n que mejor se adapte a tu espacio y necesidades.<\/p>\n<\/li>\n<li class=\"\" data-start=\"568\" data-end=\"652\">\n<p class=\"\" data-start=\"570\" data-end=\"652\"><strong data-start=\"570\" data-end=\"589\">Soporte a techo<\/strong>: Asegura la estabilidad y correcta instalaci\u00f3n del rociador.<\/p>\n<\/li>\n<li class=\"\" data-start=\"653\" data-end=\"760\">\n<p class=\"\" data-start=\"655\" data-end=\"760\"><strong data-start=\"655\" data-end=\"678\">Monomando de 2 v\u00edas<\/strong>: Permite seleccionar entre el rociador de efecto lluvia y la alcachofa de mano.<\/p>\n<\/li>\n<li class=\"\" data-start=\"761\" data-end=\"854\">\n<p class=\"\" data-start=\"763\" data-end=\"854\"><strong data-start=\"763\" data-end=\"782\">Flexo de 150 cm<\/strong>: Proporciona flexibilidad y comodidad para usar la alcachofa de mano.<\/p>\n<\/li>\n<li class=\"\" data-start=\"855\" data-end=\"974\">\n<p class=\"\" data-start=\"857\" data-end=\"974\"><strong data-start=\"857\" data-end=\"890\">Alcachofa de mano con soporte<\/strong>: Facilita el uso del agua a mano para \u00e1reas espec\u00edficas y para enjuagues dirigidos.<\/p>\n<\/li>\n<\/ul>\n<p class=\"\" data-start=\"976\" data-end=\"993\"><strong data-start=\"976\" data-end=\"990\">Materiales<\/strong>:<\/p>\n<ul data-start=\"994\" data-end=\"1116\">\n<li class=\"\" data-start=\"994\" data-end=\"1028\">\n<p class=\"\" data-start=\"996\" data-end=\"1028\"><strong data-start=\"996\" data-end=\"1008\">Rociador<\/strong>: Acero inoxidable<\/p>\n<\/li>\n<li class=\"\" data-start=\"1029\" data-end=\"1053\">\n<p class=\"\" data-start=\"1031\" data-end=\"1053\"><strong data-start=\"1031\" data-end=\"1044\">Monomando<\/strong>: Lat\u00f3n<\/p>\n<\/li>\n<li class=\"\" data-start=\"1054\" data-end=\"1084\">\n<p class=\"\" data-start=\"1056\" data-end=\"1084\"><strong data-start=\"1056\" data-end=\"1077\">Alcachofa de mano y flexo<\/strong>: PVC<\/p>\n<\/li>\n<\/ul>\n<p class=\"\" data-start=\"1118\" data-end=\"1198\"><strong data-start=\"1118\" data-end=\"1129\">Acabado<\/strong>: Negro mate, que aporta un toque elegante y contempor\u00e1neo a tu ba\u00f1o.<\/p>\n<p class=\"\" data-start=\"1200\" data-end=\"1348\"><strong data-start=\"1200\" data-end=\"1213\">Funciones<\/strong>: Esta ducha consta de dos funciones: el efecto lluvia del rociador y la alcachofa de mano, brindando versatilidad y confort en el uso.<\/p>\n","protected":false},"excerpt":{"rendered":"<p>Serie Eresma l\u00edneas rectas y cuadradas que aportan estilo y dise\u00f1o a cualquier ba\u00f1o, se diferencia por la alcachofa de mano ancha. Actualmente disponemos de diferentes acabados cromado y negro mate. Tenemos Ducha empotradas cuadrada a techo y pared<\/p>\n<p>&nbsp;<\/p>\n<p>La garant\u00eda de todos nuestros productos es de 3 a\u00f1os, para funcionamiento, duraci\u00f3n del esmaltado y anticorrosi\u00f3n.<\/p>\n<p>Recomendamos para un correcto mantenimiento de la grifer\u00eda y evitar el deterioro por el uso. Secar las gotas de agua con un pa\u00f1o suave despu\u00e9s del uso, evitando que se posen en la superficie y deterioran el acabado, no utilizar esponjas que puedan rayar la grifer\u00eda, utilizar limpiadores como vinagre limpieza, agua caliente y jab\u00f3n con ph neutro.<\/p>\n<p>&nbsp;<\/p>\n<p>Nuestro departamento t\u00e9cnico dispone de gu\u00edas de todos los modelos empotrados que vendemos, si tiene alguna duda con la instalaci\u00f3n contacte con nosotros mediante tel\u00e9fono, WhatsApp o email dentro del horario laboral indicado en la web.<\/p>\n<p>Recuerden que una vez instalado el cuerpo empotrado de la grifer\u00eda revisar de su correcto funcionamiento de paso de agua, comprobaci\u00f3n de cartuchos y corte de agua, si detecta alguna anomal\u00eda informe a nuestro departamento para darle una soluci\u00f3n, no contin\u00fae con la instalaci\u00f3n de cerramiento de la pared.<\/p>\n","protected":false},"featured_media":949,"template":"","meta":[],"product_brand":[],"product_cat":[57,47],"product_tag":[],"serie":[45],"manual-de-instalacion":[78],"color":[27],"class_list":{"0":"post-958","1":"product","2":"type-product","3":"status-publish","4":"has-post-thumbnail","6":"product_cat-duchas-empotradas","7":"product_cat-duchas","8":"pa_tamano-rociador-20cm","9":"pa_tamano-rociador-25cm","10":"pa_tamano-rociador-30cm","11":"serie-eresma","12":"manual-de-instalacion-guia-instalacion-duchas-empotradas-monomando","13":"color-negro-mate","15":"first","16":"instock","17":"taxable","18":"shipping-taxable","19":"product-type-variable"},"_links":{"self":[{"href":"https:\/\/www.valaz.es\/en\/wp-json\/wp\/v2\/product\/958","targetHints":{"allow":["GET"]}}],"collection":[{"href":"https:\/\/www.valaz.es\/en\/wp-json\/wp\/v2\/product"}],"about":[{"href":"https:\/\/www.valaz.es\/en\/wp-json\/wp\/v2\/types\/product"}],"wp:featuredmedia":[{"embeddable":true,"href":"https:\/\/www.valaz.es\/en\/wp-json\/wp\/v2\/media\/949"}],"wp:attachment":[{"href":"https:\/\/www.valaz.es\/en\/wp-json\/wp\/v2\/media?parent=958"}],"wp:term":[{"taxonomy":"product_brand","embeddable":true,"href":"https:\/\/www.valaz.es\/en\/wp-json\/wp\/v2\/product_brand?post=958"},{"taxonomy":"product_cat","embeddable":true,"href":"https:\/\/www.valaz.es\/en\/wp-json\/wp\/v2\/product_cat?post=958"},{"taxonomy":"product_tag","embeddable":true,"href":"https:\/\/www.valaz.es\/en\/wp-json\/wp\/v2\/product_tag?post=958"},{"taxonomy":"serie","embeddable":true,"href":"https:\/\/www.valaz.es\/en\/wp-json\/wp\/v2\/serie?post=958"},{"taxonomy":"manual-de-instalacion","embeddable":true,"href":"https:\/\/www.valaz.es\/en\/wp-json\/wp\/v2\/manual-de-instalacion?post=958"},{"taxonomy":"color","embeddable":true,"href":"https:\/\/www.valaz.es\/en\/wp-json\/wp\/v2\/color?post=958"}],"curies":[{"name":"wp","href":"https:\/\/api.w.org\/{rel}","templated":true}]}}