{"id":9556,"date":"2023-11-30T15:54:18","date_gmt":"2023-11-30T14:54:18","guid":{"rendered":"https:\/\/www.valaz.es\/?post_type=product&#038;p=9556"},"modified":"2026-04-15T00:46:09","modified_gmt":"2026-04-14T22:46:09","slug":"grifo-cocina-alto-extraible-monomando-acero-cepillado-serie-eufrates","status":"publish","type":"product","link":"https:\/\/www.valaz.es\/en\/product\/grifo-cocina-alto-extraible-monomando-acero-cepillado-serie-eufrates\/","title":{"rendered":"Grifo cocina alto extra\u00edble monomando acero cepillado &#8211; Serie \u00c9ufrates"},"content":{"rendered":"<p class=\"\" data-start=\"76\" data-end=\"544\">Este grifo de cocina alto monomando extra\u00edble de la Serie \u00c9ufrates ofrece un dise\u00f1o moderno y funcional, ideal para quienes buscan una opci\u00f3n duradera y est\u00e9tica. Su acabado en acero cepillado le otorga un toque elegante y contempor\u00e1neo, mientras que su ca\u00f1o alto y extra\u00edble facilita el uso y la limpieza en espacios m\u00e1s grandes. Adem\u00e1s, el ca\u00f1o giratorio a 360\u00b0 proporciona un acceso total al fregadero, garantizando m\u00e1xima comodidad y flexibilidad en su uso diario.<\/p>\n<p class=\"\" data-start=\"546\" data-end=\"561\"><strong data-start=\"546\" data-end=\"561\">Materiales:<\/strong><\/p>\n<ul data-start=\"563\" data-end=\"715\">\n<li class=\"\" data-start=\"563\" data-end=\"603\">\n<p class=\"\" data-start=\"565\" data-end=\"603\">Cuerpo de grifer\u00eda de acero cepillado.<\/p>\n<\/li>\n<li class=\"\" data-start=\"604\" data-end=\"647\">\n<p class=\"\" data-start=\"606\" data-end=\"647\">Cartucho cer\u00e1mico \u00f8 35 mm con KTW \/ DVGW.<\/p>\n<\/li>\n<li class=\"\" data-start=\"648\" data-end=\"715\">\n<p class=\"\" data-start=\"650\" data-end=\"715\">Manguera de conexi\u00f3n de 3\/8\u201d + 1\/2&#8243; de acero inoxidable con DVGW.<\/p>\n<\/li>\n<\/ul>\n<p class=\"\" data-start=\"717\" data-end=\"738\"><strong data-start=\"717\" data-end=\"738\">Especificaciones:<\/strong><\/p>\n<ul data-start=\"740\" data-end=\"932\">\n<li class=\"\" data-start=\"740\" data-end=\"782\">\n<p class=\"\" data-start=\"742\" data-end=\"782\">Tipo de grifo: Monomando alto extra\u00edble.<\/p>\n<\/li>\n<li class=\"\" data-start=\"783\" data-end=\"810\">\n<p class=\"\" data-start=\"785\" data-end=\"810\">Acabado: Acero cepillado.<\/p>\n<\/li>\n<li class=\"\" data-start=\"811\" data-end=\"855\">\n<p class=\"\" data-start=\"813\" data-end=\"855\">Cartucho: Cer\u00e1mico \u00f8 35 mm con KTW \/ DVGW.<\/p>\n<\/li>\n<li class=\"\" data-start=\"856\" data-end=\"909\">\n<p class=\"\" data-start=\"858\" data-end=\"909\">Conexi\u00f3n: 3\/8\u201d + 1\/2&#8243; de acero inoxidable con DVGW.<\/p>\n<\/li>\n<li class=\"\" data-start=\"910\" data-end=\"932\">\n<p class=\"\" data-start=\"912\" data-end=\"932\">Ca\u00f1o giratorio 360\u00b0.<\/p>\n<\/li>\n<\/ul>\n","protected":false},"excerpt":{"rendered":"<p>Este grifo de cocina alto monomando extra\u00edble de la Serie  [&#8230;]<\/p>\n","protected":false},"featured_media":9557,"template":"","meta":[],"product_brand":[],"product_cat":[50],"product_tag":[],"serie":[107],"manual-de-instalacion":[83],"color":[28],"class_list":{"0":"post-9556","1":"product","2":"type-product","3":"status-publish","4":"has-post-thumbnail","6":"product_cat-grifos-de-cocina","7":"serie-eufrate","8":"manual-de-instalacion-guia-instalacion-grifo-superficie","9":"color-acero-cepillado","11":"first","12":"instock","13":"taxable","14":"shipping-taxable","15":"product-type-simple"},"_links":{"self":[{"href":"https:\/\/www.valaz.es\/en\/wp-json\/wp\/v2\/product\/9556","targetHints":{"allow":["GET"]}}],"collection":[{"href":"https:\/\/www.valaz.es\/en\/wp-json\/wp\/v2\/product"}],"about":[{"href":"https:\/\/www.valaz.es\/en\/wp-json\/wp\/v2\/types\/product"}],"wp:featuredmedia":[{"embeddable":true,"href":"https:\/\/www.valaz.es\/en\/wp-json\/wp\/v2\/media\/9557"}],"wp:attachment":[{"href":"https:\/\/www.valaz.es\/en\/wp-json\/wp\/v2\/media?parent=9556"}],"wp:term":[{"taxonomy":"product_brand","embeddable":true,"href":"https:\/\/www.valaz.es\/en\/wp-json\/wp\/v2\/product_brand?post=9556"},{"taxonomy":"product_cat","embeddable":true,"href":"https:\/\/www.valaz.es\/en\/wp-json\/wp\/v2\/product_cat?post=9556"},{"taxonomy":"product_tag","embeddable":true,"href":"https:\/\/www.valaz.es\/en\/wp-json\/wp\/v2\/product_tag?post=9556"},{"taxonomy":"serie","embeddable":true,"href":"https:\/\/www.valaz.es\/en\/wp-json\/wp\/v2\/serie?post=9556"},{"taxonomy":"manual-de-instalacion","embeddable":true,"href":"https:\/\/www.valaz.es\/en\/wp-json\/wp\/v2\/manual-de-instalacion?post=9556"},{"taxonomy":"color","embeddable":true,"href":"https:\/\/www.valaz.es\/en\/wp-json\/wp\/v2\/color?post=9556"}],"curies":[{"name":"wp","href":"https:\/\/api.w.org\/{rel}","templated":true}]}}