{"id":955,"date":"2022-11-15T15:51:31","date_gmt":"2022-11-15T14:51:31","guid":{"rendered":"https:\/\/www.valaz.es\/?post_type=product&#038;p=955"},"modified":"2025-06-27T12:55:34","modified_gmt":"2025-06-27T10:55:34","slug":"ducha-empotrada-monomando-a-techo-cuadrada-cromada-serie-eresma","status":"publish","type":"product","link":"https:\/\/www.valaz.es\/en\/product\/ducha-empotrada-monomando-a-techo-cuadrada-cromada-serie-eresma\/","title":{"rendered":"Ducha empotrada monomando a techo cuadrada cromada &#8211; Serie Eresma"},"content":{"rendered":"<p class=\"\" data-start=\"71\" data-end=\"389\">La ducha empotrada monomando a techo cuadrada de la Serie Eresma en acabado cromado es una opci\u00f3n de dise\u00f1o elegante y sofisticado, ideal para cualquier ba\u00f1o moderno. Con su rociador de efecto lluvia y alcachofa de mano, ofrece una experiencia de ducha excepcional que combina funcionalidad y estilo.<\/p>\n<p class=\"\" data-start=\"391\" data-end=\"405\"><strong data-start=\"391\" data-end=\"402\">Incluye<\/strong>:<\/p>\n<ul data-start=\"406\" data-end=\"1011\">\n<li class=\"\" data-start=\"406\" data-end=\"572\">\n<p class=\"\" data-start=\"408\" data-end=\"572\"><strong data-start=\"408\" data-end=\"420\">Rociador<\/strong>: Disponible en tama\u00f1os de 20&#215;20, 25&#215;25, 30&#215;30 y 40&#215;40, permiti\u00e9ndote elegir el tama\u00f1o que mejor se adapte a tus preferencias y al espacio disponible.<\/p>\n<\/li>\n<li class=\"\" data-start=\"573\" data-end=\"660\">\n<p class=\"\" data-start=\"575\" data-end=\"660\"><strong data-start=\"575\" data-end=\"594\">Soporte a techo<\/strong>: Para garantizar una instalaci\u00f3n segura y estable del rociador.<\/p>\n<\/li>\n<li class=\"\" data-start=\"661\" data-end=\"778\">\n<p class=\"\" data-start=\"663\" data-end=\"778\"><strong data-start=\"663\" data-end=\"686\">Monomando de 2 v\u00edas<\/strong>: Con el que podr\u00e1s seleccionar entre el rociador de efecto lluvia y la alcachofa de mano.<\/p>\n<\/li>\n<li class=\"\" data-start=\"779\" data-end=\"886\">\n<p class=\"\" data-start=\"781\" data-end=\"886\"><strong data-start=\"781\" data-end=\"800\">Flexo de 150 cm<\/strong>: Aporta flexibilidad y comodidad para usar la alcachofa de mano de manera pr\u00e1ctica.<\/p>\n<\/li>\n<li class=\"\" data-start=\"887\" data-end=\"1011\">\n<p class=\"\" data-start=\"889\" data-end=\"1011\"><strong data-start=\"889\" data-end=\"922\">Alcachofa de mano con soporte<\/strong>: Ofrece mayor comodidad al dirigir el agua a zonas espec\u00edficas o para enjuagues r\u00e1pidos.<\/p>\n<\/li>\n<li data-start=\"887\" data-end=\"1011\">Caja box empotrable<\/li>\n<\/ul>\n<p class=\"\" data-start=\"1013\" data-end=\"1030\"><strong data-start=\"1013\" data-end=\"1027\">Materiales<\/strong>:<\/p>\n<ul data-start=\"1031\" data-end=\"1153\">\n<li class=\"\" data-start=\"1031\" data-end=\"1065\">\n<p class=\"\" data-start=\"1033\" data-end=\"1065\"><strong data-start=\"1033\" data-end=\"1045\">Rociador<\/strong>: Acero inoxidable<\/p>\n<\/li>\n<li class=\"\" data-start=\"1066\" data-end=\"1090\">\n<p class=\"\" data-start=\"1068\" data-end=\"1090\"><strong data-start=\"1068\" data-end=\"1081\">Monomando<\/strong>: Lat\u00f3n<\/p>\n<\/li>\n<li class=\"\" data-start=\"1091\" data-end=\"1121\">\n<p class=\"\" data-start=\"1093\" data-end=\"1121\"><strong data-start=\"1093\" data-end=\"1114\">Alcachofa de mano<\/strong>: PVC<\/p>\n<\/li>\n<li class=\"\" data-start=\"1122\" data-end=\"1153\">\n<p class=\"\" data-start=\"1124\" data-end=\"1153\"><strong data-start=\"1124\" data-end=\"1133\">Flexo<\/strong>: Acero inoxidable<\/p>\n<\/li>\n<\/ul>\n<p class=\"\" data-start=\"1155\" data-end=\"1227\"><strong data-start=\"1155\" data-end=\"1166\">Acabado<\/strong>: Cromado, que aporta un toque brillante y moderno a tu ba\u00f1o.<\/p>\n","protected":false},"excerpt":{"rendered":"<p>Serie Eresma l\u00edneas rectas y cuadradas que aportan estilo y dise\u00f1o a cualquier ba\u00f1o, se diferencia por la alcachofa de mano ancha. Actualmente disponemos de diferentes acabados cromado y negro mate. Tenemos Ducha empotradas cuadrada a techo y pared<\/p>\n<p>&nbsp;<\/p>\n<p>La garant\u00eda de todos nuestros productos es de 3 a\u00f1os, para funcionamiento, duraci\u00f3n del esmaltado y anticorrosi\u00f3n.<\/p>\n<p>Recomendamos para un correcto mantenimiento de la grifer\u00eda y evitar el deterioro por el uso. Secar las gotas de agua con un pa\u00f1o suave despu\u00e9s del uso, evitando que se posen en la superficie y deterioran el acabado, no utilizar esponjas que puedan rayar la grifer\u00eda, utilizar limpiadores como vinagre limpieza, agua caliente y jab\u00f3n con ph neutro.<\/p>\n<p>&nbsp;<\/p>\n<p>Nuestro departamento t\u00e9cnico dispone de gu\u00edas de todos los modelos empotrados que vendemos, si tiene alguna duda con la instalaci\u00f3n contacte con nosotros mediante tel\u00e9fono, WhatsApp o email dentro del horario laboral indicado en la web.<\/p>\n<p>Recuerden que una vez instalado el cuerpo empotrado de la grifer\u00eda revisar de su correcto funcionamiento de paso de agua, comprobaci\u00f3n de cartuchos y corte de agua, si detecta alguna anomal\u00eda informe a nuestro departamento para darle una soluci\u00f3n, no contin\u00fae con la instalaci\u00f3n de cerramiento de la pared.<\/p>\n","protected":false},"featured_media":947,"template":"","meta":[],"product_brand":[],"product_cat":[57,47],"product_tag":[],"serie":[45],"manual-de-instalacion":[78],"color":[26],"class_list":{"0":"post-955","1":"product","2":"type-product","3":"status-publish","4":"has-post-thumbnail","6":"product_cat-duchas-empotradas","7":"product_cat-duchas","8":"pa_tamano-rociador-20cm","9":"pa_tamano-rociador-25cm","10":"pa_tamano-rociador-30cm","11":"pa_tamano-rociador-40cm","12":"serie-eresma","13":"manual-de-instalacion-guia-instalacion-duchas-empotradas-monomando","14":"color-cromo","16":"first","17":"instock","18":"taxable","19":"shipping-taxable","20":"product-type-variable"},"_links":{"self":[{"href":"https:\/\/www.valaz.es\/en\/wp-json\/wp\/v2\/product\/955","targetHints":{"allow":["GET"]}}],"collection":[{"href":"https:\/\/www.valaz.es\/en\/wp-json\/wp\/v2\/product"}],"about":[{"href":"https:\/\/www.valaz.es\/en\/wp-json\/wp\/v2\/types\/product"}],"wp:featuredmedia":[{"embeddable":true,"href":"https:\/\/www.valaz.es\/en\/wp-json\/wp\/v2\/media\/947"}],"wp:attachment":[{"href":"https:\/\/www.valaz.es\/en\/wp-json\/wp\/v2\/media?parent=955"}],"wp:term":[{"taxonomy":"product_brand","embeddable":true,"href":"https:\/\/www.valaz.es\/en\/wp-json\/wp\/v2\/product_brand?post=955"},{"taxonomy":"product_cat","embeddable":true,"href":"https:\/\/www.valaz.es\/en\/wp-json\/wp\/v2\/product_cat?post=955"},{"taxonomy":"product_tag","embeddable":true,"href":"https:\/\/www.valaz.es\/en\/wp-json\/wp\/v2\/product_tag?post=955"},{"taxonomy":"serie","embeddable":true,"href":"https:\/\/www.valaz.es\/en\/wp-json\/wp\/v2\/serie?post=955"},{"taxonomy":"manual-de-instalacion","embeddable":true,"href":"https:\/\/www.valaz.es\/en\/wp-json\/wp\/v2\/manual-de-instalacion?post=955"},{"taxonomy":"color","embeddable":true,"href":"https:\/\/www.valaz.es\/en\/wp-json\/wp\/v2\/color?post=955"}],"curies":[{"name":"wp","href":"https:\/\/api.w.org\/{rel}","templated":true}]}}