{"id":930,"date":"2022-11-15T15:26:57","date_gmt":"2022-11-15T14:26:57","guid":{"rendered":"https:\/\/www.valaz.es\/?post_type=product&#038;p=930"},"modified":"2025-12-05T23:54:26","modified_gmt":"2025-12-05T22:54:26","slug":"grifo-de-cocina-redondo-monomando-giratorio-acero-cepillado-serie-misisipi","status":"publish","type":"product","link":"https:\/\/www.valaz.es\/en\/product\/grifo-de-cocina-redondo-monomando-giratorio-acero-cepillado-serie-misisipi\/","title":{"rendered":"Grifo de cocina redondo monomando giratorio acero cepillado &#8211; Serie Misisipi"},"content":{"rendered":"<p class=\"\" data-start=\"82\" data-end=\"541\">Este grifo de cocina monomando de dise\u00f1o redondo y acabado en acero cepillado es una opci\u00f3n pr\u00e1ctica y elegante para tu espacio. Su ca\u00f1o giratorio de 360\u00ba proporciona una mayor flexibilidad y comodidad al momento de usarlo, facilitando las tareas en el fregadero. Adem\u00e1s, el cuerpo de lat\u00f3n y el ca\u00f1o de acero inoxidable aseguran durabilidad y resistencia, mientras que su acabado cepillado aporta un toque moderno y sofisticado a tu cocina.<\/p>\n<p class=\"\" data-start=\"543\" data-end=\"565\"><strong data-start=\"543\" data-end=\"563\">Especificaciones<\/strong><\/p>\n<ul data-start=\"566\" data-end=\"704\">\n<li class=\"\" data-start=\"566\" data-end=\"602\">\n<p class=\"\" data-start=\"568\" data-end=\"602\"><strong data-start=\"568\" data-end=\"594\">Cuerpo de la grifer\u00eda:<\/strong> Lat\u00f3n<\/p>\n<\/li>\n<li class=\"\" data-start=\"603\" data-end=\"643\">\n<p class=\"\" data-start=\"605\" data-end=\"643\"><strong data-start=\"605\" data-end=\"624\">Ca\u00f1o del grifo:<\/strong> Acero inoxidable<\/p>\n<\/li>\n<li class=\"\" data-start=\"644\" data-end=\"669\">\n<p class=\"\" data-start=\"646\" data-end=\"669\"><strong data-start=\"646\" data-end=\"659\">Cartucho:<\/strong> \u00d8 35 mm<\/p>\n<\/li>\n<li class=\"\" data-start=\"670\" data-end=\"704\">\n<p class=\"\" data-start=\"672\" data-end=\"704\"><strong data-start=\"672\" data-end=\"697\">Manguera de conexi\u00f3n:<\/strong> 3\/8&#8243;<\/p>\n<\/li>\n<\/ul>\n","protected":false},"excerpt":{"rendered":"<p>Serie Misisipi es un grifo de cocina cl\u00e1sico y elegante, con ca\u00f1o curvo y giratorio 360 grados. Actualmente tenemos acabado en cromado, negro mate, acero cepillado y dorado cepillado El cuerpo de la grifer\u00eda lat\u00f3n, con cartucho cer\u00e1mico y latiguillos.<\/p>\n<p>La garant\u00eda de todos nuestros productos es de 3 a\u00f1os, para funcionamiento, duraci\u00f3n del esmaltado y anticorrosi\u00f3n.<\/p>\n<p>Recomendamos para un correcto mantenimiento de la grifer\u00eda y evitar el deterioro por el uso. Secar las gotas de agua con un pa\u00f1o suave despu\u00e9s del uso, evitando que se posen en la superficie y deterioran el acabado, no utilizar esponjas que puedan rayar la grifer\u00eda, utilizar limpiadores como vinagre limpieza, agua caliente y jab\u00f3n con ph neutro.<\/p>\n<p>Nuestro departamento\u00a0t\u00e9cnico\u00a0dispone de\u00a0gu\u00edas\u00a0de todos los\u00a0modelos\u00a0empotrados\u00a0que vendemos,\u00a0si tiene alguna duda con la\u00a0instalaci\u00f3n\u00a0contacte con nosotros mediante\u00a0tel\u00e9fono,\u00a0WhatsApp\u00a0o email dentro del horario laboral indicado en la web.<\/p>\n<p>Recuerden que una vez instalado el cuerpo\u00a0empotrado\u00a0de la\u00a0grifer\u00eda\u00a0revisar de su correcto funcionamiento de paso de agua, comprobaci\u00f3n de cartuchos y corte de agua, si detecta alguna\u00a0anomal\u00eda\u00a0informe a nuestro\u00a0departamento\u00a0para darle una\u00a0soluci\u00f3n, no\u00a0contin\u00fae\u00a0con la\u00a0instalaci\u00f3n\u00a0de cerramiento de la pared.<\/p>\n","protected":false},"featured_media":6956,"template":"","meta":[],"product_brand":[],"product_cat":[50],"product_tag":[],"serie":[35],"manual-de-instalacion":[83],"color":[28],"class_list":{"0":"post-930","1":"product","2":"type-product","3":"status-publish","4":"has-post-thumbnail","6":"product_cat-grifos-de-cocina","7":"serie-misisipi","8":"manual-de-instalacion-guia-instalacion-grifo-superficie","9":"color-acero-cepillado","11":"first","12":"instock","13":"taxable","14":"shipping-taxable","15":"product-type-simple"},"_links":{"self":[{"href":"https:\/\/www.valaz.es\/en\/wp-json\/wp\/v2\/product\/930","targetHints":{"allow":["GET"]}}],"collection":[{"href":"https:\/\/www.valaz.es\/en\/wp-json\/wp\/v2\/product"}],"about":[{"href":"https:\/\/www.valaz.es\/en\/wp-json\/wp\/v2\/types\/product"}],"wp:featuredmedia":[{"embeddable":true,"href":"https:\/\/www.valaz.es\/en\/wp-json\/wp\/v2\/media\/6956"}],"wp:attachment":[{"href":"https:\/\/www.valaz.es\/en\/wp-json\/wp\/v2\/media?parent=930"}],"wp:term":[{"taxonomy":"product_brand","embeddable":true,"href":"https:\/\/www.valaz.es\/en\/wp-json\/wp\/v2\/product_brand?post=930"},{"taxonomy":"product_cat","embeddable":true,"href":"https:\/\/www.valaz.es\/en\/wp-json\/wp\/v2\/product_cat?post=930"},{"taxonomy":"product_tag","embeddable":true,"href":"https:\/\/www.valaz.es\/en\/wp-json\/wp\/v2\/product_tag?post=930"},{"taxonomy":"serie","embeddable":true,"href":"https:\/\/www.valaz.es\/en\/wp-json\/wp\/v2\/serie?post=930"},{"taxonomy":"manual-de-instalacion","embeddable":true,"href":"https:\/\/www.valaz.es\/en\/wp-json\/wp\/v2\/manual-de-instalacion?post=930"},{"taxonomy":"color","embeddable":true,"href":"https:\/\/www.valaz.es\/en\/wp-json\/wp\/v2\/color?post=930"}],"curies":[{"name":"wp","href":"https:\/\/api.w.org\/{rel}","templated":true}]}}