{"id":928,"date":"2022-11-15T15:27:21","date_gmt":"2022-11-15T14:27:21","guid":{"rendered":"https:\/\/www.valaz.es\/?post_type=product&#038;p=928"},"modified":"2026-03-18T18:23:16","modified_gmt":"2026-03-18T17:23:16","slug":"grifo-de-cocina-monomando-redondo-giratorio-negro-mate","status":"publish","type":"product","link":"https:\/\/www.valaz.es\/en\/product\/grifo-de-cocina-monomando-redondo-giratorio-negro-mate\/","title":{"rendered":"Grifo de cocina monomando redondo giratorio negro mate serie Misisipi"},"content":{"rendered":"<p class=\"\" data-start=\"474\" data-end=\"786\">El grifo de cocina monomando redondo en negro mate de la Serie Misisipi combina funcionalidad y estilo en un dise\u00f1o moderno pensado para cocinas exigentes. Su ca\u00f1o giratorio facilita el acceso al fregadero desde cualquier \u00e1ngulo, lo que lo convierte en una opci\u00f3n ideal tanto para uso dom\u00e9stico como profesional.<\/p>\n<p class=\"\" data-start=\"788\" data-end=\"1086\">Est\u00e1 fabricado con cuerpo de lat\u00f3n, un material robusto y resistente a la corrosi\u00f3n, y su ca\u00f1o est\u00e1 elaborado en acero inoxidable para una mayor durabilidad. El acabado negro mate le otorga un aspecto elegante y sobrio, integr\u00e1ndose perfectamente en cocinas contempor\u00e1neas o de est\u00e9tica industrial.<\/p>\n<p class=\"\" data-start=\"1088\" data-end=\"1301\">El grifo incorpora un cartucho cer\u00e1mico de 35 mm que garantiza un manejo suave y preciso del flujo y temperatura del agua. Adem\u00e1s, incluye mangueras de conexi\u00f3n de 3\/8\u201d listas para una instalaci\u00f3n r\u00e1pida y segura.<\/p>\n<p class=\"\" data-start=\"1303\" data-end=\"1324\"><strong data-start=\"1303\" data-end=\"1323\">Especificaciones<\/strong>:<\/p>\n<ul data-start=\"1325\" data-end=\"1562\">\n<li class=\"\" data-start=\"1325\" data-end=\"1360\">\n<p class=\"\" data-start=\"1327\" data-end=\"1360\">Tipo: Grifo de cocina monomando<\/p>\n<\/li>\n<li class=\"\" data-start=\"1361\" data-end=\"1380\">\n<p class=\"\" data-start=\"1363\" data-end=\"1380\">Dise\u00f1o: Redondo<\/p>\n<\/li>\n<li class=\"\" data-start=\"1381\" data-end=\"1437\">\n<p class=\"\" data-start=\"1383\" data-end=\"1437\">Material: Cuerpo de lat\u00f3n y ca\u00f1o de acero inoxidable<\/p>\n<\/li>\n<li class=\"\" data-start=\"1438\" data-end=\"1461\">\n<p class=\"\" data-start=\"1440\" data-end=\"1461\">Acabado: Negro mate<\/p>\n<\/li>\n<li class=\"\" data-start=\"1462\" data-end=\"1492\">\n<p class=\"\" data-start=\"1464\" data-end=\"1492\">Cartucho: Cer\u00e1mico \u00d8 35 mm<\/p>\n<\/li>\n<li class=\"\" data-start=\"1493\" data-end=\"1534\">\n<p class=\"\" data-start=\"1495\" data-end=\"1534\">Conexi\u00f3n: Mangueras de 3\/8\u201d incluidas<\/p>\n<\/li>\n<li class=\"\" data-start=\"1535\" data-end=\"1562\">\n<p class=\"\" data-start=\"1537\" data-end=\"1562\">Funci\u00f3n: Ca\u00f1o giratorio<\/p>\n<\/li>\n<\/ul>\n","protected":false},"excerpt":{"rendered":"<p>Serie Misisipi es un grifo de cocina cl\u00e1sico y elegante, con ca\u00f1o curvo y giratorio 360 grados. Actualmente tenemos acabado en cromado, negro mate, acero cepillado y dorado cepillado El cuerpo de la grifer\u00eda lat\u00f3n, con cartucho cer\u00e1mico y latiguillos.<\/p>\n<p>La garant\u00eda de todos nuestros productos es de 3 a\u00f1os, para funcionamiento, duraci\u00f3n del esmaltado y anticorrosi\u00f3n.<\/p>\n<p>Recomendamos para un correcto mantenimiento de la grifer\u00eda y evitar el deterioro por el uso. Secar las gotas de agua con un pa\u00f1o suave despu\u00e9s del uso, evitando que se posen en la superficie y deterioran el acabado, no utilizar esponjas que puedan rayar la grifer\u00eda, utilizar limpiadores como vinagre limpieza, agua caliente y jab\u00f3n con ph neutro.<\/p>\n<p>Nuestro departamento\u00a0t\u00e9cnico\u00a0dispone de\u00a0gu\u00edas\u00a0de todos los\u00a0modelos\u00a0empotrados\u00a0que vendemos,\u00a0si tiene alguna duda con la\u00a0instalaci\u00f3n\u00a0contacte con nosotros mediante\u00a0tel\u00e9fono,\u00a0WhatsApp\u00a0o email dentro del horario laboral indicado en la web.<\/p>\n<p>Recuerden que una vez instalado el cuerpo\u00a0empotrado\u00a0de la\u00a0grifer\u00eda\u00a0revisar de su correcto funcionamiento de paso de agua, comprobaci\u00f3n de cartuchos y corte de agua, si detecta alguna\u00a0anomal\u00eda\u00a0informe a nuestro\u00a0departamento\u00a0para darle una\u00a0soluci\u00f3n, no\u00a0contin\u00fae\u00a0con la\u00a0instalaci\u00f3n\u00a0de cerramiento de la pared.<\/p>\n","protected":false},"featured_media":6964,"template":"","meta":[],"product_brand":[],"product_cat":[50],"product_tag":[],"serie":[35],"manual-de-instalacion":[83],"color":[27],"class_list":{"0":"post-928","1":"product","2":"type-product","3":"status-publish","4":"has-post-thumbnail","6":"product_cat-grifos-de-cocina","7":"serie-misisipi","8":"manual-de-instalacion-guia-instalacion-grifo-superficie","9":"color-negro-mate","11":"first","12":"instock","13":"taxable","14":"shipping-taxable","15":"product-type-simple"},"_links":{"self":[{"href":"https:\/\/www.valaz.es\/en\/wp-json\/wp\/v2\/product\/928","targetHints":{"allow":["GET"]}}],"collection":[{"href":"https:\/\/www.valaz.es\/en\/wp-json\/wp\/v2\/product"}],"about":[{"href":"https:\/\/www.valaz.es\/en\/wp-json\/wp\/v2\/types\/product"}],"wp:featuredmedia":[{"embeddable":true,"href":"https:\/\/www.valaz.es\/en\/wp-json\/wp\/v2\/media\/6964"}],"wp:attachment":[{"href":"https:\/\/www.valaz.es\/en\/wp-json\/wp\/v2\/media?parent=928"}],"wp:term":[{"taxonomy":"product_brand","embeddable":true,"href":"https:\/\/www.valaz.es\/en\/wp-json\/wp\/v2\/product_brand?post=928"},{"taxonomy":"product_cat","embeddable":true,"href":"https:\/\/www.valaz.es\/en\/wp-json\/wp\/v2\/product_cat?post=928"},{"taxonomy":"product_tag","embeddable":true,"href":"https:\/\/www.valaz.es\/en\/wp-json\/wp\/v2\/product_tag?post=928"},{"taxonomy":"serie","embeddable":true,"href":"https:\/\/www.valaz.es\/en\/wp-json\/wp\/v2\/serie?post=928"},{"taxonomy":"manual-de-instalacion","embeddable":true,"href":"https:\/\/www.valaz.es\/en\/wp-json\/wp\/v2\/manual-de-instalacion?post=928"},{"taxonomy":"color","embeddable":true,"href":"https:\/\/www.valaz.es\/en\/wp-json\/wp\/v2\/color?post=928"}],"curies":[{"name":"wp","href":"https:\/\/api.w.org\/{rel}","templated":true}]}}