{"id":9169,"date":"2023-11-07T17:28:34","date_gmt":"2023-11-07T16:28:34","guid":{"rendered":"https:\/\/www.valaz.es\/?post_type=product&#038;p=9169"},"modified":"2026-03-31T13:35:15","modified_gmt":"2026-03-31T11:35:15","slug":"grifo-cocina-alto-con-cano-flexible-monomando-cromado","status":"publish","type":"product","link":"https:\/\/www.valaz.es\/en\/product\/grifo-cocina-alto-con-cano-flexible-monomando-cromado\/","title":{"rendered":"Grifo cocina alto con ca\u00f1o flexible monomando cromado &#8211; Serie Zujar"},"content":{"rendered":"<p class=\"\" data-start=\"0\" data-end=\"263\">Este grifo de cocina alto con ca\u00f1o flexible monomando cromado de la Serie Zujar ofrece m\u00e1xima funcionalidad y un dise\u00f1o moderno. Ideal para quienes buscan comodidad en la cocina, su ca\u00f1o flexible y giratorio permiten un alcance total y facilidad en el uso diario.<\/p>\n<p class=\"\" data-start=\"265\" data-end=\"286\"><strong data-start=\"265\" data-end=\"286\">Especificaciones:<\/strong><\/p>\n<ul data-start=\"288\" data-end=\"544\" data-is-last-node=\"\" data-is-only-node=\"\">\n<li class=\"\" data-start=\"288\" data-end=\"350\">\n<p class=\"\" data-start=\"290\" data-end=\"350\"><strong data-start=\"290\" data-end=\"307\">Tipo de grifo<\/strong>: Monomando con ca\u00f1o flexible para cocina<\/p>\n<\/li>\n<li class=\"\" data-start=\"351\" data-end=\"375\">\n<p class=\"\" data-start=\"353\" data-end=\"375\"><strong data-start=\"353\" data-end=\"364\">Acabado<\/strong>: Cromado<\/p>\n<\/li>\n<li class=\"\" data-start=\"376\" data-end=\"421\">\n<p class=\"\" data-start=\"378\" data-end=\"421\"><strong data-start=\"378\" data-end=\"390\">Material<\/strong>: Cuerpo de grifer\u00eda de lat\u00f3n<\/p>\n<\/li>\n<li class=\"\" data-start=\"422\" data-end=\"459\">\n<p class=\"\" data-start=\"424\" data-end=\"459\"><strong data-start=\"424\" data-end=\"436\">Cartucho<\/strong>: Cer\u00e1mico de \u00f8 35 mm<\/p>\n<\/li>\n<li class=\"\" data-start=\"460\" data-end=\"511\">\n<p class=\"\" data-start=\"462\" data-end=\"511\"><strong data-start=\"462\" data-end=\"474\">Conexi\u00f3n<\/strong>: 2 mangueras de conexi\u00f3n incluidas<\/p>\n<\/li>\n<li class=\"\" data-start=\"512\" data-end=\"544\">\n<p class=\"\" data-start=\"514\" data-end=\"544\"><strong data-start=\"514\" data-end=\"522\">Ca\u00f1o<\/strong>: Giratorio 360 grados<\/p>\n<\/li>\n<\/ul>\n","protected":false},"excerpt":{"rendered":"<p>Este grifo de cocina alto con ca\u00f1o flexible monomando cromado  [&#8230;]<\/p>\n","protected":false},"featured_media":9170,"template":"","meta":[],"product_brand":[],"product_cat":[50],"product_tag":[],"serie":[374],"manual-de-instalacion":[83],"color":[26],"class_list":{"0":"post-9169","1":"product","2":"type-product","3":"status-publish","4":"has-post-thumbnail","6":"product_cat-grifos-de-cocina","7":"serie-zujar","8":"manual-de-instalacion-guia-instalacion-grifo-superficie","9":"color-cromo","11":"first","12":"instock","13":"taxable","14":"shipping-taxable","15":"product-type-simple"},"_links":{"self":[{"href":"https:\/\/www.valaz.es\/en\/wp-json\/wp\/v2\/product\/9169","targetHints":{"allow":["GET"]}}],"collection":[{"href":"https:\/\/www.valaz.es\/en\/wp-json\/wp\/v2\/product"}],"about":[{"href":"https:\/\/www.valaz.es\/en\/wp-json\/wp\/v2\/types\/product"}],"wp:featuredmedia":[{"embeddable":true,"href":"https:\/\/www.valaz.es\/en\/wp-json\/wp\/v2\/media\/9170"}],"wp:attachment":[{"href":"https:\/\/www.valaz.es\/en\/wp-json\/wp\/v2\/media?parent=9169"}],"wp:term":[{"taxonomy":"product_brand","embeddable":true,"href":"https:\/\/www.valaz.es\/en\/wp-json\/wp\/v2\/product_brand?post=9169"},{"taxonomy":"product_cat","embeddable":true,"href":"https:\/\/www.valaz.es\/en\/wp-json\/wp\/v2\/product_cat?post=9169"},{"taxonomy":"product_tag","embeddable":true,"href":"https:\/\/www.valaz.es\/en\/wp-json\/wp\/v2\/product_tag?post=9169"},{"taxonomy":"serie","embeddable":true,"href":"https:\/\/www.valaz.es\/en\/wp-json\/wp\/v2\/serie?post=9169"},{"taxonomy":"manual-de-instalacion","embeddable":true,"href":"https:\/\/www.valaz.es\/en\/wp-json\/wp\/v2\/manual-de-instalacion?post=9169"},{"taxonomy":"color","embeddable":true,"href":"https:\/\/www.valaz.es\/en\/wp-json\/wp\/v2\/color?post=9169"}],"curies":[{"name":"wp","href":"https:\/\/api.w.org\/{rel}","templated":true}]}}