{"id":9027,"date":"2023-11-02T13:37:05","date_gmt":"2023-11-02T12:37:05","guid":{"rendered":"https:\/\/www.valaz.es\/?post_type=product&#038;p=9027"},"modified":"2025-07-07T19:54:17","modified_gmt":"2025-07-07T17:54:17","slug":"grifo-de-cocina-osmosis-3-vias-redondo-negro-mate-serie-amazonas","status":"publish","type":"product","link":"https:\/\/www.valaz.es\/en\/product\/grifo-de-cocina-osmosis-3-vias-redondo-negro-mate-serie-amazonas\/","title":{"rendered":"Grifo de cocina osmosis 3 v\u00edas redondo negro mate &#8211; Serie Amazonas"},"content":{"rendered":"<p class=\"\" data-start=\"72\" data-end=\"299\">Este grifo de cocina de la Serie Amazonas ofrece un sistema de 3 v\u00edas, permitiendo agua fr\u00eda, caliente y de \u00f3smosis. Con su elegante acabado negro mate, es ideal para quienes buscan un estilo moderno y sofisticado en la cocina.<\/p>\n<p class=\"\" data-start=\"301\" data-end=\"322\"><strong data-start=\"301\" data-end=\"322\">Especificaciones:<\/strong><\/p>\n<ul data-start=\"324\" data-end=\"634\" data-is-last-node=\"\" data-is-only-node=\"\">\n<li class=\"\" data-start=\"324\" data-end=\"390\">\n<p class=\"\" data-start=\"326\" data-end=\"390\"><strong data-start=\"326\" data-end=\"343\">Tipo de grifo<\/strong>: 3 v\u00edas (agua fr\u00eda, agua caliente y \u00f3smosis)<\/p>\n<\/li>\n<li class=\"\" data-start=\"391\" data-end=\"418\">\n<p class=\"\" data-start=\"393\" data-end=\"418\"><strong data-start=\"393\" data-end=\"404\">Acabado<\/strong>: Negro mate<\/p>\n<\/li>\n<li class=\"\" data-start=\"419\" data-end=\"464\">\n<p class=\"\" data-start=\"421\" data-end=\"464\"><strong data-start=\"421\" data-end=\"433\">Material<\/strong>: Cuerpo de grifer\u00eda de lat\u00f3n<\/p>\n<\/li>\n<li class=\"\" data-start=\"465\" data-end=\"517\">\n<p class=\"\" data-start=\"467\" data-end=\"517\"><strong data-start=\"467\" data-end=\"479\">Cartucho<\/strong>: Cer\u00e1mico de \u00f8 35 mm con KTW \/ DVGW<\/p>\n<\/li>\n<li class=\"\" data-start=\"518\" data-end=\"601\">\n<p class=\"\" data-start=\"520\" data-end=\"601\"><strong data-start=\"520\" data-end=\"532\">Conexi\u00f3n<\/strong>: Manguera de conexi\u00f3n de 3\/8 \u201d + 1\/2\u2033 de acero inoxidable con DVGW<\/p>\n<\/li>\n<li class=\"\" data-start=\"602\" data-end=\"634\">\n<p class=\"\" data-start=\"604\" data-end=\"634\"><strong data-start=\"604\" data-end=\"612\">Ca\u00f1o<\/strong>: Giratorio 360 grados<\/p>\n<\/li>\n<li><strong data-start=\"648\" data-end=\"670\">Sistema de \u00f3smosis<\/strong>: El sistema de \u00f3smosis no viene incluido en el producto, solo se incluye el grifo con el latiguillo.<\/li>\n<\/ul>\n","protected":false},"excerpt":{"rendered":"<p>Este grifo de cocina de la Serie Amazonas ofrece un  [&#8230;]<\/p>\n","protected":false},"featured_media":9028,"template":"","meta":[],"product_brand":[],"product_cat":[50],"product_tag":[],"serie":[370],"manual-de-instalacion":[83],"color":[27],"class_list":{"0":"post-9027","1":"product","2":"type-product","3":"status-publish","4":"has-post-thumbnail","6":"product_cat-grifos-de-cocina","7":"serie-amazonas","8":"manual-de-instalacion-guia-instalacion-grifo-superficie","9":"color-negro-mate","11":"first","12":"instock","13":"taxable","14":"shipping-taxable","15":"product-type-simple"},"_links":{"self":[{"href":"https:\/\/www.valaz.es\/en\/wp-json\/wp\/v2\/product\/9027","targetHints":{"allow":["GET"]}}],"collection":[{"href":"https:\/\/www.valaz.es\/en\/wp-json\/wp\/v2\/product"}],"about":[{"href":"https:\/\/www.valaz.es\/en\/wp-json\/wp\/v2\/types\/product"}],"wp:featuredmedia":[{"embeddable":true,"href":"https:\/\/www.valaz.es\/en\/wp-json\/wp\/v2\/media\/9028"}],"wp:attachment":[{"href":"https:\/\/www.valaz.es\/en\/wp-json\/wp\/v2\/media?parent=9027"}],"wp:term":[{"taxonomy":"product_brand","embeddable":true,"href":"https:\/\/www.valaz.es\/en\/wp-json\/wp\/v2\/product_brand?post=9027"},{"taxonomy":"product_cat","embeddable":true,"href":"https:\/\/www.valaz.es\/en\/wp-json\/wp\/v2\/product_cat?post=9027"},{"taxonomy":"product_tag","embeddable":true,"href":"https:\/\/www.valaz.es\/en\/wp-json\/wp\/v2\/product_tag?post=9027"},{"taxonomy":"serie","embeddable":true,"href":"https:\/\/www.valaz.es\/en\/wp-json\/wp\/v2\/serie?post=9027"},{"taxonomy":"manual-de-instalacion","embeddable":true,"href":"https:\/\/www.valaz.es\/en\/wp-json\/wp\/v2\/manual-de-instalacion?post=9027"},{"taxonomy":"color","embeddable":true,"href":"https:\/\/www.valaz.es\/en\/wp-json\/wp\/v2\/color?post=9027"}],"curies":[{"name":"wp","href":"https:\/\/api.w.org\/{rel}","templated":true}]}}