{"id":9008,"date":"2023-11-02T13:37:12","date_gmt":"2023-11-02T12:37:12","guid":{"rendered":"https:\/\/www.valaz.es\/?post_type=product&#038;p=9008"},"modified":"2026-04-06T11:44:09","modified_gmt":"2026-04-06T09:44:09","slug":"grifo-de-cocina-osmosis-3-vias-redondo-acero-cepillado-serie-amazonas","status":"publish","type":"product","link":"https:\/\/www.valaz.es\/en\/product\/grifo-de-cocina-osmosis-3-vias-redondo-acero-cepillado-serie-amazonas\/","title":{"rendered":"Grifo de cocina osmosis 3 v\u00edas redondo acero cepillado &#8211; Serie Amazonas"},"content":{"rendered":"<p class=\"\" data-start=\"77\" data-end=\"280\">Este grifo de cocina de la Serie Amazonas est\u00e1 dise\u00f1ado para ofrecer un sistema de 3 v\u00edas, permitiendo agua fr\u00eda, caliente y \u00f3smosis, con un acabado en acero cepillado para un estilo moderno y funcional.<\/p>\n<p class=\"\" data-start=\"282\" data-end=\"303\"><strong data-start=\"282\" data-end=\"303\">Especificaciones:<\/strong><\/p>\n<ul data-start=\"305\" data-end=\"620\" data-is-last-node=\"\" data-is-only-node=\"\">\n<li class=\"\" data-start=\"305\" data-end=\"371\">\n<p class=\"\" data-start=\"307\" data-end=\"371\"><strong data-start=\"307\" data-end=\"324\">Tipo de grifo<\/strong>: 3 v\u00edas (agua fr\u00eda, agua caliente y \u00f3smosis)<\/p>\n<\/li>\n<li class=\"\" data-start=\"372\" data-end=\"404\">\n<p class=\"\" data-start=\"374\" data-end=\"404\"><strong data-start=\"374\" data-end=\"385\">Acabado<\/strong>: Acero cepillado<\/p>\n<\/li>\n<li class=\"\" data-start=\"405\" data-end=\"450\">\n<p class=\"\" data-start=\"407\" data-end=\"450\"><strong data-start=\"407\" data-end=\"419\">Material<\/strong>: Cuerpo de grifer\u00eda de lat\u00f3n<\/p>\n<\/li>\n<li class=\"\" data-start=\"451\" data-end=\"503\">\n<p class=\"\" data-start=\"453\" data-end=\"503\"><strong data-start=\"453\" data-end=\"465\">Cartucho<\/strong>: Cer\u00e1mico de \u00f8 35 mm con KTW \/ DVGW<\/p>\n<\/li>\n<li class=\"\" data-start=\"504\" data-end=\"587\">\n<p class=\"\" data-start=\"506\" data-end=\"587\"><strong data-start=\"506\" data-end=\"518\">Conexi\u00f3n<\/strong>: Manguera de conexi\u00f3n de 3\/8 \u201d + 1\/2\u2033 de acero inoxidable con DVGW<\/p>\n<\/li>\n<li class=\"\" data-start=\"588\" data-end=\"620\">\n<p class=\"\" data-start=\"590\" data-end=\"620\"><strong data-start=\"590\" data-end=\"598\">Ca\u00f1o<\/strong>: Giratorio 360 grados<\/p>\n<\/li>\n<li><strong data-start=\"648\" data-end=\"670\">Sistema de \u00f3smosis<\/strong>: El sistema de \u00f3smosis no viene incluido en el producto, solo se incluye el grifo con el latiguillo.<\/li>\n<\/ul>\n","protected":false},"excerpt":{"rendered":"<p>Este grifo de cocina de la Serie Amazonas est\u00e1 dise\u00f1ado  [&#8230;]<\/p>\n","protected":false},"featured_media":9009,"template":"","meta":[],"product_brand":[],"product_cat":[50],"product_tag":[],"serie":[370],"manual-de-instalacion":[83],"color":[28],"class_list":{"0":"post-9008","1":"product","2":"type-product","3":"status-publish","4":"has-post-thumbnail","6":"product_cat-grifos-de-cocina","7":"serie-amazonas","8":"manual-de-instalacion-guia-instalacion-grifo-superficie","9":"color-acero-cepillado","11":"first","12":"instock","13":"taxable","14":"shipping-taxable","15":"product-type-simple"},"_links":{"self":[{"href":"https:\/\/www.valaz.es\/en\/wp-json\/wp\/v2\/product\/9008","targetHints":{"allow":["GET"]}}],"collection":[{"href":"https:\/\/www.valaz.es\/en\/wp-json\/wp\/v2\/product"}],"about":[{"href":"https:\/\/www.valaz.es\/en\/wp-json\/wp\/v2\/types\/product"}],"wp:featuredmedia":[{"embeddable":true,"href":"https:\/\/www.valaz.es\/en\/wp-json\/wp\/v2\/media\/9009"}],"wp:attachment":[{"href":"https:\/\/www.valaz.es\/en\/wp-json\/wp\/v2\/media?parent=9008"}],"wp:term":[{"taxonomy":"product_brand","embeddable":true,"href":"https:\/\/www.valaz.es\/en\/wp-json\/wp\/v2\/product_brand?post=9008"},{"taxonomy":"product_cat","embeddable":true,"href":"https:\/\/www.valaz.es\/en\/wp-json\/wp\/v2\/product_cat?post=9008"},{"taxonomy":"product_tag","embeddable":true,"href":"https:\/\/www.valaz.es\/en\/wp-json\/wp\/v2\/product_tag?post=9008"},{"taxonomy":"serie","embeddable":true,"href":"https:\/\/www.valaz.es\/en\/wp-json\/wp\/v2\/serie?post=9008"},{"taxonomy":"manual-de-instalacion","embeddable":true,"href":"https:\/\/www.valaz.es\/en\/wp-json\/wp\/v2\/manual-de-instalacion?post=9008"},{"taxonomy":"color","embeddable":true,"href":"https:\/\/www.valaz.es\/en\/wp-json\/wp\/v2\/color?post=9008"}],"curies":[{"name":"wp","href":"https:\/\/api.w.org\/{rel}","templated":true}]}}