{"id":8832,"date":"2023-10-31T13:53:27","date_gmt":"2023-10-31T12:53:27","guid":{"rendered":"https:\/\/www.valaz.es\/?post_type=product&#038;p=8832"},"modified":"2025-09-03T09:24:59","modified_gmt":"2025-09-03T07:24:59","slug":"grifo-de-bide-lavabo-con-apertura-en-agua-fria-monomando-cuadrado-negro-mate-serie-muga","status":"publish","type":"product","link":"https:\/\/www.valaz.es\/en\/product\/grifo-de-bide-lavabo-con-apertura-en-agua-fria-monomando-cuadrado-negro-mate-serie-muga\/","title":{"rendered":"Grifo de bid\u00e9 lavabo con apertura en agua fr\u00eda monomando cuadrado negro mate &#8211; Serie Muga"},"content":{"rendered":"<p class=\"\" data-start=\"95\" data-end=\"266\">Este grifo de bid\u00e9 lavabo, con apertura en agua fr\u00eda y dise\u00f1o cuadrado negro mate, es una opci\u00f3n perfecta para quienes buscan un estilo moderno y minimalista para su ba\u00f1o.<\/p>\n<p class=\"\" data-start=\"268\" data-end=\"289\"><strong data-start=\"268\" data-end=\"289\">Especificaciones:<\/strong><\/p>\n<ul data-start=\"291\" data-end=\"510\" data-is-last-node=\"\" data-is-only-node=\"\">\n<li class=\"\" data-start=\"291\" data-end=\"362\">\n<p class=\"\" data-start=\"293\" data-end=\"362\"><strong data-start=\"293\" data-end=\"310\">Tipo de grifo<\/strong>: Monomando de bid\u00e9 lavabo con apertura en agua fr\u00eda<\/p>\n<\/li>\n<li class=\"\" data-start=\"363\" data-end=\"385\">\n<p class=\"\" data-start=\"365\" data-end=\"385\"><strong data-start=\"365\" data-end=\"375\">Dise\u00f1o<\/strong>: Cuadrado<\/p>\n<\/li>\n<li class=\"\" data-start=\"386\" data-end=\"443\">\n<p class=\"\" data-start=\"388\" data-end=\"443\"><strong data-start=\"388\" data-end=\"400\">Material<\/strong>: Cuerpo de la grifer\u00eda en lat\u00f3n negro mate<\/p>\n<\/li>\n<li class=\"\" data-start=\"444\" data-end=\"477\">\n<p class=\"\" data-start=\"446\" data-end=\"477\"><strong data-start=\"446\" data-end=\"458\">Cartucho<\/strong>: Cer\u00e1mico de 25 mm<\/p>\n<\/li>\n<li class=\"\" data-start=\"478\" data-end=\"510\">\n<p class=\"\" data-start=\"480\" data-end=\"510\"><strong data-start=\"480\" data-end=\"495\">Latiguillos<\/strong>: 3\/8 incluidos<\/p>\n<\/li>\n<\/ul>\n","protected":false},"excerpt":{"rendered":"<p>Este grifo de bid\u00e9 lavabo, con apertura en agua fr\u00eda  [&#8230;]<\/p>\n","protected":false},"featured_media":8879,"template":"","meta":[],"product_brand":[],"product_cat":[54],"product_tag":[],"serie":[363],"manual-de-instalacion":[83],"color":[27],"class_list":{"0":"post-8832","1":"product","2":"type-product","3":"status-publish","4":"has-post-thumbnail","6":"product_cat-grifos-de-bidet","7":"serie-muga","8":"manual-de-instalacion-guia-instalacion-grifo-superficie","9":"color-negro-mate","11":"first","12":"instock","13":"taxable","14":"shipping-taxable","15":"product-type-simple"},"_links":{"self":[{"href":"https:\/\/www.valaz.es\/en\/wp-json\/wp\/v2\/product\/8832","targetHints":{"allow":["GET"]}}],"collection":[{"href":"https:\/\/www.valaz.es\/en\/wp-json\/wp\/v2\/product"}],"about":[{"href":"https:\/\/www.valaz.es\/en\/wp-json\/wp\/v2\/types\/product"}],"wp:featuredmedia":[{"embeddable":true,"href":"https:\/\/www.valaz.es\/en\/wp-json\/wp\/v2\/media\/8879"}],"wp:attachment":[{"href":"https:\/\/www.valaz.es\/en\/wp-json\/wp\/v2\/media?parent=8832"}],"wp:term":[{"taxonomy":"product_brand","embeddable":true,"href":"https:\/\/www.valaz.es\/en\/wp-json\/wp\/v2\/product_brand?post=8832"},{"taxonomy":"product_cat","embeddable":true,"href":"https:\/\/www.valaz.es\/en\/wp-json\/wp\/v2\/product_cat?post=8832"},{"taxonomy":"product_tag","embeddable":true,"href":"https:\/\/www.valaz.es\/en\/wp-json\/wp\/v2\/product_tag?post=8832"},{"taxonomy":"serie","embeddable":true,"href":"https:\/\/www.valaz.es\/en\/wp-json\/wp\/v2\/serie?post=8832"},{"taxonomy":"manual-de-instalacion","embeddable":true,"href":"https:\/\/www.valaz.es\/en\/wp-json\/wp\/v2\/manual-de-instalacion?post=8832"},{"taxonomy":"color","embeddable":true,"href":"https:\/\/www.valaz.es\/en\/wp-json\/wp\/v2\/color?post=8832"}],"curies":[{"name":"wp","href":"https:\/\/api.w.org\/{rel}","templated":true}]}}