{"id":8831,"date":"2023-10-31T13:57:12","date_gmt":"2023-10-31T12:57:12","guid":{"rendered":"https:\/\/www.valaz.es\/?post_type=product&#038;p=8831"},"modified":"2025-10-14T17:54:21","modified_gmt":"2025-10-14T15:54:21","slug":"grifo-de-lavabo-con-apertura-en-agua-fria-monomando-cuadrado-negro-mate-serie-muga","status":"publish","type":"product","link":"https:\/\/www.valaz.es\/en\/product\/grifo-de-lavabo-con-apertura-en-agua-fria-monomando-cuadrado-negro-mate-serie-muga\/","title":{"rendered":"Grifo de lavabo con apertura en agua fr\u00eda monomando cuadrado negro mate &#8211; Serie Muga"},"content":{"rendered":"<p class=\"\" data-start=\"90\" data-end=\"261\">Este grifo de lavabo cuadrado y monomando, con apertura en agua fr\u00eda, presenta un dise\u00f1o moderno y elegante en negro mate, ideal para dar un toque contempor\u00e1neo a tu ba\u00f1o.<\/p>\n<p class=\"\" data-start=\"263\" data-end=\"284\"><strong data-start=\"263\" data-end=\"284\">Especificaciones:<\/strong><\/p>\n<ul data-start=\"286\" data-end=\"500\" data-is-last-node=\"\" data-is-only-node=\"\">\n<li class=\"\" data-start=\"286\" data-end=\"352\">\n<p class=\"\" data-start=\"288\" data-end=\"352\"><strong data-start=\"288\" data-end=\"305\">Tipo de grifo<\/strong>: Monomando de lavabo con apertura en agua fr\u00eda<\/p>\n<\/li>\n<li class=\"\" data-start=\"353\" data-end=\"375\">\n<p class=\"\" data-start=\"355\" data-end=\"375\"><strong data-start=\"355\" data-end=\"365\">Dise\u00f1o<\/strong>: Cuadrado<\/p>\n<\/li>\n<li class=\"\" data-start=\"376\" data-end=\"433\">\n<p class=\"\" data-start=\"378\" data-end=\"433\"><strong data-start=\"378\" data-end=\"390\">Material<\/strong>: Cuerpo de la grifer\u00eda en lat\u00f3n negro mate<\/p>\n<\/li>\n<li class=\"\" data-start=\"434\" data-end=\"467\">\n<p class=\"\" data-start=\"436\" data-end=\"467\"><strong data-start=\"436\" data-end=\"448\">Cartucho<\/strong>: Cer\u00e1mico de 25 mm<\/p>\n<\/li>\n<li class=\"\" data-start=\"468\" data-end=\"500\">\n<p class=\"\" data-start=\"470\" data-end=\"500\"><strong data-start=\"470\" data-end=\"485\">Latiguillos<\/strong>: 3\/8 incluidos<\/p>\n<\/li>\n<\/ul>\n","protected":false},"excerpt":{"rendered":"<p>Este grifo de lavabo cuadrado y monomando, con apertura en  [&#8230;]<\/p>\n","protected":false},"featured_media":8911,"template":"","meta":[],"product_brand":[],"product_cat":[48],"product_tag":[],"serie":[363],"manual-de-instalacion":[83],"color":[27],"class_list":{"0":"post-8831","1":"product","2":"type-product","3":"status-publish","4":"has-post-thumbnail","6":"product_cat-grifos-de-lavabo","7":"serie-muga","8":"manual-de-instalacion-guia-instalacion-grifo-superficie","9":"color-negro-mate","11":"first","12":"outofstock","13":"taxable","14":"shipping-taxable","15":"product-type-simple"},"_links":{"self":[{"href":"https:\/\/www.valaz.es\/en\/wp-json\/wp\/v2\/product\/8831","targetHints":{"allow":["GET"]}}],"collection":[{"href":"https:\/\/www.valaz.es\/en\/wp-json\/wp\/v2\/product"}],"about":[{"href":"https:\/\/www.valaz.es\/en\/wp-json\/wp\/v2\/types\/product"}],"wp:featuredmedia":[{"embeddable":true,"href":"https:\/\/www.valaz.es\/en\/wp-json\/wp\/v2\/media\/8911"}],"wp:attachment":[{"href":"https:\/\/www.valaz.es\/en\/wp-json\/wp\/v2\/media?parent=8831"}],"wp:term":[{"taxonomy":"product_brand","embeddable":true,"href":"https:\/\/www.valaz.es\/en\/wp-json\/wp\/v2\/product_brand?post=8831"},{"taxonomy":"product_cat","embeddable":true,"href":"https:\/\/www.valaz.es\/en\/wp-json\/wp\/v2\/product_cat?post=8831"},{"taxonomy":"product_tag","embeddable":true,"href":"https:\/\/www.valaz.es\/en\/wp-json\/wp\/v2\/product_tag?post=8831"},{"taxonomy":"serie","embeddable":true,"href":"https:\/\/www.valaz.es\/en\/wp-json\/wp\/v2\/serie?post=8831"},{"taxonomy":"manual-de-instalacion","embeddable":true,"href":"https:\/\/www.valaz.es\/en\/wp-json\/wp\/v2\/manual-de-instalacion?post=8831"},{"taxonomy":"color","embeddable":true,"href":"https:\/\/www.valaz.es\/en\/wp-json\/wp\/v2\/color?post=8831"}],"curies":[{"name":"wp","href":"https:\/\/api.w.org\/{rel}","templated":true}]}}