{"id":8830,"date":"2023-10-31T13:55:39","date_gmt":"2023-10-31T12:55:39","guid":{"rendered":"https:\/\/www.valaz.es\/?post_type=product&#038;p=8830"},"modified":"2026-04-14T11:23:14","modified_gmt":"2026-04-14T09:23:14","slug":"grifo-de-lavabo-alto-para-pica-con-apertura-en-agua-fria-monomando-cuadrado-negro-mate-serie-muga","status":"publish","type":"product","link":"https:\/\/www.valaz.es\/en\/product\/grifo-de-lavabo-alto-para-pica-con-apertura-en-agua-fria-monomando-cuadrado-negro-mate-serie-muga\/","title":{"rendered":"Grifo de lavabo alto para pica con apertura en agua fr\u00eda monomando cuadrado negro mate &#8211; Serie Muga"},"content":{"rendered":"<p class=\"\" data-start=\"105\" data-end=\"294\">Este grifo de lavabo alto para pica con apertura en agua fr\u00eda y dise\u00f1o cuadrado en negro mate aporta elegancia y funcionalidad a tu ba\u00f1o, adapt\u00e1ndose a los espacios modernos y minimalistas.<\/p>\n<p class=\"\" data-start=\"296\" data-end=\"317\"><strong data-start=\"296\" data-end=\"317\">Especificaciones:<\/strong><\/p>\n<ul data-start=\"319\" data-end=\"548\" data-is-last-node=\"\" data-is-only-node=\"\">\n<li class=\"\" data-start=\"319\" data-end=\"400\">\n<p class=\"\" data-start=\"321\" data-end=\"400\"><strong data-start=\"321\" data-end=\"338\">Tipo de grifo<\/strong>: Monomando de lavabo alto para pica con apertura en agua fr\u00eda<\/p>\n<\/li>\n<li class=\"\" data-start=\"401\" data-end=\"423\">\n<p class=\"\" data-start=\"403\" data-end=\"423\"><strong data-start=\"403\" data-end=\"413\">Dise\u00f1o<\/strong>: Cuadrado<\/p>\n<\/li>\n<li class=\"\" data-start=\"424\" data-end=\"481\">\n<p class=\"\" data-start=\"426\" data-end=\"481\"><strong data-start=\"426\" data-end=\"438\">Material<\/strong>: Cuerpo de la grifer\u00eda en lat\u00f3n negro mate<\/p>\n<\/li>\n<li class=\"\" data-start=\"482\" data-end=\"515\">\n<p class=\"\" data-start=\"484\" data-end=\"515\"><strong data-start=\"484\" data-end=\"496\">Cartucho<\/strong>: Cer\u00e1mico de 35 mm<\/p>\n<\/li>\n<li class=\"\" data-start=\"516\" data-end=\"548\">\n<p class=\"\" data-start=\"518\" data-end=\"548\"><strong data-start=\"518\" data-end=\"533\">Latiguillos<\/strong>: 3\/8 incluidos<\/p>\n<\/li>\n<\/ul>\n","protected":false},"excerpt":{"rendered":"<p>Este grifo de lavabo alto para pica con apertura en  [&#8230;]<\/p>\n","protected":false},"featured_media":8895,"template":"","meta":[],"product_brand":[],"product_cat":[48],"product_tag":[],"serie":[363],"manual-de-instalacion":[83],"color":[27],"class_list":{"0":"post-8830","1":"product","2":"type-product","3":"status-publish","4":"has-post-thumbnail","6":"product_cat-grifos-de-lavabo","7":"serie-muga","8":"manual-de-instalacion-guia-instalacion-grifo-superficie","9":"color-negro-mate","11":"first","12":"instock","13":"taxable","14":"shipping-taxable","15":"product-type-simple"},"_links":{"self":[{"href":"https:\/\/www.valaz.es\/en\/wp-json\/wp\/v2\/product\/8830","targetHints":{"allow":["GET"]}}],"collection":[{"href":"https:\/\/www.valaz.es\/en\/wp-json\/wp\/v2\/product"}],"about":[{"href":"https:\/\/www.valaz.es\/en\/wp-json\/wp\/v2\/types\/product"}],"wp:featuredmedia":[{"embeddable":true,"href":"https:\/\/www.valaz.es\/en\/wp-json\/wp\/v2\/media\/8895"}],"wp:attachment":[{"href":"https:\/\/www.valaz.es\/en\/wp-json\/wp\/v2\/media?parent=8830"}],"wp:term":[{"taxonomy":"product_brand","embeddable":true,"href":"https:\/\/www.valaz.es\/en\/wp-json\/wp\/v2\/product_brand?post=8830"},{"taxonomy":"product_cat","embeddable":true,"href":"https:\/\/www.valaz.es\/en\/wp-json\/wp\/v2\/product_cat?post=8830"},{"taxonomy":"product_tag","embeddable":true,"href":"https:\/\/www.valaz.es\/en\/wp-json\/wp\/v2\/product_tag?post=8830"},{"taxonomy":"serie","embeddable":true,"href":"https:\/\/www.valaz.es\/en\/wp-json\/wp\/v2\/serie?post=8830"},{"taxonomy":"manual-de-instalacion","embeddable":true,"href":"https:\/\/www.valaz.es\/en\/wp-json\/wp\/v2\/manual-de-instalacion?post=8830"},{"taxonomy":"color","embeddable":true,"href":"https:\/\/www.valaz.es\/en\/wp-json\/wp\/v2\/color?post=8830"}],"curies":[{"name":"wp","href":"https:\/\/api.w.org\/{rel}","templated":true}]}}