{"id":8829,"date":"2023-10-31T13:54:47","date_gmt":"2023-10-31T12:54:47","guid":{"rendered":"https:\/\/www.valaz.es\/?post_type=product&#038;p=8829"},"modified":"2025-09-03T09:24:41","modified_gmt":"2025-09-03T07:24:41","slug":"grifo-de-bide-con-apertura-en-agua-fria-monomando-cuadrado-cromado-serie-muga","status":"publish","type":"product","link":"https:\/\/www.valaz.es\/en\/product\/grifo-de-bide-con-apertura-en-agua-fria-monomando-cuadrado-cromado-serie-muga\/","title":{"rendered":"Grifo de bid\u00e9 con apertura en agua fr\u00eda monomando cuadrado cromado &#8211; Serie Muga"},"content":{"rendered":"<p class=\"\" data-start=\"85\" data-end=\"261\">Este grifo de bid\u00e9 con apertura en agua fr\u00eda y dise\u00f1o cuadrado cromado ofrece un toque moderno y funcional para tu ba\u00f1o, siendo ideal para espacios con un estilo contempor\u00e1neo.<\/p>\n<p class=\"\" data-start=\"263\" data-end=\"284\"><strong data-start=\"263\" data-end=\"284\">Especificaciones:<\/strong><\/p>\n<ul data-start=\"286\" data-end=\"495\" data-is-last-node=\"\" data-is-only-node=\"\">\n<li class=\"\" data-start=\"286\" data-end=\"350\">\n<p class=\"\" data-start=\"288\" data-end=\"350\"><strong data-start=\"288\" data-end=\"305\">Tipo de grifo<\/strong>: Monomando de bid\u00e9 con apertura en agua fr\u00eda<\/p>\n<\/li>\n<li class=\"\" data-start=\"351\" data-end=\"373\">\n<p class=\"\" data-start=\"353\" data-end=\"373\"><strong data-start=\"353\" data-end=\"363\">Dise\u00f1o<\/strong>: Cuadrado<\/p>\n<\/li>\n<li class=\"\" data-start=\"374\" data-end=\"428\">\n<p class=\"\" data-start=\"376\" data-end=\"428\"><strong data-start=\"376\" data-end=\"388\">Material<\/strong>: Cuerpo de la grifer\u00eda en lat\u00f3n cromado<\/p>\n<\/li>\n<li class=\"\" data-start=\"429\" data-end=\"462\">\n<p class=\"\" data-start=\"431\" data-end=\"462\"><strong data-start=\"431\" data-end=\"443\">Cartucho<\/strong>: Cer\u00e1mico de 25 mm<\/p>\n<\/li>\n<li class=\"\" data-start=\"463\" data-end=\"495\">\n<p class=\"\" data-start=\"465\" data-end=\"495\"><strong data-start=\"465\" data-end=\"480\">Latiguillos<\/strong>: 3\/8 incluidos<\/p>\n<\/li>\n<\/ul>\n","protected":false},"excerpt":{"rendered":"<p>Este grifo de bid\u00e9 con apertura en agua fr\u00eda y  [&#8230;]<\/p>\n","protected":false},"featured_media":8887,"template":"","meta":[],"product_brand":[],"product_cat":[54],"product_tag":[],"serie":[363],"manual-de-instalacion":[83],"color":[26],"class_list":{"0":"post-8829","1":"product","2":"type-product","3":"status-publish","4":"has-post-thumbnail","6":"product_cat-grifos-de-bidet","7":"serie-muga","8":"manual-de-instalacion-guia-instalacion-grifo-superficie","9":"color-cromo","11":"first","12":"instock","13":"taxable","14":"shipping-taxable","15":"product-type-simple"},"_links":{"self":[{"href":"https:\/\/www.valaz.es\/en\/wp-json\/wp\/v2\/product\/8829","targetHints":{"allow":["GET"]}}],"collection":[{"href":"https:\/\/www.valaz.es\/en\/wp-json\/wp\/v2\/product"}],"about":[{"href":"https:\/\/www.valaz.es\/en\/wp-json\/wp\/v2\/types\/product"}],"wp:featuredmedia":[{"embeddable":true,"href":"https:\/\/www.valaz.es\/en\/wp-json\/wp\/v2\/media\/8887"}],"wp:attachment":[{"href":"https:\/\/www.valaz.es\/en\/wp-json\/wp\/v2\/media?parent=8829"}],"wp:term":[{"taxonomy":"product_brand","embeddable":true,"href":"https:\/\/www.valaz.es\/en\/wp-json\/wp\/v2\/product_brand?post=8829"},{"taxonomy":"product_cat","embeddable":true,"href":"https:\/\/www.valaz.es\/en\/wp-json\/wp\/v2\/product_cat?post=8829"},{"taxonomy":"product_tag","embeddable":true,"href":"https:\/\/www.valaz.es\/en\/wp-json\/wp\/v2\/product_tag?post=8829"},{"taxonomy":"serie","embeddable":true,"href":"https:\/\/www.valaz.es\/en\/wp-json\/wp\/v2\/serie?post=8829"},{"taxonomy":"manual-de-instalacion","embeddable":true,"href":"https:\/\/www.valaz.es\/en\/wp-json\/wp\/v2\/manual-de-instalacion?post=8829"},{"taxonomy":"color","embeddable":true,"href":"https:\/\/www.valaz.es\/en\/wp-json\/wp\/v2\/color?post=8829"}],"curies":[{"name":"wp","href":"https:\/\/api.w.org\/{rel}","templated":true}]}}