{"id":8815,"date":"2023-11-23T11:10:05","date_gmt":"2023-11-23T10:10:05","guid":{"rendered":"https:\/\/www.valaz.es\/?post_type=product&#038;p=8815"},"modified":"2026-04-17T08:37:31","modified_gmt":"2026-04-17T06:37:31","slug":"grifo-de-cocina-con-3-vias-osmosis-y-flexible-oro-mate-serie-manzanares","status":"publish","type":"product","link":"https:\/\/www.valaz.es\/en\/product\/grifo-de-cocina-con-3-vias-osmosis-y-flexible-oro-mate-serie-manzanares\/","title":{"rendered":"Grifo de cocina con 3 v\u00edas osmosis y flexible oro mate con protecci\u00f3n PVD &#8211; Serie Manzanares"},"content":{"rendered":"<article class=\"text-token-text-primary w-full\" dir=\"auto\" data-testid=\"conversation-turn-1012\" data-scroll-anchor=\"true\">\n<div class=\"text-base my-auto mx-auto py-5 px-6\">\n<div class=\"mx-auto flex flex-1 text-base gap-4 md:gap-5 lg:gap-6 md:max-w-3xl lg:max-w-[40rem] xl:max-w-[48rem] group\/turn-messages focus-visible:outline-hidden\" tabindex=\"-1\">\n<div class=\"group\/conversation-turn relative flex w-full min-w-0 flex-col agent-turn @xs\/thread:px-0 @sm\/thread:px-1.5 @md\/thread:px-4\">\n<div class=\"relative flex-col gap-1 md:gap-3\">\n<div class=\"flex max-w-full flex-col grow\">\n<div class=\"min-h-8 text-message relative flex w-full flex-col items-end gap-2 text-start break-words whitespace-normal [.text-message+&amp;]:mt-5\" dir=\"auto\" data-message-author-role=\"assistant\" data-message-id=\"369e124b-94ec-46c7-9798-845d9364fbbc\" data-message-model-slug=\"gpt-4o-mini\">\n<div class=\"flex w-full flex-col gap-1 empty:hidden first:pt-[3px]\">\n<div class=\"markdown prose dark:prose-invert w-full break-words light\">\n<p class=\"\" data-start=\"0\" data-end=\"444\">Este grifo de cocina con 3 v\u00edas de la Serie Manzanares es la opci\u00f3n ideal para quienes buscan comodidad y funcionalidad en su cocina. Con una salida de \u00f3smosis integrada, permite obtener agua fr\u00eda, caliente y filtrada para \u00f3smosis de manera eficiente y sencilla. Su acabado en oro mate con protecci\u00f3n PVD le otorga una est\u00e9tica elegante, resistente y f\u00e1cil de mantener. Adem\u00e1s, su ca\u00f1o giratorio de 360\u00b0 facilita su uso en diversas situaciones.<\/p>\n<p class=\"\" data-start=\"446\" data-end=\"467\"><strong data-start=\"446\" data-end=\"467\">Especificaciones:<\/strong><\/p>\n<ul data-start=\"469\" data-end=\"796\" data-is-last-node=\"\" data-is-only-node=\"\">\n<li class=\"\" data-start=\"469\" data-end=\"534\">\n<p class=\"\" data-start=\"471\" data-end=\"534\"><strong data-start=\"471\" data-end=\"488\">Tipo de grifo<\/strong>: Con 3 v\u00edas (agua fr\u00eda, caliente y \u00f3smosis)<\/p>\n<\/li>\n<li class=\"\" data-start=\"535\" data-end=\"570\">\n<p class=\"\" data-start=\"537\" data-end=\"570\"><strong data-start=\"537\" data-end=\"547\">Dise\u00f1o<\/strong>: Ca\u00f1o giratorio 360\u00b0<\/p>\n<\/li>\n<li class=\"\" data-start=\"571\" data-end=\"616\">\n<p class=\"\" data-start=\"573\" data-end=\"616\"><strong data-start=\"573\" data-end=\"585\">Material<\/strong>: Cuerpo de grifer\u00eda de lat\u00f3n<\/p>\n<\/li>\n<li class=\"\" data-start=\"617\" data-end=\"661\">\n<p class=\"\" data-start=\"619\" data-end=\"661\"><strong data-start=\"619\" data-end=\"630\">Acabado<\/strong>: Oro mate con protecci\u00f3n PVD<\/p>\n<\/li>\n<li class=\"\" data-start=\"662\" data-end=\"712\">\n<p class=\"\" data-start=\"664\" data-end=\"712\"><strong data-start=\"664\" data-end=\"676\">Cartucho<\/strong>: Cer\u00e1mico de 35 mm con KTW \/ DVGW<\/p>\n<\/li>\n<li class=\"\" data-start=\"736\" data-end=\"771\">\n<p class=\"\" data-start=\"738\" data-end=\"771\"><strong data-start=\"738\" data-end=\"753\">Latiguillos<\/strong>: 3\/8&#8243; incluidos<\/p>\n<\/li>\n<li class=\"\" data-start=\"772\" data-end=\"796\">\n<p class=\"\" data-start=\"774\" data-end=\"796\"><strong data-start=\"774\" data-end=\"786\">Manguera<\/strong>: Flexible<\/p>\n<\/li>\n<\/ul>\n<\/div>\n<\/div>\n<\/div>\n<\/div>\n<div class=\"mt-3 w-full empty:hidden\">\n<div class=\"text-center\">\n<ul>\n<li><strong data-start=\"648\" data-end=\"670\">Sistema de \u00f3smosis<\/strong>: El sistema de \u00f3smosis no viene incluido en el producto, solo se incluye el grifo con el latiguillo.<\/li>\n<\/ul>\n<\/div>\n<\/div>\n<\/div>\n<\/div>\n<\/div>\n<\/div>\n<\/article>\n<div class=\"pointer-events-none h-px w-px\" aria-hidden=\"true\" data-edge=\"true\"><\/div>\n","protected":false},"excerpt":{"rendered":"<p>Este grifo de cocina con 3 v\u00edas de la Serie  [&#8230;]<\/p>\n","protected":false},"featured_media":9420,"template":"","meta":[],"product_brand":[],"product_cat":[50],"product_tag":[],"serie":[362],"manual-de-instalacion":[83],"color":[350],"class_list":{"0":"post-8815","1":"product","2":"type-product","3":"status-publish","4":"has-post-thumbnail","6":"product_cat-grifos-de-cocina","7":"serie-manzanares","8":"manual-de-instalacion-guia-instalacion-grifo-superficie","9":"color-oro-mate-cepillado","11":"first","12":"instock","13":"taxable","14":"shipping-taxable","15":"product-type-simple"},"_links":{"self":[{"href":"https:\/\/www.valaz.es\/en\/wp-json\/wp\/v2\/product\/8815","targetHints":{"allow":["GET"]}}],"collection":[{"href":"https:\/\/www.valaz.es\/en\/wp-json\/wp\/v2\/product"}],"about":[{"href":"https:\/\/www.valaz.es\/en\/wp-json\/wp\/v2\/types\/product"}],"wp:featuredmedia":[{"embeddable":true,"href":"https:\/\/www.valaz.es\/en\/wp-json\/wp\/v2\/media\/9420"}],"wp:attachment":[{"href":"https:\/\/www.valaz.es\/en\/wp-json\/wp\/v2\/media?parent=8815"}],"wp:term":[{"taxonomy":"product_brand","embeddable":true,"href":"https:\/\/www.valaz.es\/en\/wp-json\/wp\/v2\/product_brand?post=8815"},{"taxonomy":"product_cat","embeddable":true,"href":"https:\/\/www.valaz.es\/en\/wp-json\/wp\/v2\/product_cat?post=8815"},{"taxonomy":"product_tag","embeddable":true,"href":"https:\/\/www.valaz.es\/en\/wp-json\/wp\/v2\/product_tag?post=8815"},{"taxonomy":"serie","embeddable":true,"href":"https:\/\/www.valaz.es\/en\/wp-json\/wp\/v2\/serie?post=8815"},{"taxonomy":"manual-de-instalacion","embeddable":true,"href":"https:\/\/www.valaz.es\/en\/wp-json\/wp\/v2\/manual-de-instalacion?post=8815"},{"taxonomy":"color","embeddable":true,"href":"https:\/\/www.valaz.es\/en\/wp-json\/wp\/v2\/color?post=8815"}],"curies":[{"name":"wp","href":"https:\/\/api.w.org\/{rel}","templated":true}]}}