{"id":876,"date":"2022-11-14T17:24:08","date_gmt":"2022-11-14T16:24:08","guid":{"rendered":"https:\/\/www.valaz.es\/?post_type=product&#038;p=876"},"modified":"2025-10-15T15:42:14","modified_gmt":"2025-10-15T13:42:14","slug":"accesorios-de-bano-cuadrados-en-dorado-cepillado-toallero-percha-portarollos","status":"publish","type":"product","link":"https:\/\/www.valaz.es\/en\/product\/accesorios-de-bano-cuadrados-en-dorado-cepillado-toallero-percha-portarollos\/","title":{"rendered":"Accesorios de ba\u00f1o cuadrados en dorado cepillado Toallero+ Percha+ Portarollos"},"content":{"rendered":"<p class=\"\" data-start=\"89\" data-end=\"505\">Estos accesorios de ba\u00f1o cuadrados en dorado cepillado aportan un toque de lujo y sofisticaci\u00f3n a tu ba\u00f1o. El acabado dorado cepillado no solo da un aire elegante, sino que tambi\u00e9n es resistente y f\u00e1cil de mantener, haciendo de este set una opci\u00f3n ideal para quienes buscan estilo y funcionalidad. El conjunto incluye un toallero, una percha y un portarollos, todo con un dise\u00f1o cuadrado y moderno.<\/p>\n<p class=\"\" data-start=\"507\" data-end=\"529\"><strong data-start=\"507\" data-end=\"527\">Especificaciones<\/strong><\/p>\n<ul data-start=\"530\" data-end=\"1064\">\n<li class=\"\" data-start=\"530\" data-end=\"608\">\n<p class=\"\" data-start=\"532\" data-end=\"608\"><strong data-start=\"532\" data-end=\"544\">Acabado:<\/strong> Dorado cepillado, que proporciona un toque elegante y de lujo<\/p>\n<\/li>\n<li class=\"\" data-start=\"609\" data-end=\"714\">\n<p class=\"\" data-start=\"611\" data-end=\"714\"><strong data-start=\"611\" data-end=\"622\">Dise\u00f1o:<\/strong> Cuadrado, con l\u00edneas limpias y modernas que encajan perfectamente en ba\u00f1os contempor\u00e1neos<\/p>\n<\/li>\n<li class=\"\" data-start=\"715\" data-end=\"835\">\n<p class=\"\" data-start=\"717\" data-end=\"835\"><strong data-start=\"717\" data-end=\"730\">Material:<\/strong> Fabricado en acero inoxidable de alta calidad para garantizar durabilidad y resistencia a la corrosi\u00f3n<\/p>\n<\/li>\n<li class=\"\" data-start=\"836\" data-end=\"1064\">\n<p class=\"\" data-start=\"838\" data-end=\"852\"><strong data-start=\"838\" data-end=\"850\">Incluye:<\/strong><\/p>\n<ul data-start=\"855\" data-end=\"1064\">\n<li class=\"\" data-start=\"855\" data-end=\"929\">\n<p class=\"\" data-start=\"857\" data-end=\"929\"><strong data-start=\"857\" data-end=\"870\">Toallero:<\/strong> Ideal para mantener tus toallas organizadas y accesibles<\/p>\n<\/li>\n<li class=\"\" data-start=\"932\" data-end=\"995\">\n<p class=\"\" data-start=\"934\" data-end=\"995\"><strong data-start=\"934\" data-end=\"945\">Percha:<\/strong> Perfecta para colgar ropa o toallas adicionales<\/p>\n<\/li>\n<li class=\"\" data-start=\"998\" data-end=\"1064\">\n<p class=\"\" data-start=\"1000\" data-end=\"1064\"><strong data-start=\"1000\" data-end=\"1017\">Portarrollos:<\/strong> Pr\u00e1ctico y funcional para el papel higi\u00e9nico<\/p>\n<\/li>\n<\/ul>\n<\/li>\n<\/ul>\n","protected":false},"excerpt":{"rendered":"<p>Estos accesorios de ba\u00f1o cuadrados en dorado cepillado aportan un  [&#8230;]<\/p>\n","protected":false},"featured_media":879,"template":"","meta":[],"product_brand":[],"product_cat":[388],"product_tag":[],"serie":[],"manual-de-instalacion":[],"color":[34],"class_list":{"0":"post-876","1":"product","2":"type-product","3":"status-publish","4":"has-post-thumbnail","6":"product_cat-accesorios-2","7":"color-dorado-cepillado","9":"first","10":"instock","11":"taxable","12":"shipping-taxable","13":"product-type-variable"},"_links":{"self":[{"href":"https:\/\/www.valaz.es\/en\/wp-json\/wp\/v2\/product\/876","targetHints":{"allow":["GET"]}}],"collection":[{"href":"https:\/\/www.valaz.es\/en\/wp-json\/wp\/v2\/product"}],"about":[{"href":"https:\/\/www.valaz.es\/en\/wp-json\/wp\/v2\/types\/product"}],"wp:featuredmedia":[{"embeddable":true,"href":"https:\/\/www.valaz.es\/en\/wp-json\/wp\/v2\/media\/879"}],"wp:attachment":[{"href":"https:\/\/www.valaz.es\/en\/wp-json\/wp\/v2\/media?parent=876"}],"wp:term":[{"taxonomy":"product_brand","embeddable":true,"href":"https:\/\/www.valaz.es\/en\/wp-json\/wp\/v2\/product_brand?post=876"},{"taxonomy":"product_cat","embeddable":true,"href":"https:\/\/www.valaz.es\/en\/wp-json\/wp\/v2\/product_cat?post=876"},{"taxonomy":"product_tag","embeddable":true,"href":"https:\/\/www.valaz.es\/en\/wp-json\/wp\/v2\/product_tag?post=876"},{"taxonomy":"serie","embeddable":true,"href":"https:\/\/www.valaz.es\/en\/wp-json\/wp\/v2\/serie?post=876"},{"taxonomy":"manual-de-instalacion","embeddable":true,"href":"https:\/\/www.valaz.es\/en\/wp-json\/wp\/v2\/manual-de-instalacion?post=876"},{"taxonomy":"color","embeddable":true,"href":"https:\/\/www.valaz.es\/en\/wp-json\/wp\/v2\/color?post=876"}],"curies":[{"name":"wp","href":"https:\/\/api.w.org\/{rel}","templated":true}]}}