{"id":875,"date":"2022-11-14T17:22:52","date_gmt":"2022-11-14T16:22:52","guid":{"rendered":"https:\/\/www.valaz.es\/?post_type=product&#038;p=875"},"modified":"2026-03-19T12:21:59","modified_gmt":"2026-03-19T11:21:59","slug":"accesorios-de-bano-cuadrados-en-cromo-toallero-percha-portarollos","status":"publish","type":"product","link":"https:\/\/www.valaz.es\/en\/product\/accesorios-de-bano-cuadrados-en-cromo-toallero-percha-portarollos\/","title":{"rendered":"Accesorios de ba\u00f1o cuadrados en cromo Toallero+ Percha+ Portarollos"},"content":{"rendered":"<p class=\"\" data-start=\"78\" data-end=\"568\">Este set de accesorios de ba\u00f1o cuadrados en cromo combina estilo y funcionalidad para crear un ambiente moderno y sofisticado en tu ba\u00f1o. El acabado cromado aporta un brillo duradero y una est\u00e9tica pulida, mientras que el dise\u00f1o cuadrado y contempor\u00e1neo de cada pieza hace que estos accesorios se adapten perfectamente a cualquier ba\u00f1o de dise\u00f1o actual. El set incluye un toallero, una percha y un portarollos, elementos esenciales para un ba\u00f1o bien organizado y elegante.<\/p>\n<p class=\"\" data-start=\"570\" data-end=\"592\"><strong data-start=\"570\" data-end=\"590\">Especificaciones<\/strong><\/p>\n<ul data-start=\"593\" data-end=\"1177\">\n<li class=\"\" data-start=\"593\" data-end=\"711\">\n<p class=\"\" data-start=\"595\" data-end=\"711\"><strong data-start=\"595\" data-end=\"607\">Acabado:<\/strong> Cromo brillante, que ofrece un toque moderno y elegante, f\u00e1cil de limpiar y resistente a la corrosi\u00f3n<\/p>\n<\/li>\n<li class=\"\" data-start=\"712\" data-end=\"810\">\n<p class=\"\" data-start=\"714\" data-end=\"810\"><strong data-start=\"714\" data-end=\"725\">Dise\u00f1o:<\/strong> Cuadrado, con l\u00edneas rectas y precisas que aportan un toque minimalista y elegante<\/p>\n<\/li>\n<li class=\"\" data-start=\"811\" data-end=\"911\">\n<p class=\"\" data-start=\"813\" data-end=\"911\"><strong data-start=\"813\" data-end=\"826\">Material:<\/strong> Fabricado en acero inoxidable de alta calidad para mayor durabilidad y resistencia<\/p>\n<\/li>\n<li class=\"\" data-start=\"912\" data-end=\"1177\">\n<p class=\"\" data-start=\"914\" data-end=\"928\"><strong data-start=\"914\" data-end=\"926\">Incluye:<\/strong><\/p>\n<ul data-start=\"931\" data-end=\"1177\">\n<li class=\"\" data-start=\"931\" data-end=\"1009\">\n<p class=\"\" data-start=\"933\" data-end=\"1009\"><strong data-start=\"933\" data-end=\"946\">Toallero:<\/strong> Ideal para mantener tus toallas organizadas y siempre a mano<\/p>\n<\/li>\n<li class=\"\" data-start=\"1012\" data-end=\"1075\">\n<p class=\"\" data-start=\"1014\" data-end=\"1075\"><strong data-start=\"1014\" data-end=\"1025\">Percha:<\/strong> Perfecta para colgar ropa o toallas adicionales<\/p>\n<\/li>\n<li class=\"\" data-start=\"1078\" data-end=\"1177\">\n<p class=\"\" data-start=\"1080\" data-end=\"1177\"><strong data-start=\"1080\" data-end=\"1097\">Portarrollos:<\/strong> Funcional y pr\u00e1ctico para mantener el papel higi\u00e9nico a la vista y al alcance<\/p>\n<\/li>\n<\/ul>\n<\/li>\n<\/ul>\n","protected":false},"excerpt":{"rendered":"<p>Este set de accesorios de ba\u00f1o cuadrados en cromo combina  [&#8230;]<\/p>\n","protected":false},"featured_media":878,"template":"","meta":[],"product_brand":[],"product_cat":[388],"product_tag":[],"serie":[],"manual-de-instalacion":[],"color":[26],"class_list":{"0":"post-875","1":"product","2":"type-product","3":"status-publish","4":"has-post-thumbnail","6":"product_cat-accesorios-2","7":"color-cromo","9":"first","10":"instock","11":"taxable","12":"shipping-taxable","13":"product-type-variable"},"_links":{"self":[{"href":"https:\/\/www.valaz.es\/en\/wp-json\/wp\/v2\/product\/875","targetHints":{"allow":["GET"]}}],"collection":[{"href":"https:\/\/www.valaz.es\/en\/wp-json\/wp\/v2\/product"}],"about":[{"href":"https:\/\/www.valaz.es\/en\/wp-json\/wp\/v2\/types\/product"}],"wp:featuredmedia":[{"embeddable":true,"href":"https:\/\/www.valaz.es\/en\/wp-json\/wp\/v2\/media\/878"}],"wp:attachment":[{"href":"https:\/\/www.valaz.es\/en\/wp-json\/wp\/v2\/media?parent=875"}],"wp:term":[{"taxonomy":"product_brand","embeddable":true,"href":"https:\/\/www.valaz.es\/en\/wp-json\/wp\/v2\/product_brand?post=875"},{"taxonomy":"product_cat","embeddable":true,"href":"https:\/\/www.valaz.es\/en\/wp-json\/wp\/v2\/product_cat?post=875"},{"taxonomy":"product_tag","embeddable":true,"href":"https:\/\/www.valaz.es\/en\/wp-json\/wp\/v2\/product_tag?post=875"},{"taxonomy":"serie","embeddable":true,"href":"https:\/\/www.valaz.es\/en\/wp-json\/wp\/v2\/serie?post=875"},{"taxonomy":"manual-de-instalacion","embeddable":true,"href":"https:\/\/www.valaz.es\/en\/wp-json\/wp\/v2\/manual-de-instalacion?post=875"},{"taxonomy":"color","embeddable":true,"href":"https:\/\/www.valaz.es\/en\/wp-json\/wp\/v2\/color?post=875"}],"curies":[{"name":"wp","href":"https:\/\/api.w.org\/{rel}","templated":true}]}}