{"id":874,"date":"2022-11-14T17:22:02","date_gmt":"2022-11-14T16:22:02","guid":{"rendered":"https:\/\/www.valaz.es\/?post_type=product&#038;p=874"},"modified":"2026-04-15T12:37:37","modified_gmt":"2026-04-15T10:37:37","slug":"accesorios-de-bano-en-acero-cepillado-toallero-percha-portarollos","status":"publish","type":"product","link":"https:\/\/www.valaz.es\/en\/product\/accesorios-de-bano-en-acero-cepillado-toallero-percha-portarollos\/","title":{"rendered":"Accesorios de ba\u00f1o en acero cepillado Toallero 30cm+ Percha+ Portarollos"},"content":{"rendered":"<p class=\"\" data-start=\"84\" data-end=\"575\">Este elegante set de accesorios de ba\u00f1o en acero cepillado es perfecto para aquellos que buscan un estilo moderno y sofisticado con un acabado mate y resistente. El acero cepillado no solo ofrece una est\u00e9tica minimalista, sino tambi\u00e9n una gran durabilidad y resistencia al desgaste, ideal para el uso diario. El set incluye un toallero de 30 cm, una percha y un portarollos, que combinan funcionalidad y estilo para mantener tu ba\u00f1o organizado y con un toque contempor\u00e1neo.<\/p>\n<p class=\"\" data-start=\"577\" data-end=\"599\"><strong data-start=\"577\" data-end=\"597\">Especificaciones<\/strong><\/p>\n<ul data-start=\"600\" data-end=\"1230\">\n<li class=\"\" data-start=\"600\" data-end=\"733\">\n<p class=\"\" data-start=\"602\" data-end=\"733\"><strong data-start=\"602\" data-end=\"614\">Acabado:<\/strong> Acero cepillado, que proporciona un aspecto elegante y mate, f\u00e1cil de mantener y resistente a las huellas dactilares<\/p>\n<\/li>\n<li class=\"\" data-start=\"734\" data-end=\"842\">\n<p class=\"\" data-start=\"736\" data-end=\"842\"><strong data-start=\"736\" data-end=\"747\">Dise\u00f1o:<\/strong> Estilo moderno con l\u00edneas limpias y minimalistas, adecuado para cualquier ba\u00f1o contempor\u00e1neo<\/p>\n<\/li>\n<li class=\"\" data-start=\"843\" data-end=\"961\">\n<p class=\"\" data-start=\"845\" data-end=\"961\"><strong data-start=\"845\" data-end=\"858\">Material:<\/strong> Fabricado en acero inoxidable de alta calidad, garantizando durabilidad y resistencia a la corrosi\u00f3n<\/p>\n<\/li>\n<li class=\"\" data-start=\"962\" data-end=\"1230\">\n<p class=\"\" data-start=\"964\" data-end=\"978\"><strong data-start=\"964\" data-end=\"976\">Incluye:<\/strong><\/p>\n<ul data-start=\"981\" data-end=\"1230\">\n<li class=\"\" data-start=\"981\" data-end=\"1074\">\n<p class=\"\" data-start=\"983\" data-end=\"1074\"><strong data-start=\"983\" data-end=\"1002\">Toallero 30 cm:<\/strong> Perfecto para toallas de mano o peque\u00f1as, mantiene el ba\u00f1o organizado<\/p>\n<\/li>\n<li class=\"\" data-start=\"1077\" data-end=\"1137\">\n<p class=\"\" data-start=\"1079\" data-end=\"1137\"><strong data-start=\"1079\" data-end=\"1090\">Percha:<\/strong> Ideal para colgar ropa o toallas adicionales<\/p>\n<\/li>\n<li class=\"\" data-start=\"1140\" data-end=\"1230\">\n<p class=\"\" data-start=\"1142\" data-end=\"1230\"><strong data-start=\"1142\" data-end=\"1159\">Portarrollos:<\/strong> Funcional y pr\u00e1ctico para mantener el papel higi\u00e9nico siempre a mano<\/p>\n<\/li>\n<\/ul>\n<\/li>\n<\/ul>\n","protected":false},"excerpt":{"rendered":"<p>Este elegante set de accesorios de ba\u00f1o en acero cepillado  [&#8230;]<\/p>\n","protected":false},"featured_media":889,"template":"","meta":[],"product_brand":[],"product_cat":[388],"product_tag":[],"serie":[],"manual-de-instalacion":[],"color":[28],"class_list":{"0":"post-874","1":"product","2":"type-product","3":"status-publish","4":"has-post-thumbnail","6":"product_cat-accesorios-2","7":"color-acero-cepillado","9":"first","10":"instock","11":"taxable","12":"shipping-taxable","13":"product-type-variable"},"_links":{"self":[{"href":"https:\/\/www.valaz.es\/en\/wp-json\/wp\/v2\/product\/874","targetHints":{"allow":["GET"]}}],"collection":[{"href":"https:\/\/www.valaz.es\/en\/wp-json\/wp\/v2\/product"}],"about":[{"href":"https:\/\/www.valaz.es\/en\/wp-json\/wp\/v2\/types\/product"}],"wp:featuredmedia":[{"embeddable":true,"href":"https:\/\/www.valaz.es\/en\/wp-json\/wp\/v2\/media\/889"}],"wp:attachment":[{"href":"https:\/\/www.valaz.es\/en\/wp-json\/wp\/v2\/media?parent=874"}],"wp:term":[{"taxonomy":"product_brand","embeddable":true,"href":"https:\/\/www.valaz.es\/en\/wp-json\/wp\/v2\/product_brand?post=874"},{"taxonomy":"product_cat","embeddable":true,"href":"https:\/\/www.valaz.es\/en\/wp-json\/wp\/v2\/product_cat?post=874"},{"taxonomy":"product_tag","embeddable":true,"href":"https:\/\/www.valaz.es\/en\/wp-json\/wp\/v2\/product_tag?post=874"},{"taxonomy":"serie","embeddable":true,"href":"https:\/\/www.valaz.es\/en\/wp-json\/wp\/v2\/serie?post=874"},{"taxonomy":"manual-de-instalacion","embeddable":true,"href":"https:\/\/www.valaz.es\/en\/wp-json\/wp\/v2\/manual-de-instalacion?post=874"},{"taxonomy":"color","embeddable":true,"href":"https:\/\/www.valaz.es\/en\/wp-json\/wp\/v2\/color?post=874"}],"curies":[{"name":"wp","href":"https:\/\/api.w.org\/{rel}","templated":true}]}}