{"id":873,"date":"2022-11-14T17:20:59","date_gmt":"2022-11-14T16:20:59","guid":{"rendered":"https:\/\/www.valaz.es\/?post_type=product&#038;p=873"},"modified":"2026-04-21T22:11:11","modified_gmt":"2026-04-21T20:11:11","slug":"accesorios-de-bano-en-dorado-cepillado-toallero-percha-portarollos","status":"publish","type":"product","link":"https:\/\/www.valaz.es\/en\/product\/accesorios-de-bano-en-dorado-cepillado-toallero-percha-portarollos\/","title":{"rendered":"Accesorios de ba\u00f1o en dorado cepillado Toallero 30cm+ Percha+ Portarollos"},"content":{"rendered":"<p class=\"\" data-start=\"85\" data-end=\"598\">Este set de accesorios de ba\u00f1o en dorado cepillado aporta un toque de lujo y elegancia a tu ba\u00f1o. Con un acabado en dorado cepillado, estos accesorios son perfectos para quienes buscan resaltar el estilo y la sofisticaci\u00f3n en sus espacios. El dorado cepillado no solo da un aire de distinci\u00f3n, sino que tambi\u00e9n es resistente y f\u00e1cil de mantener, aportando un acabado brillante y elegante. El set incluye un toallero de 30 cm, una percha y un portarollos, todos con un dise\u00f1o moderno y funcional.<\/p>\n<p class=\"\" data-start=\"600\" data-end=\"622\"><strong data-start=\"600\" data-end=\"620\">Especificaciones<\/strong><\/p>\n<ul data-start=\"623\" data-end=\"1303\">\n<li class=\"\" data-start=\"623\" data-end=\"751\">\n<p class=\"\" data-start=\"625\" data-end=\"751\"><strong data-start=\"625\" data-end=\"637\">Acabado:<\/strong> Dorado cepillado, que proporciona un brillo sutil y elegante, resistente a las huellas dactilares y al desgaste<\/p>\n<\/li>\n<li class=\"\" data-start=\"752\" data-end=\"875\">\n<p class=\"\" data-start=\"754\" data-end=\"875\"><strong data-start=\"754\" data-end=\"765\">Dise\u00f1o:<\/strong> Moderno y sofisticado, con l\u00edneas limpias que se adaptan a cualquier ba\u00f1o de estilo contempor\u00e1neo o de lujo<\/p>\n<\/li>\n<li class=\"\" data-start=\"876\" data-end=\"1012\">\n<p class=\"\" data-start=\"878\" data-end=\"1012\"><strong data-start=\"878\" data-end=\"891\">Material:<\/strong> Fabricado en acero inoxidable de alta calidad, resistente a la corrosi\u00f3n y a la oxidaci\u00f3n, garantizando su durabilidad<\/p>\n<\/li>\n<li class=\"\" data-start=\"1013\" data-end=\"1303\">\n<p class=\"\" data-start=\"1015\" data-end=\"1029\"><strong data-start=\"1015\" data-end=\"1027\">Incluye:<\/strong><\/p>\n<ul data-start=\"1032\" data-end=\"1303\">\n<li class=\"\" data-start=\"1032\" data-end=\"1133\">\n<p class=\"\" data-start=\"1034\" data-end=\"1133\"><strong data-start=\"1034\" data-end=\"1053\">Toallero 30 cm:<\/strong> Ideal para toallas de mano o peque\u00f1as, mantiene el ba\u00f1o organizado y elegante<\/p>\n<\/li>\n<li class=\"\" data-start=\"1136\" data-end=\"1202\">\n<p class=\"\" data-start=\"1138\" data-end=\"1202\"><strong data-start=\"1138\" data-end=\"1149\">Percha:<\/strong> Perfecta para colgar toallas o prendas adicionales<\/p>\n<\/li>\n<li class=\"\" data-start=\"1205\" data-end=\"1303\">\n<p class=\"\" data-start=\"1207\" data-end=\"1303\"><strong data-start=\"1207\" data-end=\"1224\">Portarrollos:<\/strong> Dise\u00f1o funcional y estilizado, manteniendo el papel higi\u00e9nico siempre a mano<\/p>\n<\/li>\n<\/ul>\n<\/li>\n<\/ul>\n","protected":false},"excerpt":{"rendered":"<p>Este set de accesorios de ba\u00f1o en dorado cepillado aporta  [&#8230;]<\/p>\n","protected":false},"featured_media":890,"template":"","meta":[],"product_brand":[],"product_cat":[388],"product_tag":[],"serie":[],"manual-de-instalacion":[],"color":[34],"class_list":{"0":"post-873","1":"product","2":"type-product","3":"status-publish","4":"has-post-thumbnail","6":"product_cat-accesorios-2","7":"color-dorado-cepillado","9":"first","10":"instock","11":"taxable","12":"shipping-taxable","13":"product-type-variable"},"_links":{"self":[{"href":"https:\/\/www.valaz.es\/en\/wp-json\/wp\/v2\/product\/873","targetHints":{"allow":["GET"]}}],"collection":[{"href":"https:\/\/www.valaz.es\/en\/wp-json\/wp\/v2\/product"}],"about":[{"href":"https:\/\/www.valaz.es\/en\/wp-json\/wp\/v2\/types\/product"}],"wp:featuredmedia":[{"embeddable":true,"href":"https:\/\/www.valaz.es\/en\/wp-json\/wp\/v2\/media\/890"}],"wp:attachment":[{"href":"https:\/\/www.valaz.es\/en\/wp-json\/wp\/v2\/media?parent=873"}],"wp:term":[{"taxonomy":"product_brand","embeddable":true,"href":"https:\/\/www.valaz.es\/en\/wp-json\/wp\/v2\/product_brand?post=873"},{"taxonomy":"product_cat","embeddable":true,"href":"https:\/\/www.valaz.es\/en\/wp-json\/wp\/v2\/product_cat?post=873"},{"taxonomy":"product_tag","embeddable":true,"href":"https:\/\/www.valaz.es\/en\/wp-json\/wp\/v2\/product_tag?post=873"},{"taxonomy":"serie","embeddable":true,"href":"https:\/\/www.valaz.es\/en\/wp-json\/wp\/v2\/serie?post=873"},{"taxonomy":"manual-de-instalacion","embeddable":true,"href":"https:\/\/www.valaz.es\/en\/wp-json\/wp\/v2\/manual-de-instalacion?post=873"},{"taxonomy":"color","embeddable":true,"href":"https:\/\/www.valaz.es\/en\/wp-json\/wp\/v2\/color?post=873"}],"curies":[{"name":"wp","href":"https:\/\/api.w.org\/{rel}","templated":true}]}}