{"id":866,"date":"2022-11-14T17:10:21","date_gmt":"2022-11-14T16:10:21","guid":{"rendered":"https:\/\/www.valaz.es\/?post_type=product&#038;p=866"},"modified":"2025-12-12T18:56:16","modified_gmt":"2025-12-12T17:56:16","slug":"accesorios-de-bano-en-negro-mate-toallero-30cm-percha-portarollos","status":"publish","type":"product","link":"https:\/\/www.valaz.es\/en\/product\/accesorios-de-bano-en-negro-mate-toallero-30cm-percha-portarollos\/","title":{"rendered":"Accesorios de ba\u00f1o en negro mate Toallero 30cm+ Percha+ Portarollos"},"content":{"rendered":"<p class=\"\" data-start=\"79\" data-end=\"560\">Este set de accesorios de ba\u00f1o en negro mate combina estilo moderno con funcionalidad, ofreciendo una est\u00e9tica elegante y minimalista para cualquier ba\u00f1o. El acabado en negro mate aporta un toque contempor\u00e1neo y sofisticado, adem\u00e1s de ser resistente y f\u00e1cil de limpiar. Ideal para ba\u00f1os modernos o de estilo industrial, el set incluye un toallero de 30 cm, una percha y un portarollos, todos con un dise\u00f1o moderno que optimiza el espacio sin sacrificar el estilo.<\/p>\n<p class=\"\" data-start=\"562\" data-end=\"584\"><strong data-start=\"562\" data-end=\"582\">Especificaciones<\/strong><\/p>\n<ul data-start=\"585\" data-end=\"1324\">\n<li class=\"\" data-start=\"585\" data-end=\"719\">\n<p class=\"\" data-start=\"587\" data-end=\"719\"><strong data-start=\"587\" data-end=\"599\">Acabado:<\/strong> Negro mate, que proporciona un aspecto moderno y sofisticado, resistente a las huellas dactilares y f\u00e1cil de mantener<\/p>\n<\/li>\n<li class=\"\" data-start=\"720\" data-end=\"869\">\n<p class=\"\" data-start=\"722\" data-end=\"869\"><strong data-start=\"722\" data-end=\"733\">Dise\u00f1o:<\/strong> Contempor\u00e1neo y funcional, con l\u00edneas simples y limpias que se adaptan perfectamente a cualquier ba\u00f1o de estilo moderno o minimalista<\/p>\n<\/li>\n<li class=\"\" data-start=\"870\" data-end=\"986\">\n<p class=\"\" data-start=\"872\" data-end=\"986\"><strong data-start=\"872\" data-end=\"885\">Material:<\/strong> Fabricado en acero inoxidable de alta calidad, resistente a la corrosi\u00f3n y con una larga vida \u00fatil<\/p>\n<\/li>\n<li class=\"\" data-start=\"987\" data-end=\"1324\">\n<p class=\"\" data-start=\"989\" data-end=\"1003\"><strong data-start=\"989\" data-end=\"1001\">Incluye:<\/strong><\/p>\n<ul data-start=\"1006\" data-end=\"1324\">\n<li class=\"\" data-start=\"1006\" data-end=\"1115\">\n<p class=\"\" data-start=\"1008\" data-end=\"1115\"><strong data-start=\"1008\" data-end=\"1027\">Toallero 30 cm:<\/strong> Perfecto para toallas de mano o peque\u00f1as, dise\u00f1ado para organizar y estilizar tu ba\u00f1o<\/p>\n<\/li>\n<li class=\"\" data-start=\"1118\" data-end=\"1214\">\n<p class=\"\" data-start=\"1120\" data-end=\"1214\"><strong data-start=\"1120\" data-end=\"1131\">Percha:<\/strong> Ideal para colgar toallas adicionales o prendas, manteniendo el espacio ordenado<\/p>\n<\/li>\n<li class=\"\" data-start=\"1217\" data-end=\"1324\">\n<p class=\"\" data-start=\"1219\" data-end=\"1324\"><strong data-start=\"1219\" data-end=\"1236\">Portarrollos:<\/strong> Funcional y de dise\u00f1o moderno, mantiene el papel higi\u00e9nico a mano de forma estilizada<\/p>\n<\/li>\n<\/ul>\n<\/li>\n<\/ul>\n","protected":false},"excerpt":{"rendered":"<p>Este set de accesorios de ba\u00f1o en negro mate combina  [&#8230;]<\/p>\n","protected":false},"featured_media":891,"template":"","meta":[],"product_brand":[],"product_cat":[388],"product_tag":[],"serie":[],"manual-de-instalacion":[],"color":[27],"class_list":{"0":"post-866","1":"product","2":"type-product","3":"status-publish","4":"has-post-thumbnail","6":"product_cat-accesorios-2","7":"color-negro-mate","9":"first","10":"instock","11":"taxable","12":"shipping-taxable","13":"product-type-variable"},"_links":{"self":[{"href":"https:\/\/www.valaz.es\/en\/wp-json\/wp\/v2\/product\/866","targetHints":{"allow":["GET"]}}],"collection":[{"href":"https:\/\/www.valaz.es\/en\/wp-json\/wp\/v2\/product"}],"about":[{"href":"https:\/\/www.valaz.es\/en\/wp-json\/wp\/v2\/types\/product"}],"wp:featuredmedia":[{"embeddable":true,"href":"https:\/\/www.valaz.es\/en\/wp-json\/wp\/v2\/media\/891"}],"wp:attachment":[{"href":"https:\/\/www.valaz.es\/en\/wp-json\/wp\/v2\/media?parent=866"}],"wp:term":[{"taxonomy":"product_brand","embeddable":true,"href":"https:\/\/www.valaz.es\/en\/wp-json\/wp\/v2\/product_brand?post=866"},{"taxonomy":"product_cat","embeddable":true,"href":"https:\/\/www.valaz.es\/en\/wp-json\/wp\/v2\/product_cat?post=866"},{"taxonomy":"product_tag","embeddable":true,"href":"https:\/\/www.valaz.es\/en\/wp-json\/wp\/v2\/product_tag?post=866"},{"taxonomy":"serie","embeddable":true,"href":"https:\/\/www.valaz.es\/en\/wp-json\/wp\/v2\/serie?post=866"},{"taxonomy":"manual-de-instalacion","embeddable":true,"href":"https:\/\/www.valaz.es\/en\/wp-json\/wp\/v2\/manual-de-instalacion?post=866"},{"taxonomy":"color","embeddable":true,"href":"https:\/\/www.valaz.es\/en\/wp-json\/wp\/v2\/color?post=866"}],"curies":[{"name":"wp","href":"https:\/\/api.w.org\/{rel}","templated":true}]}}