{"id":865,"date":"2022-11-14T17:07:45","date_gmt":"2022-11-14T16:07:45","guid":{"rendered":"https:\/\/www.valaz.es\/?post_type=product&#038;p=865"},"modified":"2026-01-21T11:23:07","modified_gmt":"2026-01-21T10:23:07","slug":"accesorios-de-bano-en-cromado-toallero-percha-portarollos","status":"publish","type":"product","link":"https:\/\/www.valaz.es\/en\/product\/accesorios-de-bano-en-cromado-toallero-percha-portarollos\/","title":{"rendered":"Accesorios de ba\u00f1o en cromado Toallero 30cm + Percha+ Portarollos"},"content":{"rendered":"<p class=\"\" data-start=\"76\" data-end=\"592\">Este elegante set de accesorios de ba\u00f1o en acabado cromado es la elecci\u00f3n perfecta para quienes buscan combinar funcionalidad y estilo en su espacio. El brillante acabado cromado no solo aporta un toque de sofisticaci\u00f3n y luminosidad, sino que tambi\u00e9n ofrece una excelente resistencia a la corrosi\u00f3n, garantizando una larga durabilidad. Este set incluye un toallero de 30 cm, una percha y un portarollos, cada uno dise\u00f1ado para optimizar el espacio y mantener tu ba\u00f1o organizado de manera elegante.<\/p>\n<p class=\"\" data-start=\"594\" data-end=\"616\"><strong data-start=\"594\" data-end=\"614\">Especificaciones<\/strong><\/p>\n<ul data-start=\"617\" data-end=\"1365\">\n<li class=\"\" data-start=\"617\" data-end=\"709\">\n<p class=\"\" data-start=\"619\" data-end=\"709\"><strong data-start=\"619\" data-end=\"631\">Acabado:<\/strong> Cromado, con un brillo que aporta luminosidad y un aspecto pulido y moderno<\/p>\n<\/li>\n<li class=\"\" data-start=\"710\" data-end=\"843\">\n<p class=\"\" data-start=\"712\" data-end=\"843\"><strong data-start=\"712\" data-end=\"723\">Dise\u00f1o:<\/strong> Contempor\u00e1neo y limpio, ideal para integrarse con facilidad en ba\u00f1os de cualquier estilo, desde cl\u00e1sico hasta moderno<\/p>\n<\/li>\n<li class=\"\" data-start=\"844\" data-end=\"983\">\n<p class=\"\" data-start=\"846\" data-end=\"983\"><strong data-start=\"846\" data-end=\"859\">Material:<\/strong> Hecho de acero inoxidable de alta calidad, resistente al desgaste y la corrosi\u00f3n, con un acabado que facilita la limpieza<\/p>\n<\/li>\n<li class=\"\" data-start=\"984\" data-end=\"1365\">\n<p class=\"\" data-start=\"986\" data-end=\"1000\"><strong data-start=\"986\" data-end=\"998\">Incluye:<\/strong><\/p>\n<ul data-start=\"1003\" data-end=\"1365\">\n<li class=\"\" data-start=\"1003\" data-end=\"1118\">\n<p class=\"\" data-start=\"1005\" data-end=\"1118\"><strong data-start=\"1005\" data-end=\"1024\">Toallero 30 cm:<\/strong> Perfecto para colgar toallas de mano o toallas peque\u00f1as, aportando orden y estilo a tu ba\u00f1o<\/p>\n<\/li>\n<li class=\"\" data-start=\"1121\" data-end=\"1237\">\n<p class=\"\" data-start=\"1123\" data-end=\"1237\"><strong data-start=\"1123\" data-end=\"1134\">Percha:<\/strong> Ideal para colgar toallas adicionales, batas u otros objetos de ba\u00f1o, manteniendo tu ba\u00f1o organizado<\/p>\n<\/li>\n<li class=\"\" data-start=\"1240\" data-end=\"1365\">\n<p class=\"\" data-start=\"1242\" data-end=\"1365\"><strong data-start=\"1242\" data-end=\"1259\">Portarrollos:<\/strong> Funcional y elegante, dise\u00f1ado para mantener el papel higi\u00e9nico a mano con un dise\u00f1o discreto y moderno<\/p>\n<\/li>\n<\/ul>\n<\/li>\n<\/ul>\n","protected":false},"excerpt":{"rendered":"<p>Este elegante set de accesorios de ba\u00f1o en acabado cromado  [&#8230;]<\/p>\n","protected":false},"featured_media":888,"template":"","meta":[],"product_brand":[],"product_cat":[388],"product_tag":[],"serie":[],"manual-de-instalacion":[],"color":[26],"class_list":{"0":"post-865","1":"product","2":"type-product","3":"status-publish","4":"has-post-thumbnail","6":"product_cat-accesorios-2","7":"color-cromo","9":"first","10":"outofstock","11":"taxable","12":"shipping-taxable","13":"product-type-variable"},"_links":{"self":[{"href":"https:\/\/www.valaz.es\/en\/wp-json\/wp\/v2\/product\/865","targetHints":{"allow":["GET"]}}],"collection":[{"href":"https:\/\/www.valaz.es\/en\/wp-json\/wp\/v2\/product"}],"about":[{"href":"https:\/\/www.valaz.es\/en\/wp-json\/wp\/v2\/types\/product"}],"wp:featuredmedia":[{"embeddable":true,"href":"https:\/\/www.valaz.es\/en\/wp-json\/wp\/v2\/media\/888"}],"wp:attachment":[{"href":"https:\/\/www.valaz.es\/en\/wp-json\/wp\/v2\/media?parent=865"}],"wp:term":[{"taxonomy":"product_brand","embeddable":true,"href":"https:\/\/www.valaz.es\/en\/wp-json\/wp\/v2\/product_brand?post=865"},{"taxonomy":"product_cat","embeddable":true,"href":"https:\/\/www.valaz.es\/en\/wp-json\/wp\/v2\/product_cat?post=865"},{"taxonomy":"product_tag","embeddable":true,"href":"https:\/\/www.valaz.es\/en\/wp-json\/wp\/v2\/product_tag?post=865"},{"taxonomy":"serie","embeddable":true,"href":"https:\/\/www.valaz.es\/en\/wp-json\/wp\/v2\/serie?post=865"},{"taxonomy":"manual-de-instalacion","embeddable":true,"href":"https:\/\/www.valaz.es\/en\/wp-json\/wp\/v2\/manual-de-instalacion?post=865"},{"taxonomy":"color","embeddable":true,"href":"https:\/\/www.valaz.es\/en\/wp-json\/wp\/v2\/color?post=865"}],"curies":[{"name":"wp","href":"https:\/\/api.w.org\/{rel}","templated":true}]}}