{"id":862,"date":"2022-11-14T16:17:24","date_gmt":"2022-11-14T15:17:24","guid":{"rendered":"https:\/\/www.valaz.es\/?post_type=product&#038;p=862"},"modified":"2026-02-09T15:23:08","modified_gmt":"2026-02-09T14:23:08","slug":"grifo-de-lavabo-empotrado-redondo-bimando-negro-mate-con-cano-de-21cm-serie-nalon","status":"publish","type":"product","link":"https:\/\/www.valaz.es\/en\/product\/grifo-de-lavabo-empotrado-redondo-bimando-negro-mate-con-cano-de-21cm-serie-nalon\/","title":{"rendered":"Grifo de lavabo empotrado redondo bimando negro mate con ca\u00f1o de 21CM &#8211; Serie Nalon"},"content":{"rendered":"<p class=\"\" data-start=\"90\" data-end=\"499\">El grifo de lavabo empotrado de la Serie Nalon combina dise\u00f1o moderno y funcionalidad en un acabado negro mate, ideal para ba\u00f1os con un estilo contempor\u00e1neo. Su configuraci\u00f3n bimando te permite controlar de manera independiente el caudal de agua fr\u00eda y caliente, asegurando un ajuste perfecto para cada usuario. Con un ca\u00f1o de 21 cm, es ideal para obtener un flujo de agua adecuado y c\u00f3modo.<\/p>\n<p class=\"\" data-start=\"501\" data-end=\"523\"><strong data-start=\"501\" data-end=\"521\">Especificaciones<\/strong><\/p>\n<ul data-start=\"524\" data-end=\"1031\">\n<li class=\"\" data-start=\"524\" data-end=\"574\">\n<p class=\"\" data-start=\"526\" data-end=\"574\"><strong data-start=\"526\" data-end=\"544\">Tipo de grifo:<\/strong> Empotrado, redondo, bimando<\/p>\n<\/li>\n<li class=\"\" data-start=\"575\" data-end=\"674\">\n<p class=\"\" data-start=\"577\" data-end=\"674\"><strong data-start=\"577\" data-end=\"589\">Acabado:<\/strong> Negro mate, elegante y discreto, que se adapta perfectamente a interiores modernos<\/p>\n<\/li>\n<li class=\"\" data-start=\"675\" data-end=\"767\">\n<p class=\"\" data-start=\"677\" data-end=\"767\"><strong data-start=\"677\" data-end=\"686\">Ca\u00f1o:<\/strong> 21 cm de largo, dise\u00f1ado para proporcionar un flujo de agua c\u00f3modo y accesible<\/p>\n<\/li>\n<li class=\"\" data-start=\"768\" data-end=\"857\">\n<p class=\"\" data-start=\"770\" data-end=\"857\"><strong data-start=\"770\" data-end=\"783\">Material:<\/strong> Grifer\u00eda de lat\u00f3n de alta calidad, asegurando resistencia y durabilidad<\/p>\n<\/li>\n<li class=\"\" data-start=\"858\" data-end=\"938\">\n<p class=\"\" data-start=\"860\" data-end=\"938\"><strong data-start=\"860\" data-end=\"873\">Cartucho:<\/strong> Cer\u00e1mico para un control preciso de la temperatura y el caudal<\/p>\n<\/li>\n<li class=\"\" data-start=\"939\" data-end=\"1031\">\n<p class=\"\" data-start=\"941\" data-end=\"1031\"><strong data-start=\"941\" data-end=\"957\">Instalaci\u00f3n:<\/strong> Empotrado, ideal para maximizar el espacio y mantener una est\u00e9tica limpia<\/p>\n<\/li>\n<\/ul>\n","protected":false},"excerpt":{"rendered":"<p>Serie Nal\u00f3n destaca por los dos mandos, uno para lado del grifo ( agua fr\u00eda y agua caliente) para obtener la temperatura ideal y el caudal adecuado. Con acabados en cromado, dorado cepillado y negro mate y rosa. Disponemos de Grifo de lavabo empotrado y ducha empotrada<\/p>\n<p>La garant\u00eda de todos nuestros productos es de 3 a\u00f1os, para funcionamiento, duraci\u00f3n del esmaltado y anticorrosi\u00f3n.<\/p>\n<p>Recomendamos para un correcto mantenimiento de la grifer\u00eda y evitar el deterioro por el uso. Secar las gotas de agua con un pa\u00f1o suave despu\u00e9s del uso, evitando que se posen en la superficie y deterioran el acabado, no utilizar esponjas que puedan rayar la grifer\u00eda, utilizar limpiadores como vinagre limpieza, agua caliente y jab\u00f3n con ph neutro.<\/p>\n<p>&nbsp;<\/p>\n<p><strong>Nuestro departamento\u00a0t\u00e9cnico\u00a0dispone de\u00a0gu\u00edas\u00a0de todos los\u00a0modelos\u00a0empotrados\u00a0que vendemos<\/strong><strong>,\u00a0si tiene alguna duda con la\u00a0instalaci\u00f3n\u00a0contacte con nosotros mediante\u00a0tel\u00e9fono,\u00a0WhatsApp\u00a0o email dentro del horario laboral indicado en la web.<\/strong><\/p>\n<p><strong>Recuerden que una vez instalado el cuerpo\u00a0empotrado\u00a0de la\u00a0grifer\u00eda\u00a0revisar de su correcto funcionamiento de paso de agua, comprobaci\u00f3n de cartuchos y corte de agua, si detecta alguna\u00a0anomal\u00eda\u00a0informe a nuestro\u00a0departamento\u00a0para darle una\u00a0soluci\u00f3n, no\u00a0contin\u00fae\u00a0con la\u00a0instalaci\u00f3n\u00a0de cerramiento de la pared.<\/strong><\/p>\n","protected":false},"featured_media":20702,"template":"","meta":[],"product_brand":[],"product_cat":[48,58],"product_tag":[],"serie":[69],"manual-de-instalacion":[],"color":[27],"class_list":{"0":"post-862","1":"product","2":"type-product","3":"status-publish","4":"has-post-thumbnail","6":"product_cat-grifos-de-lavabo","7":"product_cat-grifos-de-lavabo-empotrados","8":"serie-nalon","9":"color-negro-mate","11":"first","12":"instock","13":"taxable","14":"shipping-taxable","15":"product-type-simple"},"_links":{"self":[{"href":"https:\/\/www.valaz.es\/en\/wp-json\/wp\/v2\/product\/862","targetHints":{"allow":["GET"]}}],"collection":[{"href":"https:\/\/www.valaz.es\/en\/wp-json\/wp\/v2\/product"}],"about":[{"href":"https:\/\/www.valaz.es\/en\/wp-json\/wp\/v2\/types\/product"}],"wp:featuredmedia":[{"embeddable":true,"href":"https:\/\/www.valaz.es\/en\/wp-json\/wp\/v2\/media\/20702"}],"wp:attachment":[{"href":"https:\/\/www.valaz.es\/en\/wp-json\/wp\/v2\/media?parent=862"}],"wp:term":[{"taxonomy":"product_brand","embeddable":true,"href":"https:\/\/www.valaz.es\/en\/wp-json\/wp\/v2\/product_brand?post=862"},{"taxonomy":"product_cat","embeddable":true,"href":"https:\/\/www.valaz.es\/en\/wp-json\/wp\/v2\/product_cat?post=862"},{"taxonomy":"product_tag","embeddable":true,"href":"https:\/\/www.valaz.es\/en\/wp-json\/wp\/v2\/product_tag?post=862"},{"taxonomy":"serie","embeddable":true,"href":"https:\/\/www.valaz.es\/en\/wp-json\/wp\/v2\/serie?post=862"},{"taxonomy":"manual-de-instalacion","embeddable":true,"href":"https:\/\/www.valaz.es\/en\/wp-json\/wp\/v2\/manual-de-instalacion?post=862"},{"taxonomy":"color","embeddable":true,"href":"https:\/\/www.valaz.es\/en\/wp-json\/wp\/v2\/color?post=862"}],"curies":[{"name":"wp","href":"https:\/\/api.w.org\/{rel}","templated":true}]}}