{"id":861,"date":"2022-11-14T16:15:30","date_gmt":"2022-11-14T15:15:30","guid":{"rendered":"https:\/\/www.valaz.es\/?post_type=product&#038;p=861"},"modified":"2025-09-04T13:22:50","modified_gmt":"2025-09-04T11:22:50","slug":"grifo-de-lavabo-empotrado-redondo-bimando-cromado-con-cano-de-21cm-serie-nalon","status":"publish","type":"product","link":"https:\/\/www.valaz.es\/en\/product\/grifo-de-lavabo-empotrado-redondo-bimando-cromado-con-cano-de-21cm-serie-nalon\/","title":{"rendered":"Grifo de lavabo empotrado redondo bimando cromado con ca\u00f1o de 21CM &#8211; Serie Nalon"},"content":{"rendered":"<p class=\"\" data-start=\"87\" data-end=\"462\">El grifo de lavabo empotrado de la Serie Nalon en acabado cromado es la opci\u00f3n ideal para quienes buscan un dise\u00f1o cl\u00e1sico con un toque moderno. Su configuraci\u00f3n bimando permite ajustar de forma independiente la temperatura y el caudal de agua, brindando una experiencia de uso personalizada. Con un ca\u00f1o de 21 cm, ofrece comodidad y elegancia en tu lavabo.<\/p>\n<p class=\"\" data-start=\"464\" data-end=\"486\"><strong data-start=\"464\" data-end=\"484\">Especificaciones<\/strong><\/p>\n<ul data-start=\"487\" data-end=\"972\">\n<li class=\"\" data-start=\"487\" data-end=\"537\">\n<p class=\"\" data-start=\"489\" data-end=\"537\"><strong data-start=\"489\" data-end=\"507\">Tipo de grifo:<\/strong> Empotrado, redondo, bimando<\/p>\n<\/li>\n<li class=\"\" data-start=\"538\" data-end=\"647\">\n<p class=\"\" data-start=\"540\" data-end=\"647\"><strong data-start=\"540\" data-end=\"552\">Acabado:<\/strong> Cromado, que garantiza resistencia a la corrosi\u00f3n y mantiene un aspecto brillante y duradero<\/p>\n<\/li>\n<li class=\"\" data-start=\"648\" data-end=\"737\">\n<p class=\"\" data-start=\"650\" data-end=\"737\"><strong data-start=\"650\" data-end=\"659\">Ca\u00f1o:<\/strong> 21 cm de largo, proporcionando un flujo adecuado de agua para un uso c\u00f3modo<\/p>\n<\/li>\n<li class=\"\" data-start=\"738\" data-end=\"816\">\n<p class=\"\" data-start=\"740\" data-end=\"816\"><strong data-start=\"740\" data-end=\"753\">Material:<\/strong> Grifer\u00eda de lat\u00f3n de alta calidad para una mayor durabilidad<\/p>\n<\/li>\n<li class=\"\" data-start=\"817\" data-end=\"898\">\n<p class=\"\" data-start=\"819\" data-end=\"898\"><strong data-start=\"819\" data-end=\"832\">Cartucho:<\/strong> Cer\u00e1mico, asegurando un control preciso de temperatura y caudal<\/p>\n<\/li>\n<li class=\"\" data-start=\"899\" data-end=\"972\">\n<p class=\"\" data-start=\"901\" data-end=\"972\"><strong data-start=\"901\" data-end=\"917\">Instalaci\u00f3n:<\/strong> Empotrado, ideal para espacios modernos y minimalistas<\/p>\n<\/li>\n<\/ul>\n","protected":false},"excerpt":{"rendered":"<p>Serie Nal\u00f3n destaca por los dos mandos, uno para lado del grifo ( agua fr\u00eda y agua caliente) para obtener la temperatura ideal y el caudal adecuado. Con acabados en cromado, dorado cepillado y negro mate y rosa. Disponemos de Grifo de lavabo empotrado y ducha empotrada<\/p>\n<p>La garant\u00eda de todos nuestros productos es de 3 a\u00f1os, para funcionamiento, duraci\u00f3n del esmaltado y anticorrosi\u00f3n.<\/p>\n<p>Recomendamos para un correcto mantenimiento de la grifer\u00eda y evitar el deterioro por el uso. Secar las gotas de agua con un pa\u00f1o suave despu\u00e9s del uso, evitando que se posen en la superficie y deterioran el acabado, no utilizar esponjas que puedan rayar la grifer\u00eda, utilizar limpiadores como vinagre limpieza, agua caliente y jab\u00f3n con ph neutro.<\/p>\n<p>&nbsp;<\/p>\n<p><strong>Nuestro departamento\u00a0t\u00e9cnico\u00a0dispone de\u00a0gu\u00edas\u00a0de todos los\u00a0modelos\u00a0empotrados\u00a0que vendemos<\/strong><strong>,\u00a0si tiene alguna duda con la\u00a0instalaci\u00f3n\u00a0contacte con nosotros mediante\u00a0tel\u00e9fono,\u00a0WhatsApp\u00a0o email dentro del horario laboral indicado en la web.<\/strong><\/p>\n<p><strong>Recuerden que una vez instalado el cuerpo\u00a0empotrado\u00a0de la\u00a0grifer\u00eda\u00a0revisar de su correcto funcionamiento de paso de agua, comprobaci\u00f3n de cartuchos y corte de agua, si detecta alguna\u00a0anomal\u00eda\u00a0informe a nuestro\u00a0departamento\u00a0para darle una\u00a0soluci\u00f3n, no\u00a0contin\u00fae\u00a0con la\u00a0instalaci\u00f3n\u00a0de cerramiento de la pared.<\/strong><\/p>\n","protected":false},"featured_media":10172,"template":"","meta":[],"product_brand":[],"product_cat":[48,58],"product_tag":[],"serie":[69],"manual-de-instalacion":[],"color":[26],"class_list":{"0":"post-861","1":"product","2":"type-product","3":"status-publish","4":"has-post-thumbnail","6":"product_cat-grifos-de-lavabo","7":"product_cat-grifos-de-lavabo-empotrados","8":"serie-nalon","9":"color-cromo","11":"first","12":"instock","13":"taxable","14":"shipping-taxable","15":"product-type-simple"},"_links":{"self":[{"href":"https:\/\/www.valaz.es\/en\/wp-json\/wp\/v2\/product\/861","targetHints":{"allow":["GET"]}}],"collection":[{"href":"https:\/\/www.valaz.es\/en\/wp-json\/wp\/v2\/product"}],"about":[{"href":"https:\/\/www.valaz.es\/en\/wp-json\/wp\/v2\/types\/product"}],"wp:featuredmedia":[{"embeddable":true,"href":"https:\/\/www.valaz.es\/en\/wp-json\/wp\/v2\/media\/10172"}],"wp:attachment":[{"href":"https:\/\/www.valaz.es\/en\/wp-json\/wp\/v2\/media?parent=861"}],"wp:term":[{"taxonomy":"product_brand","embeddable":true,"href":"https:\/\/www.valaz.es\/en\/wp-json\/wp\/v2\/product_brand?post=861"},{"taxonomy":"product_cat","embeddable":true,"href":"https:\/\/www.valaz.es\/en\/wp-json\/wp\/v2\/product_cat?post=861"},{"taxonomy":"product_tag","embeddable":true,"href":"https:\/\/www.valaz.es\/en\/wp-json\/wp\/v2\/product_tag?post=861"},{"taxonomy":"serie","embeddable":true,"href":"https:\/\/www.valaz.es\/en\/wp-json\/wp\/v2\/serie?post=861"},{"taxonomy":"manual-de-instalacion","embeddable":true,"href":"https:\/\/www.valaz.es\/en\/wp-json\/wp\/v2\/manual-de-instalacion?post=861"},{"taxonomy":"color","embeddable":true,"href":"https:\/\/www.valaz.es\/en\/wp-json\/wp\/v2\/color?post=861"}],"curies":[{"name":"wp","href":"https:\/\/api.w.org\/{rel}","templated":true}]}}