{"id":859,"date":"2022-11-14T16:10:00","date_gmt":"2022-11-14T15:10:00","guid":{"rendered":"https:\/\/www.valaz.es\/?post_type=product&#038;p=859"},"modified":"2025-09-18T08:54:20","modified_gmt":"2025-09-18T06:54:20","slug":"ducha-empotrada-bimando-redonda-de-1-salida-via-dorado-cepillado-serie-nalon","status":"publish","type":"product","link":"https:\/\/www.valaz.es\/en\/product\/ducha-empotrada-bimando-redonda-de-1-salida-via-dorado-cepillado-serie-nalon\/","title":{"rendered":"Ducha empotrada bimando redonda de 1 salida\/v\u00eda dorado cepillado &#8211; Serie Nalon"},"content":{"rendered":"<div class=\"pb-left-column col-xs-12 col-sm-4 col-md-5\">\n<p class=\"\" data-start=\"84\" data-end=\"518\">La ducha empotrada bimando de la Serie Nalon en acabado dorado cepillado es la opci\u00f3n perfecta para quienes buscan un dise\u00f1o elegante y sofisticado. Su sistema de 1 salida\/v\u00eda con rociador de efecto lluvia ofrece una experiencia de ducha relajante. El control bimando de agua fr\u00eda y caliente permite ajustar la temperatura de manera precisa, mientras que su acabado dorado cepillado a\u00f1ade un toque de lujo a tu ba\u00f1o.<\/p>\n<p class=\"\" data-start=\"520\" data-end=\"542\"><strong data-start=\"520\" data-end=\"540\">Especificaciones<\/strong><\/p>\n<ul data-start=\"543\" data-end=\"1009\">\n<li class=\"\" data-start=\"543\" data-end=\"609\">\n<p class=\"\" data-start=\"545\" data-end=\"609\"><strong data-start=\"545\" data-end=\"563\">Tipo de ducha:<\/strong> Empotrada, redonda, bimando de 1 salida\/v\u00eda<\/p>\n<\/li>\n<li class=\"\" data-start=\"610\" data-end=\"666\">\n<p class=\"\" data-start=\"612\" data-end=\"666\"><strong data-start=\"612\" data-end=\"624\">Acabado:<\/strong> Dorado cepillado, resistente y elegante<\/p>\n<\/li>\n<li class=\"\" data-start=\"667\" data-end=\"751\">\n<p class=\"\" data-start=\"669\" data-end=\"751\"><strong data-start=\"669\" data-end=\"682\">Rociador:<\/strong> Disponible en tama\u00f1os de 20 cm, 25 cm y 30 cm, con soporte a pared<\/p>\n<\/li>\n<li class=\"\" data-start=\"752\" data-end=\"849\">\n<p class=\"\" data-start=\"754\" data-end=\"771\"><strong data-start=\"754\" data-end=\"769\">Materiales:<\/strong><\/p>\n<ul data-start=\"774\" data-end=\"849\">\n<li class=\"\" data-start=\"774\" data-end=\"808\">\n<p class=\"\" data-start=\"776\" data-end=\"808\"><strong data-start=\"776\" data-end=\"789\">Rociador:<\/strong> Acero inoxidable<\/p>\n<\/li>\n<li class=\"\" data-start=\"811\" data-end=\"849\">\n<p class=\"\" data-start=\"813\" data-end=\"849\"><strong data-start=\"813\" data-end=\"825\">Bimando:<\/strong> Lat\u00f3n de alta calidad<\/p>\n<\/li>\n<\/ul>\n<\/li>\n<\/ul>\n<\/div>\n","protected":false},"excerpt":{"rendered":"<p>Serie Nal\u00f3n destaca por los dos mandos, uno para lado del grifo ( agua fr\u00eda y agua caliente) para obtener la temperatura ideal y el caudal adecuado. Con acabados en cromado, dorado cepillado y negro mate y rosa. Disponemos de Grifo de lavabo empotrado y ducha empotrada<\/p>\n<p>La garant\u00eda de todos nuestros productos es de 3 a\u00f1os, para funcionamiento, duraci\u00f3n del esmaltado y anticorrosi\u00f3n.<\/p>\n<p>Recomendamos para un correcto mantenimiento de la grifer\u00eda y evitar el deterioro por el uso. Secar las gotas de agua con un pa\u00f1o suave despu\u00e9s del uso, evitando que se posen en la superficie y deterioran el acabado, no utilizar esponjas que puedan rayar la grifer\u00eda, utilizar limpiadores como vinagre limpieza, agua caliente y jab\u00f3n con ph neutro.<\/p>\n<p>&nbsp;<\/p>\n<p><strong>Nuestro departamento\u00a0t\u00e9cnico\u00a0dispone de\u00a0gu\u00edas\u00a0de todos los\u00a0modelos\u00a0empotrados\u00a0que vendemos<\/strong><strong>,\u00a0si tiene alguna duda con la\u00a0instalaci\u00f3n\u00a0contacte con nosotros mediante\u00a0tel\u00e9fono,\u00a0WhatsApp\u00a0o email dentro del horario laboral indicado en la web.<\/strong><\/p>\n<p><strong>Recuerden que una vez instalado el cuerpo\u00a0empotrado\u00a0de la\u00a0grifer\u00eda\u00a0revisar de su correcto funcionamiento de paso de agua, comprobaci\u00f3n de cartuchos y corte de agua, si detecta alguna\u00a0anomal\u00eda\u00a0informe a nuestro\u00a0departamento\u00a0para darle una\u00a0soluci\u00f3n, no\u00a0contin\u00fae\u00a0con la\u00a0instalaci\u00f3n\u00a0de cerramiento de la pared.<\/strong><\/p>\n","protected":false},"featured_media":868,"template":"","meta":[],"product_brand":[],"product_cat":[57,47],"product_tag":[],"serie":[69],"manual-de-instalacion":[87],"color":[34],"class_list":{"0":"post-859","1":"product","2":"type-product","3":"status-publish","4":"has-post-thumbnail","6":"product_cat-duchas-empotradas","7":"product_cat-duchas","8":"pa_tamano-rociador-20cm","9":"pa_tamano-rociador-25cm","10":"pa_tamano-rociador-30cm","11":"serie-nalon","12":"manual-de-instalacion-guia-instalacion-ducha-bimando","13":"color-dorado-cepillado","15":"first","16":"instock","17":"taxable","18":"shipping-taxable","19":"product-type-variable"},"_links":{"self":[{"href":"https:\/\/www.valaz.es\/en\/wp-json\/wp\/v2\/product\/859","targetHints":{"allow":["GET"]}}],"collection":[{"href":"https:\/\/www.valaz.es\/en\/wp-json\/wp\/v2\/product"}],"about":[{"href":"https:\/\/www.valaz.es\/en\/wp-json\/wp\/v2\/types\/product"}],"wp:featuredmedia":[{"embeddable":true,"href":"https:\/\/www.valaz.es\/en\/wp-json\/wp\/v2\/media\/868"}],"wp:attachment":[{"href":"https:\/\/www.valaz.es\/en\/wp-json\/wp\/v2\/media?parent=859"}],"wp:term":[{"taxonomy":"product_brand","embeddable":true,"href":"https:\/\/www.valaz.es\/en\/wp-json\/wp\/v2\/product_brand?post=859"},{"taxonomy":"product_cat","embeddable":true,"href":"https:\/\/www.valaz.es\/en\/wp-json\/wp\/v2\/product_cat?post=859"},{"taxonomy":"product_tag","embeddable":true,"href":"https:\/\/www.valaz.es\/en\/wp-json\/wp\/v2\/product_tag?post=859"},{"taxonomy":"serie","embeddable":true,"href":"https:\/\/www.valaz.es\/en\/wp-json\/wp\/v2\/serie?post=859"},{"taxonomy":"manual-de-instalacion","embeddable":true,"href":"https:\/\/www.valaz.es\/en\/wp-json\/wp\/v2\/manual-de-instalacion?post=859"},{"taxonomy":"color","embeddable":true,"href":"https:\/\/www.valaz.es\/en\/wp-json\/wp\/v2\/color?post=859"}],"curies":[{"name":"wp","href":"https:\/\/api.w.org\/{rel}","templated":true}]}}