{"id":853,"date":"2022-11-14T15:39:47","date_gmt":"2022-11-14T14:39:47","guid":{"rendered":"https:\/\/www.valaz.es\/?post_type=product&#038;p=853"},"modified":"2025-10-31T13:54:31","modified_gmt":"2025-10-31T12:54:31","slug":"grifo-de-lavabo-empotrado-cuadrado-cano-curvo-negro-mate-con-cano-21cm-serie-niagara","status":"publish","type":"product","link":"https:\/\/www.valaz.es\/en\/product\/grifo-de-lavabo-empotrado-cuadrado-cano-curvo-negro-mate-con-cano-21cm-serie-niagara\/","title":{"rendered":"Grifo de lavabo empotrado cuadrado ca\u00f1o curvo negro mate con ca\u00f1o 21CM &#8211; Serie Niagara"},"content":{"rendered":"<p class=\"\" data-start=\"95\" data-end=\"493\">Este grifo de lavabo empotrado de la Serie Niagara combina un dise\u00f1o cuadrado moderno con un ca\u00f1o curvo elegante. Su acabado en negro mate ofrece un toque contempor\u00e1neo y sofisticado, ideal para ba\u00f1os de estilo minimalista o industrial. Con un ca\u00f1o de 21 cm, proporciona una mayor comodidad en el uso diario, facilitando el acceso al lavabo y brindando un flujo de agua eficiente.<\/p>\n<p class=\"\" data-start=\"495\" data-end=\"517\"><strong data-start=\"495\" data-end=\"515\">Especificaciones<\/strong><\/p>\n<ul data-start=\"518\" data-end=\"877\">\n<li class=\"\" data-start=\"518\" data-end=\"576\">\n<p class=\"\" data-start=\"520\" data-end=\"576\"><strong data-start=\"520\" data-end=\"538\">Tipo de grifo:<\/strong> Empotrado, cuadrado, con ca\u00f1o curvo<\/p>\n<\/li>\n<li class=\"\" data-start=\"577\" data-end=\"608\">\n<p class=\"\" data-start=\"579\" data-end=\"608\"><strong data-start=\"579\" data-end=\"588\">Ca\u00f1o:<\/strong> 21 cm de longitud<\/p>\n<\/li>\n<li class=\"\" data-start=\"609\" data-end=\"636\">\n<p class=\"\" data-start=\"611\" data-end=\"636\"><strong data-start=\"611\" data-end=\"623\">Acabado:<\/strong> Negro mate<\/p>\n<\/li>\n<li class=\"\" data-start=\"637\" data-end=\"734\">\n<p class=\"\" data-start=\"639\" data-end=\"656\"><strong data-start=\"639\" data-end=\"654\">Materiales:<\/strong><\/p>\n<ul data-start=\"659\" data-end=\"734\">\n<li class=\"\" data-start=\"659\" data-end=\"696\">\n<p class=\"\" data-start=\"661\" data-end=\"696\"><strong data-start=\"661\" data-end=\"672\">Cuerpo:<\/strong> Lat\u00f3n de alta calidad<\/p>\n<\/li>\n<li class=\"\" data-start=\"699\" data-end=\"734\">\n<p class=\"\" data-start=\"701\" data-end=\"734\"><strong data-start=\"701\" data-end=\"714\">Cartucho:<\/strong> Cer\u00e1mico de 35 mm<\/p>\n<\/li>\n<\/ul>\n<\/li>\n<li class=\"\" data-start=\"735\" data-end=\"803\">\n<p class=\"\" data-start=\"737\" data-end=\"803\"><strong data-start=\"737\" data-end=\"753\">Instalaci\u00f3n:<\/strong> Empotrado, para un acabado limpio y minimalista<\/p>\n<\/li>\n<li class=\"\" data-start=\"804\" data-end=\"877\">\n<p class=\"\" data-start=\"806\" data-end=\"877\"><strong data-start=\"806\" data-end=\"817\">Dise\u00f1o:<\/strong> Cuadrado con ca\u00f1o curvo para una est\u00e9tica \u00fanica y moderna<\/p>\n<\/li>\n<\/ul>\n","protected":false},"excerpt":{"rendered":"<p>Serie Niagara destaca por sus l\u00edneas cuadradas, es diferente ya que tiene un rociador con dos funciones cascada y lluvia, actualmente disponemos de dos acabados negro mate y cromado.\u00a0 Con ducha empotrada pared y grifo lavabo, la diferencia por caudal en forma de cascada.<\/p>\n<p>La garant\u00eda de todos nuestros productos es de 3 a\u00f1os, para funcionamiento, duraci\u00f3n del esmaltado y anticorrosi\u00f3n.<\/p>\n<p>Recomendamos para un correcto mantenimiento de la grifer\u00eda y evitar el deterioro por el uso. Secar las gotas de agua con un pa\u00f1o suave despu\u00e9s del uso, evitando que se posen en la superficie y deterioran el acabado, no utilizar esponjas que puedan rayar la grifer\u00eda, utilizar limpiadores como vinagre limpieza, agua caliente y jab\u00f3n con ph neutro.<\/p>\n<p>&nbsp;<\/p>\n<p><strong>Nuestro departamento\u00a0t\u00e9cnico\u00a0dispone de\u00a0gu\u00edas\u00a0de todos los\u00a0modelos\u00a0empotrados\u00a0que vendemos<\/strong><strong>,\u00a0si tiene alguna duda con la\u00a0instalaci\u00f3n\u00a0contacte con nosotros mediante\u00a0tel\u00e9fono,\u00a0WhatsApp\u00a0o email dentro del horario laboral indicado en la web.<\/strong><\/p>\n<p><strong>Recuerden que una vez instalado el cuerpo\u00a0empotrado\u00a0de la\u00a0grifer\u00eda\u00a0revisar de su correcto funcionamiento de paso de agua, comprobaci\u00f3n de cartuchos y corte de agua, si detecta alguna\u00a0anomal\u00eda\u00a0informe a nuestro\u00a0departamento\u00a0para darle una\u00a0soluci\u00f3n, no\u00a0contin\u00fae\u00a0con la\u00a0instalaci\u00f3n\u00a0de cerramiento de la pared.<\/strong><\/p>\n","protected":false},"featured_media":1032,"template":"","meta":[],"product_brand":[],"product_cat":[48,58],"product_tag":[],"serie":[68],"manual-de-instalacion":[80],"color":[27],"class_list":{"0":"post-853","1":"product","2":"type-product","3":"status-publish","4":"has-post-thumbnail","6":"product_cat-grifos-de-lavabo","7":"product_cat-grifos-de-lavabo-empotrados","8":"serie-niagara","9":"manual-de-instalacion-guia-instalacion-grifo-lavabo-empotrado-con-caja","10":"color-negro-mate","12":"first","13":"instock","14":"taxable","15":"shipping-taxable","16":"product-type-simple"},"_links":{"self":[{"href":"https:\/\/www.valaz.es\/en\/wp-json\/wp\/v2\/product\/853","targetHints":{"allow":["GET"]}}],"collection":[{"href":"https:\/\/www.valaz.es\/en\/wp-json\/wp\/v2\/product"}],"about":[{"href":"https:\/\/www.valaz.es\/en\/wp-json\/wp\/v2\/types\/product"}],"wp:featuredmedia":[{"embeddable":true,"href":"https:\/\/www.valaz.es\/en\/wp-json\/wp\/v2\/media\/1032"}],"wp:attachment":[{"href":"https:\/\/www.valaz.es\/en\/wp-json\/wp\/v2\/media?parent=853"}],"wp:term":[{"taxonomy":"product_brand","embeddable":true,"href":"https:\/\/www.valaz.es\/en\/wp-json\/wp\/v2\/product_brand?post=853"},{"taxonomy":"product_cat","embeddable":true,"href":"https:\/\/www.valaz.es\/en\/wp-json\/wp\/v2\/product_cat?post=853"},{"taxonomy":"product_tag","embeddable":true,"href":"https:\/\/www.valaz.es\/en\/wp-json\/wp\/v2\/product_tag?post=853"},{"taxonomy":"serie","embeddable":true,"href":"https:\/\/www.valaz.es\/en\/wp-json\/wp\/v2\/serie?post=853"},{"taxonomy":"manual-de-instalacion","embeddable":true,"href":"https:\/\/www.valaz.es\/en\/wp-json\/wp\/v2\/manual-de-instalacion?post=853"},{"taxonomy":"color","embeddable":true,"href":"https:\/\/www.valaz.es\/en\/wp-json\/wp\/v2\/color?post=853"}],"curies":[{"name":"wp","href":"https:\/\/api.w.org\/{rel}","templated":true}]}}