{"id":840,"date":"2022-11-14T15:28:39","date_gmt":"2022-11-14T14:28:39","guid":{"rendered":"https:\/\/www.valaz.es\/?post_type=product&#038;p=840"},"modified":"2026-03-31T18:23:07","modified_gmt":"2026-03-31T16:23:07","slug":"ducha-empotrada-monomando-cuadrada-cascada-y-lluvia-cromado-serie-niagara","status":"publish","type":"product","link":"https:\/\/www.valaz.es\/en\/product\/ducha-empotrada-monomando-cuadrada-cascada-y-lluvia-cromado-serie-niagara\/","title":{"rendered":"Ducha empotrada monomando cuadrada cascada y lluvia cromado &#8211; Serie Niagara"},"content":{"rendered":"<p class=\"\" data-start=\"81\" data-end=\"490\">La ducha empotrada monomando de la Serie Niagara en cromado ofrece un dise\u00f1o cuadrado y elegante que aporta un toque de modernidad a tu ba\u00f1o. Con sus tres funciones de salida de agua, esta ducha combina el efecto lluvia, cascada y la alcachofa de mano, brindando una experiencia personalizada y de lujo. Su acabado cromado y su robustez hacen de esta ducha una opci\u00f3n duradera y sofisticada.<\/p>\n<p class=\"\" data-start=\"492\" data-end=\"514\"><strong data-start=\"492\" data-end=\"512\">Especificaciones<\/strong><\/p>\n<ul data-start=\"515\" data-end=\"1189\">\n<li class=\"\" data-start=\"515\" data-end=\"563\">\n<p class=\"\" data-start=\"517\" data-end=\"563\"><strong data-start=\"517\" data-end=\"535\">Tipo de grifo:<\/strong> Ducha empotrada monomando<\/p>\n<\/li>\n<li class=\"\" data-start=\"564\" data-end=\"639\">\n<p class=\"\" data-start=\"566\" data-end=\"639\"><strong data-start=\"566\" data-end=\"585\">Salida de agua:<\/strong> 3 v\u00edas (efecto lluvia, cascada y alcachofa de mano)<\/p>\n<\/li>\n<li class=\"\" data-start=\"640\" data-end=\"664\">\n<p class=\"\" data-start=\"642\" data-end=\"664\"><strong data-start=\"642\" data-end=\"654\">Acabado:<\/strong> Cromado<\/p>\n<\/li>\n<li class=\"\" data-start=\"665\" data-end=\"831\">\n<p class=\"\" data-start=\"667\" data-end=\"684\"><strong data-start=\"667\" data-end=\"682\">Materiales:<\/strong><\/p>\n<ul data-start=\"687\" data-end=\"831\">\n<li class=\"\" data-start=\"687\" data-end=\"723\">\n<p class=\"\" data-start=\"689\" data-end=\"723\"><strong data-start=\"689\" data-end=\"715\">Cuerpo de la grifer\u00eda:<\/strong> Lat\u00f3n<\/p>\n<\/li>\n<li class=\"\" data-start=\"795\" data-end=\"867\">\n<p class=\"\" data-start=\"797\" data-end=\"867\"><strong data-start=\"797\" data-end=\"848\">Rociador: <\/strong>Acero inoxidable<\/p>\n<\/li>\n<li class=\"\" data-start=\"795\" data-end=\"867\">\n<p class=\"\" data-start=\"797\" data-end=\"867\"><strong data-start=\"797\" data-end=\"848\">Flexo:<\/strong> PVC<\/p>\n<\/li>\n<li class=\"\" data-start=\"870\" data-end=\"900\">\n<p class=\"\" data-start=\"872\" data-end=\"900\"><strong data-start=\"872\" data-end=\"894\">Alcachofa de mano:<\/strong> Lat\u00f3n<\/p>\n<\/li>\n<\/ul>\n<\/li>\n<li class=\"\" data-start=\"832\" data-end=\"1044\">\n<p class=\"\" data-start=\"834\" data-end=\"848\"><strong data-start=\"834\" data-end=\"846\">Incluye:<\/strong><\/p>\n<ul data-start=\"851\" data-end=\"1044\">\n<li class=\"\" data-start=\"851\" data-end=\"881\">\n<p class=\"\" data-start=\"853\" data-end=\"881\">Caja box empotrado monomando 3 v\u00edas<\/p>\n<\/li>\n<li class=\"\" data-start=\"884\" data-end=\"904\">\n<p class=\"\" data-start=\"886\" data-end=\"904\">Soporte rociador<\/p>\n<\/li>\n<li class=\"\" data-start=\"907\" data-end=\"948\">\n<p class=\"\" data-start=\"909\" data-end=\"948\">Rociador especial de cascada y lluvia<\/p>\n<\/li>\n<li class=\"\" data-start=\"951\" data-end=\"998\">\n<p class=\"\" data-start=\"953\" data-end=\"998\">Salida de agua\/soporte de alcachofa de mano<\/p>\n<\/li>\n<li class=\"\" data-start=\"1001\" data-end=\"1020\">\n<p class=\"\" data-start=\"1003\" data-end=\"1020\">Flexo de 150 cm<\/p>\n<\/li>\n<li class=\"\" data-start=\"1023\" data-end=\"1044\">\n<p class=\"\" data-start=\"1025\" data-end=\"1044\">Alcachofa de mano<\/p>\n<\/li>\n<\/ul>\n<\/li>\n<\/ul>\n","protected":false},"excerpt":{"rendered":"<p>Serie Niagara destaca por sus l\u00edneas cuadradas, es diferente ya que tiene un rociador con dos funciones cascada y lluvia, actualmente disponemos de dos acabados negro mate y cromado.\u00a0 Con ducha empotrada pared y grifo lavabo, la diferencia por caudal en forma de cascada.<\/p>\n<p>La garant\u00eda de todos nuestros productos es de 3 a\u00f1os, para funcionamiento, duraci\u00f3n del esmaltado y anticorrosi\u00f3n.<\/p>\n<p>Recomendamos para un correcto mantenimiento de la grifer\u00eda y evitar el deterioro por el uso. Secar las gotas de agua con un pa\u00f1o suave despu\u00e9s del uso, evitando que se posen en la superficie y deterioran el acabado, no utilizar esponjas que puedan rayar la grifer\u00eda, utilizar limpiadores como vinagre limpieza, agua caliente y jab\u00f3n con ph neutro.<\/p>\n<p>&nbsp;<\/p>\n<p><strong>Nuestro departamento\u00a0t\u00e9cnico\u00a0dispone de\u00a0gu\u00edas\u00a0de todos los\u00a0modelos\u00a0empotrados\u00a0que vendemos<\/strong><strong>,\u00a0si tiene alguna duda con la\u00a0instalaci\u00f3n\u00a0contacte con nosotros mediante\u00a0tel\u00e9fono,\u00a0WhatsApp\u00a0o email dentro del horario laboral indicado en la web.<\/strong><\/p>\n<p><strong>Recuerden que una vez instalado el cuerpo\u00a0empotrado\u00a0de la\u00a0grifer\u00eda\u00a0revisar de su correcto funcionamiento de paso de agua, comprobaci\u00f3n de cartuchos y corte de agua, si detecta alguna\u00a0anomal\u00eda\u00a0informe a nuestro\u00a0departamento\u00a0para darle una\u00a0soluci\u00f3n, no\u00a0contin\u00fae\u00a0con la\u00a0instalaci\u00f3n\u00a0de cerramiento de la pared.<\/strong><\/p>\n","protected":false},"featured_media":842,"template":"","meta":[],"product_brand":[],"product_cat":[57,47],"product_tag":[],"serie":[68],"manual-de-instalacion":[352],"color":[26],"class_list":{"0":"post-840","1":"product","2":"type-product","3":"status-publish","4":"has-post-thumbnail","6":"product_cat-duchas-empotradas","7":"product_cat-duchas","8":"serie-niagara","9":"manual-de-instalacion-guia-instalacion-ducha-empotrada-monomando-cascada","10":"color-cromo","12":"first","13":"instock","14":"taxable","15":"shipping-taxable","16":"product-type-simple"},"_links":{"self":[{"href":"https:\/\/www.valaz.es\/en\/wp-json\/wp\/v2\/product\/840","targetHints":{"allow":["GET"]}}],"collection":[{"href":"https:\/\/www.valaz.es\/en\/wp-json\/wp\/v2\/product"}],"about":[{"href":"https:\/\/www.valaz.es\/en\/wp-json\/wp\/v2\/types\/product"}],"wp:featuredmedia":[{"embeddable":true,"href":"https:\/\/www.valaz.es\/en\/wp-json\/wp\/v2\/media\/842"}],"wp:attachment":[{"href":"https:\/\/www.valaz.es\/en\/wp-json\/wp\/v2\/media?parent=840"}],"wp:term":[{"taxonomy":"product_brand","embeddable":true,"href":"https:\/\/www.valaz.es\/en\/wp-json\/wp\/v2\/product_brand?post=840"},{"taxonomy":"product_cat","embeddable":true,"href":"https:\/\/www.valaz.es\/en\/wp-json\/wp\/v2\/product_cat?post=840"},{"taxonomy":"product_tag","embeddable":true,"href":"https:\/\/www.valaz.es\/en\/wp-json\/wp\/v2\/product_tag?post=840"},{"taxonomy":"serie","embeddable":true,"href":"https:\/\/www.valaz.es\/en\/wp-json\/wp\/v2\/serie?post=840"},{"taxonomy":"manual-de-instalacion","embeddable":true,"href":"https:\/\/www.valaz.es\/en\/wp-json\/wp\/v2\/manual-de-instalacion?post=840"},{"taxonomy":"color","embeddable":true,"href":"https:\/\/www.valaz.es\/en\/wp-json\/wp\/v2\/color?post=840"}],"curies":[{"name":"wp","href":"https:\/\/api.w.org\/{rel}","templated":true}]}}