{"id":839,"date":"2022-11-14T13:53:36","date_gmt":"2022-11-14T12:53:36","guid":{"rendered":"https:\/\/www.valaz.es\/?post_type=product&#038;p=839"},"modified":"2026-04-15T12:58:25","modified_gmt":"2026-04-15T10:58:25","slug":"ducha-encastrada-monomando-a-ras-techo-cuadrada-negro-mate-serie-mino","status":"publish","type":"product","link":"https:\/\/www.valaz.es\/en\/product\/ducha-encastrada-monomando-a-ras-techo-cuadrada-negro-mate-serie-mino\/","title":{"rendered":"Ducha encastrada monomando a ras techo cuadrada negro mate &#8211; Serie Mi\u00f1o"},"content":{"rendered":"<p class=\"\" data-start=\"77\" data-end=\"521\">La ducha encastrada monomando a ras techo de la Serie Mi\u00f1o en acabado negro mate ofrece un dise\u00f1o minimalista y elegante, ideal para ba\u00f1os modernos. Su instalaci\u00f3n a ras de techo aporta un toque limpio y sofisticado, mientras que el acabado negro mate le confiere un estilo \u00fanico. La funcionalidad de su monomando hace que el ajuste de temperatura y flujo sea sencillo y preciso, brindando una experiencia de ducha de calidad.<\/p>\n<p class=\"\" data-start=\"523\" data-end=\"545\"><strong data-start=\"523\" data-end=\"543\">Especificaciones<\/strong><\/p>\n<ul data-start=\"546\" data-end=\"1097\">\n<li class=\"\" data-start=\"546\" data-end=\"607\">\n<p class=\"\" data-start=\"548\" data-end=\"607\"><strong data-start=\"548\" data-end=\"566\">Tipo de grifo:<\/strong> Ducha encastrada monomando a ras techo<\/p>\n<\/li>\n<li class=\"\" data-start=\"608\" data-end=\"635\">\n<p class=\"\" data-start=\"610\" data-end=\"635\"><strong data-start=\"610\" data-end=\"622\">Acabado:<\/strong> Negro mate<\/p>\n<\/li>\n<li class=\"\" data-start=\"636\" data-end=\"798\">\n<p class=\"\" data-start=\"638\" data-end=\"655\"><strong data-start=\"638\" data-end=\"653\">Materiales:<\/strong><\/p>\n<ul data-start=\"658\" data-end=\"798\">\n<li class=\"\" data-start=\"658\" data-end=\"694\">\n<p class=\"\" data-start=\"660\" data-end=\"694\"><strong data-start=\"660\" data-end=\"686\">Cuerpo de la grifer\u00eda:<\/strong> Lat\u00f3n<\/p>\n<\/li>\n<li class=\"\" data-start=\"697\" data-end=\"731\">\n<p class=\"\" data-start=\"699\" data-end=\"731\"><strong data-start=\"699\" data-end=\"712\">Rociador:<\/strong> Acero inoxidable<\/p>\n<\/li>\n<li class=\"\" data-start=\"734\" data-end=\"764\">\n<p class=\"\" data-start=\"736\" data-end=\"764\"><strong data-start=\"736\" data-end=\"758\">Alcachofa de mano:<\/strong> PVC<\/p>\n<\/li>\n<li class=\"\" data-start=\"767\" data-end=\"798\">\n<p class=\"\" data-start=\"769\" data-end=\"798\"><strong data-start=\"769\" data-end=\"779\">Flexo:<\/strong> PVC<\/p>\n<\/li>\n<\/ul>\n<\/li>\n<li class=\"\" data-start=\"799\" data-end=\"1040\">\n<p class=\"\" data-start=\"801\" data-end=\"815\"><strong data-start=\"801\" data-end=\"813\">Incluye:<\/strong><\/p>\n<ul data-start=\"818\" data-end=\"1040\">\n<li class=\"\" data-start=\"818\" data-end=\"848\">\n<p class=\"\" data-start=\"820\" data-end=\"848\">Empotrado monomando 2 v\u00edas<\/p>\n<\/li>\n<li class=\"\" data-start=\"851\" data-end=\"870\">\n<p class=\"\" data-start=\"853\" data-end=\"870\">Premarco a ras techo<\/p>\n<\/li>\n<li class=\"\" data-start=\"873\" data-end=\"959\">\n<p class=\"\" data-start=\"875\" data-end=\"959\">Rociador de tama\u00f1o disponible en 20&#215;20, 25&#215;25, 30&#215;30, 40&#215;40 cm con soporte a techo<\/p>\n<\/li>\n<li class=\"\" data-start=\"962\" data-end=\"994\">\n<p class=\"\" data-start=\"964\" data-end=\"994\">Soporte de alcachofa de mano<\/p>\n<\/li>\n<li class=\"\" data-start=\"997\" data-end=\"1016\">\n<p class=\"\" data-start=\"999\" data-end=\"1016\">Flexo de 150 cm<\/p>\n<\/li>\n<li class=\"\" data-start=\"1019\" data-end=\"1040\">\n<p class=\"\" data-start=\"1021\" data-end=\"1040\">Alcachofa de mano<\/p>\n<\/li>\n<\/ul>\n<\/li>\n<\/ul>\n","protected":false},"excerpt":{"rendered":"<p>&nbsp;<\/p>\n<p>Serie Mi\u00f1o con l\u00edneas redondas y acabados rectangulares se diferencia por tu empotrado de cuadrado y rectangular donde queda todo uniforme. Disponemos de acabados en cromado, dorado cepillado, negro mate tanto con soporte a pared como a ras del techo. Nuestro kit de ducha empotrado viene completo con caja box de 2 v\u00edas, marco o soporte a pared, rociador a elegir, salida de agua , soporte de alcachofa de mano y flexo.<\/p>\n<p>La garant\u00eda de todos nuestros productos es de 3 a\u00f1os, para funcionamiento, duraci\u00f3n del esmaltado y anticorrosi\u00f3n.<\/p>\n<p>Recomendamos para un correcto mantenimiento de la grifer\u00eda y evitar el deterioro por el uso. Secar las gotas de agua con un pa\u00f1o suave despu\u00e9s del uso, evitando que se posen en la superficie y deterioran el acabado, no utilizar esponjas que puedan rayar la grifer\u00eda, utilizar limpiadores como vinagre limpieza, agua caliente y jab\u00f3n con ph neutro.<\/p>\n<p>&nbsp;<\/p>\n<p><strong>Nuestro departamento\u00a0t\u00e9cnico\u00a0dispone de\u00a0gu\u00edas\u00a0de todos los\u00a0modelos\u00a0empotrados\u00a0que vendemos<\/strong><strong>,\u00a0si tiene alguna duda con la\u00a0instalaci\u00f3n\u00a0contacte con nosotros mediante\u00a0tel\u00e9fono,\u00a0WhatsApp\u00a0o email dentro del horario laboral indicado en la web.<\/strong><\/p>\n<p><strong>Recuerden que una vez instalado el cuerpo\u00a0empotrado\u00a0de la\u00a0grifer\u00eda\u00a0revisar de su correcto funcionamiento de paso de agua, comprobaci\u00f3n de cartuchos y corte de agua, si detecta alguna\u00a0anomal\u00eda\u00a0informe a nuestro\u00a0departamento\u00a0para darle una\u00a0soluci\u00f3n, no\u00a0contin\u00fae\u00a0con la\u00a0instalaci\u00f3n\u00a0de cerramiento de la pared.<\/strong><\/p>\n","protected":false},"featured_media":887,"template":"","meta":[],"product_brand":[],"product_cat":[57,47],"product_tag":[],"serie":[67],"manual-de-instalacion":[86],"color":[27],"class_list":{"0":"post-839","1":"product","2":"type-product","3":"status-publish","4":"has-post-thumbnail","6":"product_cat-duchas-empotradas","7":"product_cat-duchas","8":"pa_tamano-rociador-30cm","9":"pa_tamano-rociador-40cm","10":"serie-mino","11":"manual-de-instalacion-guia-instalacion-ducha-ras","12":"color-negro-mate","14":"first","15":"instock","16":"taxable","17":"shipping-taxable","18":"product-type-variable"},"_links":{"self":[{"href":"https:\/\/www.valaz.es\/en\/wp-json\/wp\/v2\/product\/839","targetHints":{"allow":["GET"]}}],"collection":[{"href":"https:\/\/www.valaz.es\/en\/wp-json\/wp\/v2\/product"}],"about":[{"href":"https:\/\/www.valaz.es\/en\/wp-json\/wp\/v2\/types\/product"}],"wp:featuredmedia":[{"embeddable":true,"href":"https:\/\/www.valaz.es\/en\/wp-json\/wp\/v2\/media\/887"}],"wp:attachment":[{"href":"https:\/\/www.valaz.es\/en\/wp-json\/wp\/v2\/media?parent=839"}],"wp:term":[{"taxonomy":"product_brand","embeddable":true,"href":"https:\/\/www.valaz.es\/en\/wp-json\/wp\/v2\/product_brand?post=839"},{"taxonomy":"product_cat","embeddable":true,"href":"https:\/\/www.valaz.es\/en\/wp-json\/wp\/v2\/product_cat?post=839"},{"taxonomy":"product_tag","embeddable":true,"href":"https:\/\/www.valaz.es\/en\/wp-json\/wp\/v2\/product_tag?post=839"},{"taxonomy":"serie","embeddable":true,"href":"https:\/\/www.valaz.es\/en\/wp-json\/wp\/v2\/serie?post=839"},{"taxonomy":"manual-de-instalacion","embeddable":true,"href":"https:\/\/www.valaz.es\/en\/wp-json\/wp\/v2\/manual-de-instalacion?post=839"},{"taxonomy":"color","embeddable":true,"href":"https:\/\/www.valaz.es\/en\/wp-json\/wp\/v2\/color?post=839"}],"curies":[{"name":"wp","href":"https:\/\/api.w.org\/{rel}","templated":true}]}}